{"id":198466,"date":"2025-03-22T16:04:50","date_gmt":"2025-03-22T16:04:50","guid":{"rendered":"https:\/\/aromasentia.com\/product\/bw-double-cotton-bedspread-wall-hanging-lotus-flower\/"},"modified":"2025-06-22T03:11:45","modified_gmt":"2025-06-22T03:11:45","slug":"bw-dobbelt-bomuld-sengetaeppe-vaegophaeng-lotusblomst","status":"publish","type":"product","link":"https:\/\/aromasentia.com\/da\/bw-dobbelt-bomuld-sengetaeppe-vaegophaeng-lotusblomst\/","title":{"rendered":"B&#038;W Dobbelt Bomuld Senget\u00e6ppe + V\u00e6goph\u00e6ng &#8211; Lotusblomst"},"content":{"rendered":"<p>Dette Aroma Sentia-pyntende **sort-hvide** dobbelt senget\u00e6ppe i bomuld &#8211; Lotusblomst er et sandt kunstv\u00e6rk. Designet er fyldt med symbolske betydninger taget fra gamle indiske traditioner og er trykt i h\u00e5nden, s\u00e5 mindre ufuldkommenheder kan forekomme. M\u00e5 ikke forveksles med billige masseproducerede, maskintrykte varer.<\/p>\n<p>Disse designs er i sort-hvide farver, af h\u00f8j kvalitet og smukt designet.<\/p>\n<p>P\u00e5 grund af dets unikke og h\u00e5ndlavede natur kan m\u00e5lene variere en smule.<\/p>\n<p><strong>Materiale: 100% bomuld &#8211; Lavet i Indien<\/p>\n<p><strong>St\u00f8rrelse: H\u00f8jde: 230 cm, l\u00e6ngde: 200 cm.<\/p>\n","protected":false},"excerpt":{"rendered":"<p>Dette Aroma Sentia-pyntende **sort-hvide** dobbelt senget\u00e6ppe i bomuld &#8211; Lotusblomst er et sandt kunstv\u00e6rk. Designet er fyldt med symbolske betydninger taget fra gamle indiske traditioner og er trykt i h\u00e5nden, s\u00e5 mindre ufuldkommenheder kan forekomme. M\u00e5 ikke forveksles med billige masseproducerede, maskintrykte varer. Disse designs er i sort-hvide farver, af h\u00f8j kvalitet og smukt designet. [&hellip;]<\/p>\n","protected":false},"featured_media":360844,"comment_status":"closed","ping_status":"open","template":"","meta":{"_angie_page":false},"product_brand":[],"product_cat":[6350,6433],"product_tag":[],"class_list":{"0":"post-198466","1":"product","2":"type-product","3":"status-publish","4":"has-post-thumbnail","6":"product_cat-tekstiler","7":"product_cat-vaegdekorationer-og-vaegbeklaedning","8":"pa_collection-black-and-white-double-cotton-bedspread-da","9":"pa_made-in-indien","11":"first","12":"instock","13":"purchasable","14":"product-type-simple"},"supplier_id":null,"supplier_sku":"BWCB-05","barcode":null,"atum_controlled":true,"out_stock_date":null,"out_stock_threshold":null,"inheritable":false,"inbound_stock":null,"stock_on_hold":0,"sold_today":0,"sales_last_days":0,"reserved_stock":null,"customer_returns":null,"warehouse_damage":null,"lost_in_post":null,"other_logs":null,"out_stock_days":0,"lost_sales":0,"has_location":null,"update_date":"2026-04-27T06:55:53","atum_locations":[],"atum_stock_status":"instock","restock_status":false,"low_stock_amount":"","sales_update_date":"2026-02-06T00:01:21","calc_backorders":null,"_links":{"self":[{"href":"https:\/\/aromasentia.com\/da\/wp-json\/wp\/v2\/product\/198466","targetHints":{"allow":["GET"]}}],"collection":[{"href":"https:\/\/aromasentia.com\/da\/wp-json\/wp\/v2\/product"}],"about":[{"href":"https:\/\/aromasentia.com\/da\/wp-json\/wp\/v2\/types\/product"}],"replies":[{"embeddable":true,"href":"https:\/\/aromasentia.com\/da\/wp-json\/wp\/v2\/comments?post=198466"}],"version-history":[{"count":0,"href":"https:\/\/aromasentia.com\/da\/wp-json\/wp\/v2\/product\/198466\/revisions"}],"wp:featuredmedia":[{"embeddable":true,"href":"https:\/\/aromasentia.com\/da\/wp-json\/wp\/v2\/media\/360844"}],"wp:attachment":[{"href":"https:\/\/aromasentia.com\/da\/wp-json\/wp\/v2\/media?parent=198466"}],"wp:term":[{"taxonomy":"product_brand","embeddable":true,"href":"https:\/\/aromasentia.com\/da\/wp-json\/wp\/v2\/product_brand?post=198466"},{"taxonomy":"product_cat","embeddable":true,"href":"https:\/\/aromasentia.com\/da\/wp-json\/wp\/v2\/product_cat?post=198466"},{"taxonomy":"product_tag","embeddable":true,"href":"https:\/\/aromasentia.com\/da\/wp-json\/wp\/v2\/product_tag?post=198466"}],"curies":[{"name":"wp","href":"https:\/\/api.w.org\/{rel}","templated":true}]}}