{"id":198453,"date":"2025-03-22T16:04:50","date_gmt":"2025-03-22T16:04:50","guid":{"rendered":"https:\/\/aromasentia.com\/product\/chakra-drop-banner-rainbow-183x35cm\/"},"modified":"2025-06-22T03:11:38","modified_gmt":"2025-06-22T03:11:38","slug":"chakra-drop-banner-regnbue-183x35cm","status":"publish","type":"product","link":"https:\/\/aromasentia.com\/da\/chakra-drop-banner-regnbue-183x35cm\/","title":{"rendered":"Chakra Drop Banner &#8211; Regnbue 183X35cm"},"content":{"rendered":"<p>Fantastisk og smuk kunst skabt ved f\u00f8rst at tegne designet direkte p\u00e5 stoffet i varm voks, og derefter omhyggeligt fremstilles kunstv\u00e6rket ved hj\u00e6lp af naturlige farvestoffer.<\/p>\n<p>Senere str\u00e6kkes stoffet og solt\u00f8rres, efter at voksen er vasket ud, og det endelige design v\u00e6kkes til live med livlige, livlige farver.<\/p>\n<p>Skabt p\u00e5 \u00f8en Bali i den kunstneriske enklave Ubud. Denne batikv\u00e6gkunst er perfekt til at bringe positiv energi til ethvert rum.<\/p>\n","protected":false},"excerpt":{"rendered":"<p>Fantastisk og smuk kunst skabt ved f\u00f8rst at tegne designet direkte p\u00e5 stoffet i varm voks, og derefter omhyggeligt fremstilles kunstv\u00e6rket ved hj\u00e6lp af naturlige farvestoffer. Senere str\u00e6kkes stoffet og solt\u00f8rres, efter at voksen er vasket ud, og det endelige design v\u00e6kkes til live med livlige, livlige farver. Skabt p\u00e5 \u00f8en Bali i den kunstneriske [&hellip;]<\/p>\n","protected":false},"featured_media":360724,"comment_status":"closed","ping_status":"open","template":"","meta":{"_angie_page":false},"product_brand":[],"product_cat":[5591,6350,6433],"product_tag":[],"class_list":{"0":"post-198453","1":"product","2":"type-product","3":"status-publish","4":"has-post-thumbnail","6":"product_cat-hjem-og-have","7":"product_cat-tekstiler","8":"product_cat-vaegdekorationer-og-vaegbeklaedning","9":"pa_collection-bali-wax-batik-wall-hangings-da","10":"pa_made-in-indonesien","12":"first","13":"instock","14":"purchasable","15":"product-type-simple"},"supplier_id":null,"supplier_sku":"Bwax-13","barcode":null,"atum_controlled":true,"out_stock_date":null,"out_stock_threshold":null,"inheritable":false,"inbound_stock":null,"stock_on_hold":0,"sold_today":0,"sales_last_days":0,"reserved_stock":null,"customer_returns":null,"warehouse_damage":null,"lost_in_post":null,"other_logs":null,"out_stock_days":0,"lost_sales":0,"has_location":null,"update_date":"2026-04-27T06:55:48","atum_locations":[],"atum_stock_status":"instock","restock_status":false,"low_stock_amount":"","sales_update_date":"2025-10-09T03:27:03","calc_backorders":null,"_links":{"self":[{"href":"https:\/\/aromasentia.com\/da\/wp-json\/wp\/v2\/product\/198453","targetHints":{"allow":["GET"]}}],"collection":[{"href":"https:\/\/aromasentia.com\/da\/wp-json\/wp\/v2\/product"}],"about":[{"href":"https:\/\/aromasentia.com\/da\/wp-json\/wp\/v2\/types\/product"}],"replies":[{"embeddable":true,"href":"https:\/\/aromasentia.com\/da\/wp-json\/wp\/v2\/comments?post=198453"}],"version-history":[{"count":0,"href":"https:\/\/aromasentia.com\/da\/wp-json\/wp\/v2\/product\/198453\/revisions"}],"wp:featuredmedia":[{"embeddable":true,"href":"https:\/\/aromasentia.com\/da\/wp-json\/wp\/v2\/media\/360724"}],"wp:attachment":[{"href":"https:\/\/aromasentia.com\/da\/wp-json\/wp\/v2\/media?parent=198453"}],"wp:term":[{"taxonomy":"product_brand","embeddable":true,"href":"https:\/\/aromasentia.com\/da\/wp-json\/wp\/v2\/product_brand?post=198453"},{"taxonomy":"product_cat","embeddable":true,"href":"https:\/\/aromasentia.com\/da\/wp-json\/wp\/v2\/product_cat?post=198453"},{"taxonomy":"product_tag","embeddable":true,"href":"https:\/\/aromasentia.com\/da\/wp-json\/wp\/v2\/product_tag?post=198453"}],"curies":[{"name":"wp","href":"https:\/\/api.w.org\/{rel}","templated":true}]}}