{"id":198451,"date":"2025-03-22T16:04:50","date_gmt":"2025-03-22T16:04:50","guid":{"rendered":"https:\/\/aromasentia.com\/product\/flower-of-life-and-love-107x103cm\/"},"modified":"2025-06-22T03:11:37","modified_gmt":"2025-06-22T03:11:37","slug":"livets-og-kaerlighedens-blomst-107x103cm","status":"publish","type":"product","link":"https:\/\/aromasentia.com\/da\/livets-og-kaerlighedens-blomst-107x103cm\/","title":{"rendered":"Livets Og K\u00e6rlighedens Blomst 107X103cm"},"content":{"rendered":"<p>Tag et kig p\u00e5 vores fantastiske v\u00e6rdi Flower of Life and Love Wall Art vil v\u00e6re en fantastisk tilf\u00f8jelse til din butik. &nbsp;<\/p>\n<p>Denne fantastiske og smukt fremstillede kunst er skabt ved f\u00f8rst at tegne designet i varm voks direkte p\u00e5 stoffet, derefter ved hj\u00e6lp af naturlige farvestoffer er kunstv\u00e6rket omhyggeligt skabt. Senere str\u00e6kkes stoffet og solt\u00f8rres, og n\u00e5r voksen er vasket ud, kommer det endelige design til live med levende farver.<\/p>\n<p>Denne v\u00e6gkunst er skabt p\u00e5 \u00f8en Bali i den kunstneriske enklave Ubud og er perfekt til at bringe positiv energi ind i ethvert rum. Den vil v\u00e6re et smukt midtpunkt p\u00e5 en stuev\u00e6g, og dine kunder vil ikke kunne modst\u00e5 dens unikke charme.&nbsp;<\/p>\n<p>Bestil i dag for at tilf\u00f8je noget unik kunst til din butik.&nbsp;<\/p>\n","protected":false},"excerpt":{"rendered":"<p>Tag et kig p\u00e5 vores fantastiske v\u00e6rdi Flower of Life and Love Wall Art vil v\u00e6re en fantastisk tilf\u00f8jelse til din butik. &nbsp; Denne fantastiske og smukt fremstillede kunst er skabt ved f\u00f8rst at tegne designet i varm voks direkte p\u00e5 stoffet, derefter ved hj\u00e6lp af naturlige farvestoffer er kunstv\u00e6rket omhyggeligt skabt. Senere str\u00e6kkes stoffet [&hellip;]<\/p>\n","protected":false},"featured_media":360708,"comment_status":"closed","ping_status":"open","template":"","meta":{"_angie_page":false},"product_brand":[],"product_cat":[5591,6350,6433],"product_tag":[],"class_list":{"0":"post-198451","1":"product","2":"type-product","3":"status-publish","4":"has-post-thumbnail","6":"product_cat-hjem-og-have","7":"product_cat-tekstiler","8":"product_cat-vaegdekorationer-og-vaegbeklaedning","9":"pa_collection-bali-wax-batik-wall-hangings-da","10":"pa_made-in-indonesien","12":"first","13":"instock","14":"purchasable","15":"product-type-simple"},"supplier_id":null,"supplier_sku":"Bwax-10","barcode":null,"atum_controlled":true,"out_stock_date":null,"out_stock_threshold":null,"inheritable":false,"inbound_stock":null,"stock_on_hold":0,"sold_today":0,"sales_last_days":0,"reserved_stock":null,"customer_returns":null,"warehouse_damage":null,"lost_in_post":null,"other_logs":null,"out_stock_days":0,"lost_sales":0,"has_location":null,"update_date":"2026-04-27T06:55:48","atum_locations":[],"atum_stock_status":"instock","restock_status":false,"low_stock_amount":"","sales_update_date":"2026-01-30T01:25:24","calc_backorders":null,"_links":{"self":[{"href":"https:\/\/aromasentia.com\/da\/wp-json\/wp\/v2\/product\/198451","targetHints":{"allow":["GET"]}}],"collection":[{"href":"https:\/\/aromasentia.com\/da\/wp-json\/wp\/v2\/product"}],"about":[{"href":"https:\/\/aromasentia.com\/da\/wp-json\/wp\/v2\/types\/product"}],"replies":[{"embeddable":true,"href":"https:\/\/aromasentia.com\/da\/wp-json\/wp\/v2\/comments?post=198451"}],"version-history":[{"count":0,"href":"https:\/\/aromasentia.com\/da\/wp-json\/wp\/v2\/product\/198451\/revisions"}],"wp:featuredmedia":[{"embeddable":true,"href":"https:\/\/aromasentia.com\/da\/wp-json\/wp\/v2\/media\/360708"}],"wp:attachment":[{"href":"https:\/\/aromasentia.com\/da\/wp-json\/wp\/v2\/media?parent=198451"}],"wp:term":[{"taxonomy":"product_brand","embeddable":true,"href":"https:\/\/aromasentia.com\/da\/wp-json\/wp\/v2\/product_brand?post=198451"},{"taxonomy":"product_cat","embeddable":true,"href":"https:\/\/aromasentia.com\/da\/wp-json\/wp\/v2\/product_cat?post=198451"},{"taxonomy":"product_tag","embeddable":true,"href":"https:\/\/aromasentia.com\/da\/wp-json\/wp\/v2\/product_tag?post=198451"}],"curies":[{"name":"wp","href":"https:\/\/api.w.org\/{rel}","templated":true}]}}