{"id":198446,"date":"2025-03-22T16:04:50","date_gmt":"2025-03-22T16:04:50","guid":{"rendered":"https:\/\/aromasentia.com\/product\/bali-home-decor-parasol-canvas-gold-decor-40cm\/"},"modified":"2025-06-22T03:11:35","modified_gmt":"2025-06-22T03:11:35","slug":"bali-parasol-laerred-gulddekoration-40-cm","status":"publish","type":"product","link":"https:\/\/aromasentia.com\/da\/bali-parasol-laerred-gulddekoration-40-cm\/","title":{"rendered":"Bali Parasol &#8211; L\u00e6rred &#8211; Gulddekoration &#8211; 40 cm"},"content":{"rendered":"<p><span style=\"color: rgb(75, 80, 88);\">Vores Bali Home Decor Parasoller er fantastiske dekorative stykker, der stammer fra Bali, Indonesien. Trods deres lille h\u00f8jde p\u00e5 40 cm udstr\u00e5ler de en f\u00e6ngslende charme og tilf\u00f8jer et strejf af balinesisk \u00e6stetik til ethvert rum.<\/span><\/p>\n<p><span style=\"color: rgb(75, 80, 88);\">Den hvide parasol, udsmykket med indviklede guldornamenter, bringer en dejlig og feminin essens til din boligindretning. Denne farvekombination fremkalder en f\u00f8lelse af legesyge, romantik og gl\u00e6de, og giver dine omgivelser et livligt strejf af charme.<\/span><\/p>\n<p><span style=\"color: rgb(75, 80, 88);\"><strong>M\u00e5l<\/strong><\/span><\/p>\n<p><span style=\"color: rgb(75, 80, 88);\">H\u00f8jde: 68 cm<\/span><\/p>\n<p><span style=\"color: rgb(75, 80, 88);\">Bredde: 40 cm<\/span><\/p>\n<p><strong><span style=\"color: rgb(75, 80, 88);\">Tilf\u00f8j et strejf af balinesisk charme til ethvert rum.<\/span><\/strong><\/p>\n","protected":false},"excerpt":{"rendered":"<p>Vores Bali Home Decor Parasoller er fantastiske dekorative stykker, der stammer fra Bali, Indonesien. Trods deres lille h\u00f8jde p\u00e5 40 cm udstr\u00e5ler de en f\u00e6ngslende charme og tilf\u00f8jer et strejf af balinesisk \u00e6stetik til ethvert rum. Den hvide parasol, udsmykket med indviklede guldornamenter, bringer en dejlig og feminin essens til din boligindretning. Denne farvekombination fremkalder [&hellip;]<\/p>\n","protected":false},"featured_media":360447,"comment_status":"closed","ping_status":"open","template":"","meta":{"_angie_page":false},"product_brand":[],"product_cat":[6332,5591],"product_tag":[],"class_list":{"0":"post-198446","1":"product","2":"type-product","3":"status-publish","4":"has-post-thumbnail","6":"product_cat-dekorationer","7":"product_cat-hjem-og-have","8":"pa_collection-bali-wax-batik-wall-hangings-da","9":"pa_made-in-indonesien","11":"first","12":"instock","13":"purchasable","14":"product-type-simple"},"supplier_id":null,"supplier_sku":"BPAR-11","barcode":null,"atum_controlled":true,"out_stock_date":null,"out_stock_threshold":null,"inheritable":false,"inbound_stock":null,"stock_on_hold":0,"sold_today":0,"sales_last_days":0,"reserved_stock":null,"customer_returns":null,"warehouse_damage":null,"lost_in_post":null,"other_logs":null,"out_stock_days":0,"lost_sales":0,"has_location":null,"update_date":"2026-05-04T00:02:51","atum_locations":[],"atum_stock_status":"instock","restock_status":false,"low_stock_amount":"","sales_update_date":"2026-02-06T00:02:54","calc_backorders":null,"_links":{"self":[{"href":"https:\/\/aromasentia.com\/da\/wp-json\/wp\/v2\/product\/198446","targetHints":{"allow":["GET"]}}],"collection":[{"href":"https:\/\/aromasentia.com\/da\/wp-json\/wp\/v2\/product"}],"about":[{"href":"https:\/\/aromasentia.com\/da\/wp-json\/wp\/v2\/types\/product"}],"replies":[{"embeddable":true,"href":"https:\/\/aromasentia.com\/da\/wp-json\/wp\/v2\/comments?post=198446"}],"version-history":[{"count":0,"href":"https:\/\/aromasentia.com\/da\/wp-json\/wp\/v2\/product\/198446\/revisions"}],"wp:featuredmedia":[{"embeddable":true,"href":"https:\/\/aromasentia.com\/da\/wp-json\/wp\/v2\/media\/360447"}],"wp:attachment":[{"href":"https:\/\/aromasentia.com\/da\/wp-json\/wp\/v2\/media?parent=198446"}],"wp:term":[{"taxonomy":"product_brand","embeddable":true,"href":"https:\/\/aromasentia.com\/da\/wp-json\/wp\/v2\/product_brand?post=198446"},{"taxonomy":"product_cat","embeddable":true,"href":"https:\/\/aromasentia.com\/da\/wp-json\/wp\/v2\/product_cat?post=198446"},{"taxonomy":"product_tag","embeddable":true,"href":"https:\/\/aromasentia.com\/da\/wp-json\/wp\/v2\/product_tag?post=198446"}],"curies":[{"name":"wp","href":"https:\/\/api.w.org\/{rel}","templated":true}]}}