{"id":198444,"date":"2025-03-22T16:04:50","date_gmt":"2025-03-22T16:04:50","guid":{"rendered":"https:\/\/aromasentia.com\/product\/bali-patio-parasol-cotton-orange-decor-2m\/"},"modified":"2025-06-22T03:11:34","modified_gmt":"2025-06-22T03:11:34","slug":"bali-patio-parasol-bomuld-orange-decor-2m","status":"publish","type":"product","link":"https:\/\/aromasentia.com\/da\/bali-patio-parasol-bomuld-orange-decor-2m\/","title":{"rendered":"Bali Patio Parasol &#8211; Bomuld &#8211; Orange Decor &#8211; 2m"},"content":{"rendered":"<p><span style=\"color: rgb(75, 80, 88);\">Bali Home Decor Parasol er omhyggeligt h\u00e5ndlavet og lavet af l\u00e6rredsstof af h\u00f8j kvalitet, der sikrer lang levetid og holdbarhed. Den naturlige farve udstr\u00e5ler en f\u00f8lelse af organisk sk\u00f8nhed og blander sig ubesv\u00e6ret med forskellige indretningstemaer og farvepaletter. Den neutrale tone skaber en rolig og beroligende atmosf\u00e6re, der tilf\u00f8jer et strejf af ro til dine indend\u00f8rs omgivelser.<\/span><\/p>\n<p><span style=\"color: rgb(75, 80, 88);\"><strong>M\u00e5l:<\/strong><\/span><\/p>\n<p><span style=\"color: rgb(75, 80, 88);\">H\u00f8jde: 260 cm<\/span><\/p>\n<p><span style=\"color: rgb(75, 80, 88);\">Bredde: 200 cm<\/span><\/p>\n","protected":false},"excerpt":{"rendered":"<p>Bali Home Decor Parasol er omhyggeligt h\u00e5ndlavet og lavet af l\u00e6rredsstof af h\u00f8j kvalitet, der sikrer lang levetid og holdbarhed. Den naturlige farve udstr\u00e5ler en f\u00f8lelse af organisk sk\u00f8nhed og blander sig ubesv\u00e6ret med forskellige indretningstemaer og farvepaletter. Den neutrale tone skaber en rolig og beroligende atmosf\u00e6re, der tilf\u00f8jer et strejf af ro til dine [&hellip;]<\/p>\n","protected":false},"featured_media":360413,"comment_status":"closed","ping_status":"open","template":"","meta":{"_angie_page":false},"product_brand":[],"product_cat":[5591,6391],"product_tag":[],"class_list":{"0":"post-198444","1":"product","2":"type-product","3":"status-publish","4":"has-post-thumbnail","6":"product_cat-hjem-og-have","7":"product_cat-mobler","8":"pa_collection-barrel-tables-stools-da","9":"pa_made-in-indonesien","11":"first","12":"instock","13":"purchasable","14":"product-type-simple"},"supplier_id":null,"supplier_sku":"BPAR-06","barcode":null,"atum_controlled":true,"out_stock_date":null,"out_stock_threshold":null,"inheritable":false,"inbound_stock":null,"stock_on_hold":0,"sold_today":0,"sales_last_days":0,"reserved_stock":null,"customer_returns":null,"warehouse_damage":null,"lost_in_post":null,"other_logs":null,"out_stock_days":0,"lost_sales":0,"has_location":null,"update_date":"2026-04-27T06:55:40","atum_locations":[],"atum_stock_status":"instock","restock_status":false,"low_stock_amount":"","sales_update_date":"2025-10-09T03:26:58","calc_backorders":null,"_links":{"self":[{"href":"https:\/\/aromasentia.com\/da\/wp-json\/wp\/v2\/product\/198444","targetHints":{"allow":["GET"]}}],"collection":[{"href":"https:\/\/aromasentia.com\/da\/wp-json\/wp\/v2\/product"}],"about":[{"href":"https:\/\/aromasentia.com\/da\/wp-json\/wp\/v2\/types\/product"}],"replies":[{"embeddable":true,"href":"https:\/\/aromasentia.com\/da\/wp-json\/wp\/v2\/comments?post=198444"}],"version-history":[{"count":0,"href":"https:\/\/aromasentia.com\/da\/wp-json\/wp\/v2\/product\/198444\/revisions"}],"wp:featuredmedia":[{"embeddable":true,"href":"https:\/\/aromasentia.com\/da\/wp-json\/wp\/v2\/media\/360413"}],"wp:attachment":[{"href":"https:\/\/aromasentia.com\/da\/wp-json\/wp\/v2\/media?parent=198444"}],"wp:term":[{"taxonomy":"product_brand","embeddable":true,"href":"https:\/\/aromasentia.com\/da\/wp-json\/wp\/v2\/product_brand?post=198444"},{"taxonomy":"product_cat","embeddable":true,"href":"https:\/\/aromasentia.com\/da\/wp-json\/wp\/v2\/product_cat?post=198444"},{"taxonomy":"product_tag","embeddable":true,"href":"https:\/\/aromasentia.com\/da\/wp-json\/wp\/v2\/product_tag?post=198444"}],"curies":[{"name":"wp","href":"https:\/\/api.w.org\/{rel}","templated":true}]}}