{"id":198440,"date":"2025-03-22T16:04:50","date_gmt":"2025-03-22T16:04:50","guid":{"rendered":"https:\/\/aromasentia.com\/product\/bali-home-decor-parasol-canvas-natural-40cm\/"},"modified":"2025-06-22T03:11:31","modified_gmt":"2025-06-22T03:11:31","slug":"bali-parasol-laerred-naturlig-40-cm","status":"publish","type":"product","link":"https:\/\/aromasentia.com\/da\/bali-parasol-laerred-naturlig-40-cm\/","title":{"rendered":"Bali Parasol &#8211; L\u00e6rred &#8211; Naturlig &#8211; 40 cm"},"content":{"rendered":"<p>Bali Home Decor Parasol i en tidl\u00f8s naturlig nuance, der forbedrer din boligindretning med elegance og stil.&nbsp;<\/p>\n<p>Meticulously handcrafted, Bali Home Decor Parasol er lavet af l\u00e6rredsstof af h\u00f8j kvalitet, hvilket sikrer lang levetid og holdbarhed. Den naturlige farve udstr\u00e5ler en f\u00f8lelse af organisk sk\u00f8nhed og passer ubesv\u00e6ret sammen med forskellige indretningstemaer og farvepaletter. Den neutrale tone skaber en fredfyldt og beroligende atmosf\u00e6re og tilf\u00f8jer et strejf af ro til dine indend\u00f8rs omgivelser.<\/p>\n<p><strong>Dimensioner:<\/strong><\/p>\n<p>H\u00f8jde: 68 cm<\/p>\n<p>Bredde: 40 cm<\/p>\n<p><\/p>\n<p>Bem\u00e6rk: Disse parasoller er ikke beregnet til udend\u00f8rs brug eller som funktionelle skyggegivere. De er designet til dekorative form\u00e5l.<\/p>\n","protected":false},"excerpt":{"rendered":"<p>Bali Home Decor Parasol i en tidl\u00f8s naturlig nuance, der forbedrer din boligindretning med elegance og stil.&nbsp; Meticulously handcrafted, Bali Home Decor Parasol er lavet af l\u00e6rredsstof af h\u00f8j kvalitet, hvilket sikrer lang levetid og holdbarhed. Den naturlige farve udstr\u00e5ler en f\u00f8lelse af organisk sk\u00f8nhed og passer ubesv\u00e6ret sammen med forskellige indretningstemaer og farvepaletter. Den [&hellip;]<\/p>\n","protected":false},"featured_media":360321,"comment_status":"closed","ping_status":"open","template":"","meta":{"_angie_page":false},"product_brand":[],"product_cat":[6332,5591],"product_tag":[],"class_list":{"0":"post-198440","1":"product","2":"type-product","3":"status-publish","4":"has-post-thumbnail","6":"product_cat-dekorationer","7":"product_cat-hjem-og-have","8":"pa_collection-bali-decor-parasols-da","9":"pa_made-in-indonesien","11":"first","12":"instock","13":"purchasable","14":"product-type-simple"},"supplier_id":null,"supplier_sku":"BPAR-08","barcode":null,"atum_controlled":true,"out_stock_date":null,"out_stock_threshold":null,"inheritable":false,"inbound_stock":null,"stock_on_hold":0,"sold_today":0,"sales_last_days":0,"reserved_stock":null,"customer_returns":null,"warehouse_damage":null,"lost_in_post":null,"other_logs":null,"out_stock_days":0,"lost_sales":0,"has_location":null,"update_date":"2026-05-04T00:02:51","atum_locations":[],"atum_stock_status":"instock","restock_status":false,"low_stock_amount":"","sales_update_date":"2026-01-30T01:25:24","calc_backorders":null,"_links":{"self":[{"href":"https:\/\/aromasentia.com\/da\/wp-json\/wp\/v2\/product\/198440","targetHints":{"allow":["GET"]}}],"collection":[{"href":"https:\/\/aromasentia.com\/da\/wp-json\/wp\/v2\/product"}],"about":[{"href":"https:\/\/aromasentia.com\/da\/wp-json\/wp\/v2\/types\/product"}],"replies":[{"embeddable":true,"href":"https:\/\/aromasentia.com\/da\/wp-json\/wp\/v2\/comments?post=198440"}],"version-history":[{"count":0,"href":"https:\/\/aromasentia.com\/da\/wp-json\/wp\/v2\/product\/198440\/revisions"}],"wp:featuredmedia":[{"embeddable":true,"href":"https:\/\/aromasentia.com\/da\/wp-json\/wp\/v2\/media\/360321"}],"wp:attachment":[{"href":"https:\/\/aromasentia.com\/da\/wp-json\/wp\/v2\/media?parent=198440"}],"wp:term":[{"taxonomy":"product_brand","embeddable":true,"href":"https:\/\/aromasentia.com\/da\/wp-json\/wp\/v2\/product_brand?post=198440"},{"taxonomy":"product_cat","embeddable":true,"href":"https:\/\/aromasentia.com\/da\/wp-json\/wp\/v2\/product_cat?post=198440"},{"taxonomy":"product_tag","embeddable":true,"href":"https:\/\/aromasentia.com\/da\/wp-json\/wp\/v2\/product_tag?post=198440"}],"curies":[{"name":"wp","href":"https:\/\/api.w.org\/{rel}","templated":true}]}}