{"id":198433,"date":"2025-03-22T16:04:50","date_gmt":"2025-03-22T16:04:50","guid":{"rendered":"https:\/\/aromasentia.com\/product\/boho-comfort-throws-125x150cm-navy-zigzag\/"},"modified":"2025-06-22T03:11:28","modified_gmt":"2025-06-22T03:11:28","slug":"boho-comfort-plaid-125x150cm-navy-zigzag","status":"publish","type":"product","link":"https:\/\/aromasentia.com\/da\/boho-comfort-plaid-125x150cm-navy-zigzag\/","title":{"rendered":"Boho Comfort Plaid &#8211; 125X150cm &#8211; Navy Zigzag"},"content":{"rendered":"<p><span style=\"color: rgb(75, 80, 88);\">Vi pr\u00e6senterer vores Boho Comfort-t\u00e6pper \u2013 den ultimative m\u00e5de at give dit udvalg et strejf af boho-charme og im\u00f8dekomme kunder, der \u00f8nsker b\u00e5de stil og hygge. Disse t\u00e6pper handler om at blande komfort og \u00e6stetik problemfrit.<\/span><\/p>\n<p><span style=\"color: rgb(75, 80, 88);\"><strong>Boho Comfort-t\u00e6pperne er fremstillet med k\u00e6rlighed og er lavet af 100% bomuld.<\/strong><\/span><\/p>\n<p><span style=\"color: rgb(75, 80, 88);\">Dyk ned i et hav af afslapning med vores <strong>Navy Zigzag Boho Comfort-t\u00e6ppe<\/strong>. Dens fyldige marinebl\u00e5 farvetone og indviklede zigzag-m\u00f8nster skaber et elegant, nautisk inspireret look. <strong>Med m\u00e5l p\u00e5 125&#215;150 cm (uden frynser)<\/strong> er dette t\u00e6ppe rummeligt dimensioneret for maksimal komfort og stil.<\/span><\/p>\n<p><span style=\"color: rgb(141, 186, 216);\"><strong>F\u00e5 boho-stemningen ind, og opgrader din butiks lagerbeholdning med disse uimodst\u00e5elige t\u00e6pper i dag!<\/strong><\/span><\/p>\n","protected":false},"excerpt":{"rendered":"<p>Vi pr\u00e6senterer vores Boho Comfort-t\u00e6pper \u2013 den ultimative m\u00e5de at give dit udvalg et strejf af boho-charme og im\u00f8dekomme kunder, der \u00f8nsker b\u00e5de stil og hygge. Disse t\u00e6pper handler om at blande komfort og \u00e6stetik problemfrit. Boho Comfort-t\u00e6pperne er fremstillet med k\u00e6rlighed og er lavet af 100% bomuld. Dyk ned i et hav af afslapning [&hellip;]<\/p>\n","protected":false},"featured_media":360034,"comment_status":"closed","ping_status":"open","template":"","meta":{"_angie_page":false},"product_brand":[],"product_cat":[5591,6388,6350],"product_tag":[],"class_list":{"0":"post-198433","1":"product","2":"type-product","3":"status-publish","4":"has-post-thumbnail","6":"product_cat-hjem-og-have","7":"product_cat-plaider","8":"product_cat-tekstiler","9":"pa_collection-boho-comfort-throws-da","10":"pa_made-in-indien","12":"first","13":"instock","14":"purchasable","15":"product-type-simple"},"supplier_id":null,"supplier_sku":"BOHOT-01","barcode":null,"atum_controlled":true,"out_stock_date":null,"out_stock_threshold":null,"inheritable":false,"inbound_stock":null,"stock_on_hold":0,"sold_today":0,"sales_last_days":0,"reserved_stock":null,"customer_returns":null,"warehouse_damage":null,"lost_in_post":null,"other_logs":null,"out_stock_days":0,"lost_sales":0,"has_location":null,"update_date":"2026-04-27T06:55:25","atum_locations":[],"atum_stock_status":"instock","restock_status":false,"low_stock_amount":"","sales_update_date":"2026-01-30T01:25:45","calc_backorders":null,"_links":{"self":[{"href":"https:\/\/aromasentia.com\/da\/wp-json\/wp\/v2\/product\/198433","targetHints":{"allow":["GET"]}}],"collection":[{"href":"https:\/\/aromasentia.com\/da\/wp-json\/wp\/v2\/product"}],"about":[{"href":"https:\/\/aromasentia.com\/da\/wp-json\/wp\/v2\/types\/product"}],"replies":[{"embeddable":true,"href":"https:\/\/aromasentia.com\/da\/wp-json\/wp\/v2\/comments?post=198433"}],"version-history":[{"count":0,"href":"https:\/\/aromasentia.com\/da\/wp-json\/wp\/v2\/product\/198433\/revisions"}],"wp:featuredmedia":[{"embeddable":true,"href":"https:\/\/aromasentia.com\/da\/wp-json\/wp\/v2\/media\/360034"}],"wp:attachment":[{"href":"https:\/\/aromasentia.com\/da\/wp-json\/wp\/v2\/media?parent=198433"}],"wp:term":[{"taxonomy":"product_brand","embeddable":true,"href":"https:\/\/aromasentia.com\/da\/wp-json\/wp\/v2\/product_brand?post=198433"},{"taxonomy":"product_cat","embeddable":true,"href":"https:\/\/aromasentia.com\/da\/wp-json\/wp\/v2\/product_cat?post=198433"},{"taxonomy":"product_tag","embeddable":true,"href":"https:\/\/aromasentia.com\/da\/wp-json\/wp\/v2\/product_tag?post=198433"}],"curies":[{"name":"wp","href":"https:\/\/api.w.org\/{rel}","templated":true}]}}