{"id":198430,"date":"2025-03-22T16:04:50","date_gmt":"2025-03-22T16:04:50","guid":{"rendered":"https:\/\/aromasentia.com\/product\/round-seagrass-bird-box-with-chimes-45x17cm\/"},"modified":"2025-06-22T03:11:27","modified_gmt":"2025-06-22T03:11:27","slug":"rund-fuglekasse-i-soegraes-med-vindspil-45x17cm","status":"publish","type":"product","link":"https:\/\/aromasentia.com\/da\/rund-fuglekasse-i-soegraes-med-vindspil-45x17cm\/","title":{"rendered":"Rund Fuglekasse I S\u00f8gr\u00e6s med Vindspil 45X17cm"},"content":{"rendered":"<p>Designet p\u00e5 Bali er denne serie af <strong>Grosshandelsfuglehuse med klokkespil<\/strong> fremstillet af s\u00f8gr\u00e6s og er en fantastisk gave til en ivrig gartner eller bare til at underholde familien og samtidig skabe et hjem for nabolagets fugle.&nbsp;<\/p>\n<p>S\u00f8gr\u00e6ssets ydre giver kassen et naturligt og rustikt pr\u00e6g, der passer perfekt ind i enhver have, g\u00e5rdhave eller bagg\u00e5rd. Den vil helt sikkert give et eventyrligt sommerhusinspireret look til ethvert udend\u00f8rs rum. Dekoreret med vindklokker af bambus, der skaber en beroligende og afslappende lyd i vinden.&nbsp;<\/p>\n<p>Ved at give sm\u00e5fugle et sikkert og behageligt sted at bygge rede hj\u00e6lper Seagrass Bird Box with Chimes med at st\u00f8tte det lokale \u00f8kosystem og fremme biodiversiteten. Det er en fantastisk m\u00e5de at tiltr\u00e6kke og observere en r\u00e6kke forskellige fuglearter p\u00e5, samtidig med at den tilf\u00f8jer et musikalsk pr\u00e6g til dit udend\u00f8rs rum.<\/p>\n<p>Et dejligt havetilbeh\u00f8r, der tiltr\u00e6kker masser af fjerede venner. Den har et oph\u00e6ngningsreb, s\u00e5 den nemt kan h\u00e6nges op p\u00e5 en gren eller et beslag.<\/p>\n<p>Som helhed er den en smuk og funktionel tilf\u00f8jelse til enhver have eller ethvert uderum. Dens unikke og charmerende design kombineret med dens praktiske funktionalitet g\u00f8r den til et perfekt valg for fugleelskere og naturentusiaster, der \u00f8nsker at bringe et strejf af musik og den naturlige verden til deres uderum.<\/p>\n<p><strong>Bestil i dag disse &quot;kind to the Earth&quot; naturlige fuglekasser!<\/strong><\/p>\n","protected":false},"excerpt":{"rendered":"<p>Designet p\u00e5 Bali er denne serie af Grosshandelsfuglehuse med klokkespil fremstillet af s\u00f8gr\u00e6s og er en fantastisk gave til en ivrig gartner eller bare til at underholde familien og samtidig skabe et hjem for nabolagets fugle.&nbsp; S\u00f8gr\u00e6ssets ydre giver kassen et naturligt og rustikt pr\u00e6g, der passer perfekt ind i enhver have, g\u00e5rdhave eller bagg\u00e5rd. [&hellip;]<\/p>\n","protected":false},"featured_media":359887,"comment_status":"closed","ping_status":"open","template":"","meta":[],"product_brand":[],"product_cat":[5591],"product_tag":[],"class_list":{"0":"post-198430","1":"product","2":"type-product","3":"status-publish","4":"has-post-thumbnail","6":"product_cat-hjem-og-have","7":"pa_collection-boho-comfort-throws-da","8":"pa_made-in-indonesien","10":"first","11":"instock","12":"purchasable","13":"product-type-simple"},"supplier_id":null,"supplier_sku":"BirdB-03","barcode":null,"atum_controlled":true,"out_stock_date":null,"out_stock_threshold":null,"inheritable":false,"inbound_stock":null,"stock_on_hold":0,"sold_today":0,"sales_last_days":0,"reserved_stock":null,"customer_returns":null,"warehouse_damage":null,"lost_in_post":null,"other_logs":null,"out_stock_days":0,"lost_sales":0,"has_location":null,"update_date":"2026-01-30T01:26:07","atum_locations":[],"atum_stock_status":"instock","restock_status":false,"low_stock_amount":"","sales_update_date":"2026-01-30T01:26:07","calc_backorders":null,"_links":{"self":[{"href":"https:\/\/aromasentia.com\/da\/wp-json\/wp\/v2\/product\/198430","targetHints":{"allow":["GET"]}}],"collection":[{"href":"https:\/\/aromasentia.com\/da\/wp-json\/wp\/v2\/product"}],"about":[{"href":"https:\/\/aromasentia.com\/da\/wp-json\/wp\/v2\/types\/product"}],"replies":[{"embeddable":true,"href":"https:\/\/aromasentia.com\/da\/wp-json\/wp\/v2\/comments?post=198430"}],"version-history":[{"count":0,"href":"https:\/\/aromasentia.com\/da\/wp-json\/wp\/v2\/product\/198430\/revisions"}],"wp:featuredmedia":[{"embeddable":true,"href":"https:\/\/aromasentia.com\/da\/wp-json\/wp\/v2\/media\/359887"}],"wp:attachment":[{"href":"https:\/\/aromasentia.com\/da\/wp-json\/wp\/v2\/media?parent=198430"}],"wp:term":[{"taxonomy":"product_brand","embeddable":true,"href":"https:\/\/aromasentia.com\/da\/wp-json\/wp\/v2\/product_brand?post=198430"},{"taxonomy":"product_cat","embeddable":true,"href":"https:\/\/aromasentia.com\/da\/wp-json\/wp\/v2\/product_cat?post=198430"},{"taxonomy":"product_tag","embeddable":true,"href":"https:\/\/aromasentia.com\/da\/wp-json\/wp\/v2\/product_tag?post=198430"}],"curies":[{"name":"wp","href":"https:\/\/api.w.org\/{rel}","templated":true}]}}