{"id":198427,"date":"2025-03-22T16:04:50","date_gmt":"2025-03-22T16:04:50","guid":{"rendered":"https:\/\/aromasentia.com\/product\/greek-bubble-clay-plant-pot-cream-10cm\/"},"modified":"2025-06-22T03:11:26","modified_gmt":"2025-06-22T03:11:26","slug":"graesk-boble-lerpotte-cremefarvet-10cm","status":"publish","type":"product","link":"https:\/\/aromasentia.com\/da\/graesk-boble-lerpotte-cremefarvet-10cm\/","title":{"rendered":"gr\u00e6sk Boble-Lerpotte &#8211; Cremefarvet 10cm"},"content":{"rendered":"<p><span style=\"color: rgb(75, 80, 88);\">Vi pr\u00e6senterer vores <strong>gr\u00e6ske boblepotte i cremefarvet<\/strong>, en sl\u00e5ende tilf\u00f8jelse til at forbedre dit interi\u00f8r. Denne 10 cm store potte er omhyggeligt h\u00e5ndlavet i Indonesien og forener ubesv\u00e6ret tidl\u00f8s gr\u00e6sk \u00e6stetik med den iboende charme ved lerh\u00e5ndv\u00e6rk.<\/span><\/p>\n<p><span style=\"color: rgb(75, 80, 88);\">Cremefarven giver et strejf af sofistikering til ethvert rum og harmonerer problemfrit med forskellige indretningsstile. Den karakteristiske bobletekstur p\u00e5 pottens overflade introducerer karakter og visuel intrige og forvandler den til mere end blot en funktionel genstand \u2013 den bliver et blikfang i sig selv.<\/span><\/p>\n<p><span style=\"color: rgb(75, 80, 88);\"><strong>Vaserne er lavet af terrakotta, en type ler, formet i forskellige former og st\u00f8rrelser.<\/strong>Vaserne er dekoreret med forskellige m\u00f8nstre inspireret af Indonesiens rige kulturarv. Designene sp\u00e6nder fra simple geometriske m\u00f8nstre til naturlige motiver. Malet i neutrale farver &#8211; hvid, creme og sort.<\/span><\/p>\n<p><span style=\"color: rgb(75, 80, 88);\">Lombok Keramikvaser er et vidnesbyrd om indonesisk keramik, v\u00e6rdsat af samlere og entusiaster.<\/span><\/p>\n<p><span style=\"color: rgb(75, 80, 88);\"><strong>BEM\u00c6RK VENLIGST:<\/strong>Disse vaser er kun til dekorative form\u00e5l, da de ikke er vandt\u00e6tte og kun er beregnet til brug med t\u00f8rrede blomster.<\/span><\/p>\n","protected":false},"excerpt":{"rendered":"<p>Vi pr\u00e6senterer vores gr\u00e6ske boblepotte i cremefarvet, en sl\u00e5ende tilf\u00f8jelse til at forbedre dit interi\u00f8r. Denne 10 cm store potte er omhyggeligt h\u00e5ndlavet i Indonesien og forener ubesv\u00e6ret tidl\u00f8s gr\u00e6sk \u00e6stetik med den iboende charme ved lerh\u00e5ndv\u00e6rk. Cremefarven giver et strejf af sofistikering til ethvert rum og harmonerer problemfrit med forskellige indretningsstile. Den karakteristiske bobletekstur [&hellip;]<\/p>\n","protected":false},"featured_media":359772,"comment_status":"closed","ping_status":"open","template":"","meta":{"_angie_page":false},"product_brand":[],"product_cat":[5591,6422],"product_tag":[],"class_list":{"0":"post-198427","1":"product","2":"type-product","3":"status-publish","4":"has-post-thumbnail","6":"product_cat-hjem-og-have","7":"product_cat-statuer-og-figurer","8":"pa_collection-feng-shui-buddha-set-da","9":"pa_made-in-indonesien","11":"first","12":"instock","13":"purchasable","14":"product-type-simple"},"supplier_id":null,"supplier_sku":"BCV-17","barcode":null,"atum_controlled":true,"out_stock_date":null,"out_stock_threshold":null,"inheritable":false,"inbound_stock":null,"stock_on_hold":0,"sold_today":0,"sales_last_days":0,"reserved_stock":null,"customer_returns":null,"warehouse_damage":null,"lost_in_post":null,"other_logs":null,"out_stock_days":0,"lost_sales":0,"has_location":null,"update_date":"2026-04-27T06:54:41","atum_locations":[],"atum_stock_status":"instock","restock_status":false,"low_stock_amount":"","sales_update_date":"2026-01-30T01:24:42","calc_backorders":null,"_links":{"self":[{"href":"https:\/\/aromasentia.com\/da\/wp-json\/wp\/v2\/product\/198427","targetHints":{"allow":["GET"]}}],"collection":[{"href":"https:\/\/aromasentia.com\/da\/wp-json\/wp\/v2\/product"}],"about":[{"href":"https:\/\/aromasentia.com\/da\/wp-json\/wp\/v2\/types\/product"}],"replies":[{"embeddable":true,"href":"https:\/\/aromasentia.com\/da\/wp-json\/wp\/v2\/comments?post=198427"}],"version-history":[{"count":0,"href":"https:\/\/aromasentia.com\/da\/wp-json\/wp\/v2\/product\/198427\/revisions"}],"wp:featuredmedia":[{"embeddable":true,"href":"https:\/\/aromasentia.com\/da\/wp-json\/wp\/v2\/media\/359772"}],"wp:attachment":[{"href":"https:\/\/aromasentia.com\/da\/wp-json\/wp\/v2\/media?parent=198427"}],"wp:term":[{"taxonomy":"product_brand","embeddable":true,"href":"https:\/\/aromasentia.com\/da\/wp-json\/wp\/v2\/product_brand?post=198427"},{"taxonomy":"product_cat","embeddable":true,"href":"https:\/\/aromasentia.com\/da\/wp-json\/wp\/v2\/product_cat?post=198427"},{"taxonomy":"product_tag","embeddable":true,"href":"https:\/\/aromasentia.com\/da\/wp-json\/wp\/v2\/product_tag?post=198427"}],"curies":[{"name":"wp","href":"https:\/\/api.w.org\/{rel}","templated":true}]}}