{"id":198426,"date":"2025-03-22T16:04:50","date_gmt":"2025-03-22T16:04:50","guid":{"rendered":"https:\/\/aromasentia.com\/product\/greek-clay-plant-pot-cream-12cm\/"},"modified":"2025-06-22T03:11:26","modified_gmt":"2025-06-22T03:11:26","slug":"graesk-lerpotte-cremefarvet-12-cm","status":"publish","type":"product","link":"https:\/\/aromasentia.com\/da\/graesk-lerpotte-cremefarvet-12-cm\/","title":{"rendered":"gr\u00e6sk Lerpotte &#8211; Cremefarvet 12 cm"},"content":{"rendered":"<p><span style=\"color: rgb(75, 80, 88);\">Giv din plantepr\u00e6sentation et l\u00f8ft med vores <strong>gr\u00e6ske lerpotte<\/strong> i cremefarvet, omhyggeligt designet til at give dit opholdsrum et strejf af tidl\u00f8s sofistikering. Denne raffinerede 12 cm potte forener klassisk gr\u00e6sk design med et strejf af moderne elegance.<\/span><\/p>\n<p><span style=\"color: rgb(75, 80, 88);\">Denne cremefarvede lerpotte er h\u00e5ndv\u00e6rksm\u00e6ssigt fremstillet med pr\u00e6cision og bringer en f\u00f8lelse af ro til ethvert milj\u00f8. Det stribede m\u00f8nster fremh\u00e6ver sk\u00f8nheden i enkelhed og g\u00f8r den til et perfekt match til en r\u00e6kke forskellige planter. Uanset om den placeres p\u00e5 din vindueskarm, hylde eller bordplade, l\u00f8fter denne potte ubesv\u00e6ret den \u00e6stetiske appel hos dine gr\u00f8nne ledsagere.<\/span><\/p>\n<p><span style=\"color: rgb(75, 80, 88);\"><strong>Vaserne er lavet af terrakotta, en type ler, formet i forskellige former og st\u00f8rrelser.<\/strong>Vaserne er dekoreret med forskellige m\u00f8nstre inspireret af Indonesiens rige kulturarv. Designene sp\u00e6nder fra enkle geometriske m\u00f8nstre til naturlige motiver. Malet i neutrale farver &#8211; hvid, creme og sort.<\/span><\/p>\n<p><span style=\"color: rgb(75, 80, 88);\">Lombok keramiske vaser er et vidnesbyrd om indonesisk keramik og v\u00e6rds\u00e6ttes af samlere og entusiaster.<\/span><\/p>\n<p><span style=\"color: rgb(75, 80, 88);\"><strong>BEM\u00c6RK VENLIGST:<\/strong>Disse vaser er kun til dekorative form\u00e5l, da de ikke er vandt\u00e6tte og kun er beregnet til brug med t\u00f8rrede blomster.<\/span><\/p>\n","protected":false},"excerpt":{"rendered":"<p>Giv din plantepr\u00e6sentation et l\u00f8ft med vores gr\u00e6ske lerpotte i cremefarvet, omhyggeligt designet til at give dit opholdsrum et strejf af tidl\u00f8s sofistikering. Denne raffinerede 12 cm potte forener klassisk gr\u00e6sk design med et strejf af moderne elegance. Denne cremefarvede lerpotte er h\u00e5ndv\u00e6rksm\u00e6ssigt fremstillet med pr\u00e6cision og bringer en f\u00f8lelse af ro til ethvert milj\u00f8. [&hellip;]<\/p>\n","protected":false},"featured_media":359755,"comment_status":"closed","ping_status":"open","template":"","meta":{"_angie_page":false},"product_brand":[],"product_cat":[5591,6422],"product_tag":[],"class_list":{"0":"post-198426","1":"product","2":"type-product","3":"status-publish","4":"has-post-thumbnail","6":"product_cat-hjem-og-have","7":"product_cat-statuer-og-figurer","8":"pa_collection-feng-shui-buddha-set-da","9":"pa_made-in-indonesien","11":"first","12":"instock","13":"purchasable","14":"product-type-simple"},"supplier_id":null,"supplier_sku":"BCV-16","barcode":null,"atum_controlled":true,"out_stock_date":null,"out_stock_threshold":null,"inheritable":false,"inbound_stock":null,"stock_on_hold":0,"sold_today":0,"sales_last_days":0,"reserved_stock":null,"customer_returns":null,"warehouse_damage":null,"lost_in_post":null,"other_logs":null,"out_stock_days":0,"lost_sales":0,"has_location":null,"update_date":"2026-04-27T06:54:41","atum_locations":[],"atum_stock_status":"instock","restock_status":false,"low_stock_amount":"","sales_update_date":"2026-01-30T01:24:25","calc_backorders":null,"_links":{"self":[{"href":"https:\/\/aromasentia.com\/da\/wp-json\/wp\/v2\/product\/198426","targetHints":{"allow":["GET"]}}],"collection":[{"href":"https:\/\/aromasentia.com\/da\/wp-json\/wp\/v2\/product"}],"about":[{"href":"https:\/\/aromasentia.com\/da\/wp-json\/wp\/v2\/types\/product"}],"replies":[{"embeddable":true,"href":"https:\/\/aromasentia.com\/da\/wp-json\/wp\/v2\/comments?post=198426"}],"version-history":[{"count":0,"href":"https:\/\/aromasentia.com\/da\/wp-json\/wp\/v2\/product\/198426\/revisions"}],"wp:featuredmedia":[{"embeddable":true,"href":"https:\/\/aromasentia.com\/da\/wp-json\/wp\/v2\/media\/359755"}],"wp:attachment":[{"href":"https:\/\/aromasentia.com\/da\/wp-json\/wp\/v2\/media?parent=198426"}],"wp:term":[{"taxonomy":"product_brand","embeddable":true,"href":"https:\/\/aromasentia.com\/da\/wp-json\/wp\/v2\/product_brand?post=198426"},{"taxonomy":"product_cat","embeddable":true,"href":"https:\/\/aromasentia.com\/da\/wp-json\/wp\/v2\/product_cat?post=198426"},{"taxonomy":"product_tag","embeddable":true,"href":"https:\/\/aromasentia.com\/da\/wp-json\/wp\/v2\/product_tag?post=198426"}],"curies":[{"name":"wp","href":"https:\/\/api.w.org\/{rel}","templated":true}]}}