{"id":198425,"date":"2025-03-22T16:04:50","date_gmt":"2025-03-22T16:04:50","guid":{"rendered":"https:\/\/aromasentia.com\/product\/greek-clay-plant-pot-with-handles-cream-15cm\/"},"modified":"2025-06-22T03:11:25","modified_gmt":"2025-06-22T03:11:25","slug":"graesk-lerpotte-med-haandtag-cremefarvet-15-cm","status":"publish","type":"product","link":"https:\/\/aromasentia.com\/da\/graesk-lerpotte-med-haandtag-cremefarvet-15-cm\/","title":{"rendered":"gr\u00e6sk Lerpotte med H\u00e5ndtag &#8211; Cremefarvet 15 cm"},"content":{"rendered":"<p><span style=\"color: rgb(75, 80, 88);\">Cremefarvet<strong>&nbsp;gr\u00e6sk lerpotte<\/strong><strong>&nbsp;med h\u00e5ndtag<\/strong> harmoniserer klassisk ynde med praktisk design. Denne 15 cm store potte er omhyggeligt fremstillet i Indonesien og fremh\u00e6ver den gr\u00e6ske \u00e6stetiks charme, samtidig med at den giver ekstra bekvemmelighed gennem sine gennemt\u00e6nkte h\u00e5ndtag.<\/span><\/p>\n<p><span style=\"color: rgb(75, 80, 88);\">Cremefarven bidrager med et strejf af raffinement til din plantepr\u00e6sentation og passer ubesv\u00e6ret ind i forskellige indretningsstile. Integreringen af h\u00e5ndtag forbedrer ikke kun pottens visuelle charme, men forenkler ogs\u00e5 mobiliteten, s\u00e5 du nemt kan flytte og omarrangere dine planter, s\u00e5 de passer til dine pr\u00e6ferencer.<\/span><\/p>\n<p><span style=\"color: rgb(75, 80, 88);\"><strong>Vaserne er lavet af terrakotta, en type ler, der er formet i forskellige former og st\u00f8rrelser.<\/strong>Vaserne er dekoreret med forskellige m\u00f8nstre inspireret af Indonesiens rige kulturarv. Designene sp\u00e6nder fra enkle geometriske m\u00f8nstre til naturlige motiver. Malet i neutrale farver &#8211; hvid, creme og sort.<\/span><\/p>\n<p><span style=\"color: rgb(75, 80, 88);\">Lombok keramiske vaser er et vidnesbyrd om indonesisk keramik og v\u00e6rds\u00e6ttes af samlere og entusiaster.<\/span><\/p>\n<p><span style=\"color: rgb(75, 80, 88);\"><strong>BEM\u00c6RK VENLIGST:<\/strong>Disse vaser er kun til dekorative form\u00e5l, da de ikke er vandt\u00e6tte og kun er beregnet til brug med t\u00f8rrede blomster.<\/span><\/p>\n","protected":false},"excerpt":{"rendered":"<p>Cremefarvet&nbsp;gr\u00e6sk lerpotte&nbsp;med h\u00e5ndtag harmoniserer klassisk ynde med praktisk design. Denne 15 cm store potte er omhyggeligt fremstillet i Indonesien og fremh\u00e6ver den gr\u00e6ske \u00e6stetiks charme, samtidig med at den giver ekstra bekvemmelighed gennem sine gennemt\u00e6nkte h\u00e5ndtag. Cremefarven bidrager med et strejf af raffinement til din plantepr\u00e6sentation og passer ubesv\u00e6ret ind i forskellige indretningsstile. Integreringen af [&hellip;]<\/p>\n","protected":false},"featured_media":359738,"comment_status":"closed","ping_status":"open","template":"","meta":{"_angie_page":false},"product_brand":[],"product_cat":[5591,6422],"product_tag":[],"class_list":{"0":"post-198425","1":"product","2":"type-product","3":"status-publish","4":"has-post-thumbnail","6":"product_cat-hjem-og-have","7":"product_cat-statuer-og-figurer","8":"pa_collection-feng-shui-buddha-set-da","9":"pa_made-in-indonesien","11":"first","12":"instock","13":"purchasable","14":"product-type-simple"},"supplier_id":null,"supplier_sku":"BCV-15","barcode":null,"atum_controlled":true,"out_stock_date":null,"out_stock_threshold":null,"inheritable":false,"inbound_stock":null,"stock_on_hold":0,"sold_today":0,"sales_last_days":0,"reserved_stock":null,"customer_returns":null,"warehouse_damage":null,"lost_in_post":null,"other_logs":null,"out_stock_days":0,"lost_sales":0,"has_location":null,"update_date":"2026-04-27T06:54:41","atum_locations":[],"atum_stock_status":"instock","restock_status":false,"low_stock_amount":"","sales_update_date":"2026-01-30T01:25:38","calc_backorders":null,"_links":{"self":[{"href":"https:\/\/aromasentia.com\/da\/wp-json\/wp\/v2\/product\/198425","targetHints":{"allow":["GET"]}}],"collection":[{"href":"https:\/\/aromasentia.com\/da\/wp-json\/wp\/v2\/product"}],"about":[{"href":"https:\/\/aromasentia.com\/da\/wp-json\/wp\/v2\/types\/product"}],"replies":[{"embeddable":true,"href":"https:\/\/aromasentia.com\/da\/wp-json\/wp\/v2\/comments?post=198425"}],"version-history":[{"count":0,"href":"https:\/\/aromasentia.com\/da\/wp-json\/wp\/v2\/product\/198425\/revisions"}],"wp:featuredmedia":[{"embeddable":true,"href":"https:\/\/aromasentia.com\/da\/wp-json\/wp\/v2\/media\/359738"}],"wp:attachment":[{"href":"https:\/\/aromasentia.com\/da\/wp-json\/wp\/v2\/media?parent=198425"}],"wp:term":[{"taxonomy":"product_brand","embeddable":true,"href":"https:\/\/aromasentia.com\/da\/wp-json\/wp\/v2\/product_brand?post=198425"},{"taxonomy":"product_cat","embeddable":true,"href":"https:\/\/aromasentia.com\/da\/wp-json\/wp\/v2\/product_cat?post=198425"},{"taxonomy":"product_tag","embeddable":true,"href":"https:\/\/aromasentia.com\/da\/wp-json\/wp\/v2\/product_tag?post=198425"}],"curies":[{"name":"wp","href":"https:\/\/api.w.org\/{rel}","templated":true}]}}