{"id":198424,"date":"2025-03-22T16:04:50","date_gmt":"2025-03-22T16:04:50","guid":{"rendered":"https:\/\/aromasentia.com\/product\/wide-neck-shaped-vase-cream-22cm\/"},"modified":"2025-06-22T03:11:25","modified_gmt":"2025-06-22T03:11:25","slug":"bred-halsformet-vase-creme-22-cm","status":"publish","type":"product","link":"https:\/\/aromasentia.com\/da\/bred-halsformet-vase-creme-22-cm\/","title":{"rendered":"Bred Halsformet Vase &#8211; Creme 22 cm"},"content":{"rendered":"<p><span style=\"color: rgb(75, 80, 88);\"><strong>Vase med bred hals &#8211; Creme 22 cm<\/strong> er et sl\u00e5ende element, der problemfrit blander moderne stil med vedvarende ynde. Denne 22 cm vase er omhyggeligt fremstillet og er skr\u00e6ddersyet til at pr\u00e6sentere dine blomsterarrangementer p\u00e5 en f\u00e6ngslende og karakteristisk m\u00e5de.<\/span><\/p>\n<p><span style=\"color: rgb(75, 80, 88);\">Vasens brede hals muligg\u00f8r fantasifulde og i\u00f8jnefaldende blomsterpr\u00e6sentationer, hvilket g\u00f8r den til et fremragende valg til at pr\u00e6sentere t\u00f8rre buketter eller raffinerede individuelle stilke. Den cremefarvede farve giver en f\u00f8lelse af varme og tilpasningsevne, hvilket g\u00f8r denne vase til et up\u00e5klageligt supplement til ethvert indretningsdesign.<\/span><\/p>\n<p><span style=\"color: rgb(75, 80, 88);\"><strong>Vaserne er lavet af terrakotta, en type ler, formet i forskellige former og st\u00f8rrelser.<\/strong>Vaserne er dekoreret med forskellige m\u00f8nstre inspireret af Indonesiens rige kulturarv. Designene sp\u00e6nder fra simple geometriske m\u00f8nstre til naturlige motiver. Malet i neutrale farver &#8211; hvid, creme og sort.<\/span><\/p>\n<p><span style=\"color: rgb(75, 80, 88);\">Lombok keramiske vaser er et vidnesbyrd om indonesisk keramik, v\u00e6rdsat af samlere og entusiaster.<\/span><\/p>\n<p><span style=\"color: rgb(75, 80, 88);\"><strong>BEM\u00c6RK VENLIGST:<\/strong>Disse vaser er kun til dekorative form\u00e5l, da de ikke er vandt\u00e6tte og kun er beregnet til brug med t\u00f8rrede blomster.<\/span><\/p>\n","protected":false},"excerpt":{"rendered":"<p>Vase med bred hals &#8211; Creme 22 cm er et sl\u00e5ende element, der problemfrit blander moderne stil med vedvarende ynde. Denne 22 cm vase er omhyggeligt fremstillet og er skr\u00e6ddersyet til at pr\u00e6sentere dine blomsterarrangementer p\u00e5 en f\u00e6ngslende og karakteristisk m\u00e5de. Vasens brede hals muligg\u00f8r fantasifulde og i\u00f8jnefaldende blomsterpr\u00e6sentationer, hvilket g\u00f8r den til et fremragende [&hellip;]<\/p>\n","protected":false},"featured_media":359705,"comment_status":"closed","ping_status":"open","template":"","meta":{"_angie_page":false},"product_brand":[],"product_cat":[5591,6422],"product_tag":[],"class_list":{"0":"post-198424","1":"product","2":"type-product","3":"status-publish","4":"has-post-thumbnail","6":"product_cat-hjem-og-have","7":"product_cat-statuer-og-figurer","8":"pa_collection-feng-shui-buddha-set-da","9":"pa_made-in-indonesien","11":"first","12":"instock","13":"purchasable","14":"product-type-simple"},"supplier_id":null,"supplier_sku":"BCV-14","barcode":null,"atum_controlled":true,"out_stock_date":null,"out_stock_threshold":null,"inheritable":false,"inbound_stock":null,"stock_on_hold":0,"sold_today":0,"sales_last_days":0,"reserved_stock":null,"customer_returns":null,"warehouse_damage":null,"lost_in_post":null,"other_logs":null,"out_stock_days":0,"lost_sales":0,"has_location":null,"update_date":"2026-04-27T06:54:41","atum_locations":[],"atum_stock_status":"instock","restock_status":false,"low_stock_amount":"","sales_update_date":"2026-01-30T01:24:37","calc_backorders":null,"_links":{"self":[{"href":"https:\/\/aromasentia.com\/da\/wp-json\/wp\/v2\/product\/198424","targetHints":{"allow":["GET"]}}],"collection":[{"href":"https:\/\/aromasentia.com\/da\/wp-json\/wp\/v2\/product"}],"about":[{"href":"https:\/\/aromasentia.com\/da\/wp-json\/wp\/v2\/types\/product"}],"replies":[{"embeddable":true,"href":"https:\/\/aromasentia.com\/da\/wp-json\/wp\/v2\/comments?post=198424"}],"version-history":[{"count":0,"href":"https:\/\/aromasentia.com\/da\/wp-json\/wp\/v2\/product\/198424\/revisions"}],"wp:featuredmedia":[{"embeddable":true,"href":"https:\/\/aromasentia.com\/da\/wp-json\/wp\/v2\/media\/359705"}],"wp:attachment":[{"href":"https:\/\/aromasentia.com\/da\/wp-json\/wp\/v2\/media?parent=198424"}],"wp:term":[{"taxonomy":"product_brand","embeddable":true,"href":"https:\/\/aromasentia.com\/da\/wp-json\/wp\/v2\/product_brand?post=198424"},{"taxonomy":"product_cat","embeddable":true,"href":"https:\/\/aromasentia.com\/da\/wp-json\/wp\/v2\/product_cat?post=198424"},{"taxonomy":"product_tag","embeddable":true,"href":"https:\/\/aromasentia.com\/da\/wp-json\/wp\/v2\/product_tag?post=198424"}],"curies":[{"name":"wp","href":"https:\/\/api.w.org\/{rel}","templated":true}]}}