{"id":198423,"date":"2025-03-22T16:04:50","date_gmt":"2025-03-22T16:04:50","guid":{"rendered":"https:\/\/aromasentia.com\/product\/oval-donut-shaped-vase-chocolate-30cm\/"},"modified":"2025-06-22T03:11:25","modified_gmt":"2025-06-22T03:11:25","slug":"oval-donutformet-vase-chokolade-30-cm","status":"publish","type":"product","link":"https:\/\/aromasentia.com\/da\/oval-donutformet-vase-chokolade-30-cm\/","title":{"rendered":"Oval Donutformet Vase &#8211; Chokolade 30 cm"},"content":{"rendered":"<p><span style=\"color: rgb(75, 80, 88);\"><strong>Denne 30 cm ovale donutformede vase i chokolade er et f\u00e6ngslende stykke<\/strong>, der vil tilf\u00f8je et strejf af moderne elegance til din samling.<\/span><\/p>\n<p><span style=\"color: rgb(75, 80, 88);\">Den fyldige, chokoladetonede finish kombineres problemfrit med dens unikke ovale donutform, hvilket g\u00f8r den til et alsidigt valg til at forbedre ethvert opholds- eller arbejdsomr\u00e5de. Dens underspillede, men i\u00f8jnefaldende design sikrer, at den vil blive v\u00e6rdsat af kunder, der s\u00f8ger en stilfuld tilf\u00f8jelse til deres indretning.<\/span><\/p>\n<p><span style=\"color: rgb(75, 80, 88);\"><strong>Vaserne er lavet af terrakotta, en type ler, formet i forskellige former og st\u00f8rrelser.<\/strong>Vaserne er dekoreret med forskellige m\u00f8nstre inspireret af Indonesiens rige kulturarv. Designene sp\u00e6nder fra enkle geometriske m\u00f8nstre til naturlige motiver. Malet i neutrale farver &#8211; hvid, creme og sort.<\/span><\/p>\n<p><span style=\"color: rgb(75, 80, 88);\">Lombok keramiske vaser er et vidnesbyrd om indonesisk keramik og v\u00e6rds\u00e6ttes af samlere og entusiaster.<\/span><\/p>\n<p><span style=\"color: rgb(75, 80, 88);\"><strong>BEM\u00c6RK VENLIGST:<\/strong>Disse vaser er kun til dekorative form\u00e5l, da de ikke er vandt\u00e6tte og kun er beregnet til brug med t\u00f8rrede blomster.<\/span><\/p>\n","protected":false},"excerpt":{"rendered":"<p>Denne 30 cm ovale donutformede vase i chokolade er et f\u00e6ngslende stykke, der vil tilf\u00f8je et strejf af moderne elegance til din samling. Den fyldige, chokoladetonede finish kombineres problemfrit med dens unikke ovale donutform, hvilket g\u00f8r den til et alsidigt valg til at forbedre ethvert opholds- eller arbejdsomr\u00e5de. Dens underspillede, men i\u00f8jnefaldende design sikrer, at [&hellip;]<\/p>\n","protected":false},"featured_media":359672,"comment_status":"closed","ping_status":"open","template":"","meta":{"_angie_page":false},"product_brand":[],"product_cat":[5591,6422],"product_tag":[],"class_list":{"0":"post-198423","1":"product","2":"type-product","3":"status-publish","4":"has-post-thumbnail","6":"product_cat-hjem-og-have","7":"product_cat-statuer-og-figurer","8":"pa_collection-feng-shui-buddha-set-da","9":"pa_made-in-indonesien","11":"first","12":"instock","13":"purchasable","14":"product-type-simple"},"supplier_id":null,"supplier_sku":"BCV-13","barcode":null,"atum_controlled":true,"out_stock_date":null,"out_stock_threshold":null,"inheritable":false,"inbound_stock":null,"stock_on_hold":0,"sold_today":0,"sales_last_days":0,"reserved_stock":null,"customer_returns":null,"warehouse_damage":null,"lost_in_post":null,"other_logs":null,"out_stock_days":0,"lost_sales":0,"has_location":null,"update_date":"2026-04-27T06:54:41","atum_locations":[],"atum_stock_status":"instock","restock_status":false,"low_stock_amount":"","sales_update_date":"2026-01-30T01:24:37","calc_backorders":null,"_links":{"self":[{"href":"https:\/\/aromasentia.com\/da\/wp-json\/wp\/v2\/product\/198423","targetHints":{"allow":["GET"]}}],"collection":[{"href":"https:\/\/aromasentia.com\/da\/wp-json\/wp\/v2\/product"}],"about":[{"href":"https:\/\/aromasentia.com\/da\/wp-json\/wp\/v2\/types\/product"}],"replies":[{"embeddable":true,"href":"https:\/\/aromasentia.com\/da\/wp-json\/wp\/v2\/comments?post=198423"}],"version-history":[{"count":0,"href":"https:\/\/aromasentia.com\/da\/wp-json\/wp\/v2\/product\/198423\/revisions"}],"wp:featuredmedia":[{"embeddable":true,"href":"https:\/\/aromasentia.com\/da\/wp-json\/wp\/v2\/media\/359672"}],"wp:attachment":[{"href":"https:\/\/aromasentia.com\/da\/wp-json\/wp\/v2\/media?parent=198423"}],"wp:term":[{"taxonomy":"product_brand","embeddable":true,"href":"https:\/\/aromasentia.com\/da\/wp-json\/wp\/v2\/product_brand?post=198423"},{"taxonomy":"product_cat","embeddable":true,"href":"https:\/\/aromasentia.com\/da\/wp-json\/wp\/v2\/product_cat?post=198423"},{"taxonomy":"product_tag","embeddable":true,"href":"https:\/\/aromasentia.com\/da\/wp-json\/wp\/v2\/product_tag?post=198423"}],"curies":[{"name":"wp","href":"https:\/\/api.w.org\/{rel}","templated":true}]}}