{"id":198419,"date":"2025-03-22T16:04:50","date_gmt":"2025-03-22T16:04:50","guid":{"rendered":"https:\/\/aromasentia.com\/product\/round-donut-shaped-vase-cream-23cm\/"},"modified":"2025-06-22T03:11:21","modified_gmt":"2025-06-22T03:11:21","slug":"rund-donutformet-vase-cremefarvet-23-cm","status":"publish","type":"product","link":"https:\/\/aromasentia.com\/da\/rund-donutformet-vase-cremefarvet-23-cm\/","title":{"rendered":"Rund Donutformet Vase &#8211; Cremefarvet 23 cm"},"content":{"rendered":"<p><span style=\"color: rgb(75, 80, 88);\"><strong>Den 23 cm runde donutformede vase i cremefarvet er en mere kompakt version af det klassiske design,<\/strong> og tilbyder et praktisk, men elegant valg. Den beroligende cremefarvede finish forst\u00e6rker dens tidl\u00f8se appel og g\u00f8r den til en alsidig og charmerende tilf\u00f8jelse til enhver samling.<\/span> <\/p>\n<p><span style=\"color: rgb(75, 80, 88);\"><strong>Vaserne er lavet af terrakotta, en type ler, formet i forskellige former og st\u00f8rrelser.<\/strong>Vaserne er dekoreret med forskellige m\u00f8nstre inspireret af Indonesiens rige kulturarv. Designene sp\u00e6nder fra enkle geometriske m\u00f8nstre til naturlige motiver. Malet i neutrale farver &#8211; hvid, creme og sort.<\/span><\/p>\n<p><span style=\"color: rgb(75, 80, 88);\">Lombok keramiske vaser er et vidnesbyrd om indonesisk keramik og v\u00e6rds\u00e6ttes af samlere og entusiaster.<\/span><\/p>\n<p><span style=\"color: rgb(75, 80, 88);\"><strong>BEM\u00c6RK VENLIGST:<\/strong>Disse vaser er kun til dekorative form\u00e5l, da de ikke er vandt\u00e6tte og kun er beregnet til brug med t\u00f8rrede blomster.<\/span><\/p>\n","protected":false},"excerpt":{"rendered":"<p>Den 23 cm runde donutformede vase i cremefarvet er en mere kompakt version af det klassiske design, og tilbyder et praktisk, men elegant valg. Den beroligende cremefarvede finish forst\u00e6rker dens tidl\u00f8se appel og g\u00f8r den til en alsidig og charmerende tilf\u00f8jelse til enhver samling. Vaserne er lavet af terrakotta, en type ler, formet i forskellige [&hellip;]<\/p>\n","protected":false},"featured_media":359556,"comment_status":"closed","ping_status":"open","template":"","meta":{"_angie_page":false},"product_brand":[],"product_cat":[6332,5591,6477],"product_tag":[],"class_list":{"0":"post-198419","1":"product","2":"type-product","3":"status-publish","4":"has-post-thumbnail","6":"product_cat-dekorationer","7":"product_cat-hjem-og-have","8":"product_cat-vaser","9":"pa_collection-ceramic-vases-from-lombok-da","10":"pa_made-in-indonesien","12":"first","13":"instock","14":"purchasable","15":"product-type-simple"},"supplier_id":null,"supplier_sku":"BCV-09","barcode":null,"atum_controlled":true,"out_stock_date":null,"out_stock_threshold":null,"inheritable":false,"inbound_stock":null,"stock_on_hold":0,"sold_today":0,"sales_last_days":0,"reserved_stock":null,"customer_returns":null,"warehouse_damage":null,"lost_in_post":null,"other_logs":null,"out_stock_days":0,"lost_sales":0,"has_location":null,"update_date":"2026-04-27T06:54:41","atum_locations":[],"atum_stock_status":"instock","restock_status":false,"low_stock_amount":"","sales_update_date":"2025-10-09T03:26:11","calc_backorders":null,"_links":{"self":[{"href":"https:\/\/aromasentia.com\/da\/wp-json\/wp\/v2\/product\/198419","targetHints":{"allow":["GET"]}}],"collection":[{"href":"https:\/\/aromasentia.com\/da\/wp-json\/wp\/v2\/product"}],"about":[{"href":"https:\/\/aromasentia.com\/da\/wp-json\/wp\/v2\/types\/product"}],"replies":[{"embeddable":true,"href":"https:\/\/aromasentia.com\/da\/wp-json\/wp\/v2\/comments?post=198419"}],"version-history":[{"count":0,"href":"https:\/\/aromasentia.com\/da\/wp-json\/wp\/v2\/product\/198419\/revisions"}],"wp:featuredmedia":[{"embeddable":true,"href":"https:\/\/aromasentia.com\/da\/wp-json\/wp\/v2\/media\/359556"}],"wp:attachment":[{"href":"https:\/\/aromasentia.com\/da\/wp-json\/wp\/v2\/media?parent=198419"}],"wp:term":[{"taxonomy":"product_brand","embeddable":true,"href":"https:\/\/aromasentia.com\/da\/wp-json\/wp\/v2\/product_brand?post=198419"},{"taxonomy":"product_cat","embeddable":true,"href":"https:\/\/aromasentia.com\/da\/wp-json\/wp\/v2\/product_cat?post=198419"},{"taxonomy":"product_tag","embeddable":true,"href":"https:\/\/aromasentia.com\/da\/wp-json\/wp\/v2\/product_tag?post=198419"}],"curies":[{"name":"wp","href":"https:\/\/api.w.org\/{rel}","templated":true}]}}