{"id":198417,"date":"2025-03-22T16:04:50","date_gmt":"2025-03-22T16:04:50","guid":{"rendered":"https:\/\/aromasentia.com\/product\/swirls-shaped-vase-chocolate\/"},"modified":"2025-06-22T03:11:21","modified_gmt":"2025-06-22T03:11:21","slug":"swirls-formet-vase-chokolade","status":"publish","type":"product","link":"https:\/\/aromasentia.com\/da\/swirls-formet-vase-chokolade\/","title":{"rendered":"Swirls-Formet Vase &#8211; Chokolade"},"content":{"rendered":"<p><strong>Den hvirvelformede vase i chokolade er en unik og kunstnerisk tilf\u00f8jelse til dit udvalg.<\/strong> Dens uds\u00f8gte hvirvelm\u00f8nster og m\u00e6ttede farve g\u00f8r den til et i\u00f8jnefaldende valg for dem, der s\u00f8ger en karakteristisk vase.<\/p>\n<p><strong>Vaserne er lavet af terrakotta, en type ler, formet i forskellige former og st\u00f8rrelser.<\/strong> <strong>Vaserne er dekoreret med forskellige m\u00f8nstre inspireret af Indonesiens rige kulturarv.<\/strong>Designene sp\u00e6nder fra simple geometriske m\u00f8nstre til naturlige motiver. Malet i neutrale farver &#8211; hvid, creme og sort.<\/p>\n<p>Lombok keramiske vaser er et vidnesbyrd om indonesisk keramik, v\u00e6rdsat af samlere og entusiaster.<\/p>\n<p><strong>BEM\u00c6RK VENLIGST:<\/strong>Disse vaser er kun til dekorative form\u00e5l, da de ikke er vandt\u00e6tte og kun er beregnet til brug med t\u00f8rrede blomster.<\/p>\n","protected":false},"excerpt":{"rendered":"<p>Den hvirvelformede vase i chokolade er en unik og kunstnerisk tilf\u00f8jelse til dit udvalg. Dens uds\u00f8gte hvirvelm\u00f8nster og m\u00e6ttede farve g\u00f8r den til et i\u00f8jnefaldende valg for dem, der s\u00f8ger en karakteristisk vase. Vaserne er lavet af terrakotta, en type ler, formet i forskellige former og st\u00f8rrelser. Vaserne er dekoreret med forskellige m\u00f8nstre inspireret af [&hellip;]<\/p>\n","protected":false},"featured_media":359482,"comment_status":"closed","ping_status":"open","template":"","meta":{"_angie_page":false},"product_brand":[],"product_cat":[6332,5591,6477],"product_tag":[],"class_list":{"0":"post-198417","1":"product","2":"type-product","3":"status-publish","4":"has-post-thumbnail","6":"product_cat-dekorationer","7":"product_cat-hjem-og-have","8":"product_cat-vaser","9":"pa_collection-ceramic-vases-from-lombok-da","10":"pa_made-in-indonesien","12":"first","13":"instock","14":"purchasable","15":"product-type-simple"},"supplier_id":null,"supplier_sku":"BCV-07","barcode":null,"atum_controlled":true,"out_stock_date":null,"out_stock_threshold":null,"inheritable":false,"inbound_stock":null,"stock_on_hold":0,"sold_today":0,"sales_last_days":0,"reserved_stock":null,"customer_returns":null,"warehouse_damage":null,"lost_in_post":null,"other_logs":null,"out_stock_days":0,"lost_sales":0,"has_location":null,"update_date":"2026-04-27T06:54:41","atum_locations":[],"atum_stock_status":"instock","restock_status":false,"low_stock_amount":"","sales_update_date":"2026-01-30T01:25:24","calc_backorders":null,"_links":{"self":[{"href":"https:\/\/aromasentia.com\/da\/wp-json\/wp\/v2\/product\/198417","targetHints":{"allow":["GET"]}}],"collection":[{"href":"https:\/\/aromasentia.com\/da\/wp-json\/wp\/v2\/product"}],"about":[{"href":"https:\/\/aromasentia.com\/da\/wp-json\/wp\/v2\/types\/product"}],"replies":[{"embeddable":true,"href":"https:\/\/aromasentia.com\/da\/wp-json\/wp\/v2\/comments?post=198417"}],"version-history":[{"count":0,"href":"https:\/\/aromasentia.com\/da\/wp-json\/wp\/v2\/product\/198417\/revisions"}],"wp:featuredmedia":[{"embeddable":true,"href":"https:\/\/aromasentia.com\/da\/wp-json\/wp\/v2\/media\/359482"}],"wp:attachment":[{"href":"https:\/\/aromasentia.com\/da\/wp-json\/wp\/v2\/media?parent=198417"}],"wp:term":[{"taxonomy":"product_brand","embeddable":true,"href":"https:\/\/aromasentia.com\/da\/wp-json\/wp\/v2\/product_brand?post=198417"},{"taxonomy":"product_cat","embeddable":true,"href":"https:\/\/aromasentia.com\/da\/wp-json\/wp\/v2\/product_cat?post=198417"},{"taxonomy":"product_tag","embeddable":true,"href":"https:\/\/aromasentia.com\/da\/wp-json\/wp\/v2\/product_tag?post=198417"}],"curies":[{"name":"wp","href":"https:\/\/api.w.org\/{rel}","templated":true}]}}