{"id":198414,"date":"2025-03-22T16:04:50","date_gmt":"2025-03-22T16:04:50","guid":{"rendered":"https:\/\/aromasentia.com\/product\/greek-taper-vase-chocolate\/"},"modified":"2025-06-22T03:11:19","modified_gmt":"2025-06-22T03:11:19","slug":"graesk-keglevase-chokolade","status":"publish","type":"product","link":"https:\/\/aromasentia.com\/da\/graesk-keglevase-chokolade\/","title":{"rendered":"gr\u00e6sk Keglevase &#8211; Chokolade"},"content":{"rendered":"<p><span style=\"color: rgb(75, 80, 88);\"><strong>Lombok Keramikvaser<\/strong> er smukke og unikke kunstv\u00e6rker h\u00e5ndlavet p\u00e5 \u00f8en Lombok.<\/span><\/p>\n<p><span style=\"color: rgb(75, 80, 88);\">Vaserne er lavet af terrakotta, en type ler, formet i forskellige former og st\u00f8rrelser. Vaserne er dekoreret med forskellige m\u00f8nstre inspireret af Indonesiens rige kulturarv. Designene sp\u00e6nder fra simple geometriske m\u00f8nstre til naturlige motiver. Malet i neutrale farver &#8211; hvid, creme og sort.<\/span><\/p>\n<p><span style=\"color: rgb(75, 80, 88);\">F\u00e6rdigvarer er funktionelle kunstv\u00e6rker, der kan bruges til at holde blomster, planter eller andre dekorative genstande. De er ikke kun \u00e6stetisk tiltalende, de er ogs\u00e5 holdbare og langtidsholdbare, hvilket g\u00f8r dem ideelle til b\u00e5de indend\u00f8rs og udend\u00f8rs brug. Lombok keramiske vaser er et fint eksempel p\u00e5 den traditionelle indonesiske keramikkunst og er v\u00e6rdsat af b\u00e5de samlere og entusiaster.<\/span><\/p>\n<p><span style=\"color: rgb(75, 80, 88);\"><strong>Diameter af indvendig hals: ca. 4 cm<\/strong><\/span><\/p>\n","protected":false},"excerpt":{"rendered":"<p>Lombok Keramikvaser er smukke og unikke kunstv\u00e6rker h\u00e5ndlavet p\u00e5 \u00f8en Lombok. Vaserne er lavet af terrakotta, en type ler, formet i forskellige former og st\u00f8rrelser. Vaserne er dekoreret med forskellige m\u00f8nstre inspireret af Indonesiens rige kulturarv. Designene sp\u00e6nder fra simple geometriske m\u00f8nstre til naturlige motiver. Malet i neutrale farver &#8211; hvid, creme og sort. F\u00e6rdigvarer [&hellip;]<\/p>\n","protected":false},"featured_media":359391,"comment_status":"closed","ping_status":"open","template":"","meta":{"_angie_page":false},"product_brand":[],"product_cat":[6332,5591,6477],"product_tag":[],"class_list":{"0":"post-198414","1":"product","2":"type-product","3":"status-publish","4":"has-post-thumbnail","6":"product_cat-dekorationer","7":"product_cat-hjem-og-have","8":"product_cat-vaser","9":"pa_collection-ceramic-vases-from-lombok-da","10":"pa_made-in-indonesien","12":"first","13":"instock","14":"purchasable","15":"product-type-simple"},"supplier_id":null,"supplier_sku":"BCV-04","barcode":null,"atum_controlled":true,"out_stock_date":null,"out_stock_threshold":null,"inheritable":false,"inbound_stock":null,"stock_on_hold":0,"sold_today":0,"sales_last_days":0,"reserved_stock":null,"customer_returns":null,"warehouse_damage":null,"lost_in_post":null,"other_logs":null,"out_stock_days":0,"lost_sales":0,"has_location":null,"update_date":"2026-04-27T06:54:36","atum_locations":[],"atum_stock_status":"instock","restock_status":false,"low_stock_amount":"","sales_update_date":"2026-01-30T01:24:42","calc_backorders":null,"_links":{"self":[{"href":"https:\/\/aromasentia.com\/da\/wp-json\/wp\/v2\/product\/198414","targetHints":{"allow":["GET"]}}],"collection":[{"href":"https:\/\/aromasentia.com\/da\/wp-json\/wp\/v2\/product"}],"about":[{"href":"https:\/\/aromasentia.com\/da\/wp-json\/wp\/v2\/types\/product"}],"replies":[{"embeddable":true,"href":"https:\/\/aromasentia.com\/da\/wp-json\/wp\/v2\/comments?post=198414"}],"version-history":[{"count":0,"href":"https:\/\/aromasentia.com\/da\/wp-json\/wp\/v2\/product\/198414\/revisions"}],"wp:featuredmedia":[{"embeddable":true,"href":"https:\/\/aromasentia.com\/da\/wp-json\/wp\/v2\/media\/359391"}],"wp:attachment":[{"href":"https:\/\/aromasentia.com\/da\/wp-json\/wp\/v2\/media?parent=198414"}],"wp:term":[{"taxonomy":"product_brand","embeddable":true,"href":"https:\/\/aromasentia.com\/da\/wp-json\/wp\/v2\/product_brand?post=198414"},{"taxonomy":"product_cat","embeddable":true,"href":"https:\/\/aromasentia.com\/da\/wp-json\/wp\/v2\/product_cat?post=198414"},{"taxonomy":"product_tag","embeddable":true,"href":"https:\/\/aromasentia.com\/da\/wp-json\/wp\/v2\/product_tag?post=198414"}],"curies":[{"name":"wp","href":"https:\/\/api.w.org\/{rel}","templated":true}]}}