{"id":198398,"date":"2025-03-22T16:05:00","date_gmt":"2025-03-22T16:05:00","guid":{"rendered":"https:\/\/aromasentia.com\/product\/printed-cotton-cushion-cover-we-are-flowers-pink\/"},"modified":"2025-06-22T03:11:10","modified_gmt":"2025-06-22T03:11:10","slug":"trykt-pudebetraek-i-bomuld-we-are-flowers-pink","status":"publish","type":"product","link":"https:\/\/aromasentia.com\/da\/trykt-pudebetraek-i-bomuld-we-are-flowers-pink\/","title":{"rendered":"Trykt Pudebetr\u00e6k I Bomuld &#8211; We Are Flowers &#8211; Pink"},"content":{"rendered":"<p><span style=\"color: rgb(75, 80, 88);\">&quot; Vi er b\u00f8lger af det samme hav, blade af det samme tr\u00e6 og blomster af den samme have.<\/span><\/p>\n<p><span style=\"color: rgb(75, 80, 88);\">Inspireret af citatet fra den ber\u00f8mte romerske filosof Seneca, bringer vi dig disse 100% h\u00e5ndlavede bomulds-pudebetr\u00e6k.<\/span><span style=\"color: rgb(141, 186, 216);\"><strong>Poem pudebetr\u00e6k.<\/strong><\/span><\/p>\n<p><span style=\"color: rgb(75, 80, 88);\"><strong>Aroma Sentia<\/strong><\/span><span style=\"color: rgb(141, 186, 216);\"><strong>Pudebetr\u00e6k med trykt bomuld &#8211; Vi er blomster &#8211; Lyser\u00f8d.<\/strong><\/span><\/p>\n<p><span style=\"color: rgb(75, 80, 88);\">&nbsp;med praktisk lynl\u00e5slukning, der passer til alle stil; de er ogs\u00e5 fantastiske til B&#038;B&#8217;er, boutiquehoteller eller chill rooms.<\/span><\/p>\n<p><span style=\"color: rgb(75, 80, 88);\">Vi leverer ogs\u00e5 100% genbrugt PET-fiber <a href=\"https:\/\/aromasentia.com\/inner\">Inderlag til puder.<\/a><\/span><\/p>\n<p><span style=\"color: rgb(75, 80, 88);\">Perfekt mix og match-produkt; en flot udstilling vil generere et godt salg i enhver moderne e-shop eller gavebutik. Hvis du er fan af dette citat, kan du m\u00e5ske ogs\u00e5 lide vores Designer Notesb\u00f8ger.<\/span><\/p>\n<p><span style=\"color: rgb(75, 80, 88);\">* 9 designs i 3 trykvariationer * Pude<strong>st\u00f8rrelse 45&#215;45 cm<\/strong>* 100% bomuld * Lavet i Indien af en lille familieejet virksomhed *<\/span><\/p>\n<p><span style=\"color: rgb(141, 186, 216);\"><strong>Hvis du s\u00e6lger boligartikler, er dette en essentiel vare. Tilf\u00f8j til dit tilbud, promover og opn\u00e5 salg i dag.<\/strong><\/span><\/p>\n","protected":false},"excerpt":{"rendered":"<p>&quot; Vi er b\u00f8lger af det samme hav, blade af det samme tr\u00e6 og blomster af den samme have. Inspireret af citatet fra den ber\u00f8mte romerske filosof Seneca, bringer vi dig disse 100% h\u00e5ndlavede bomulds-pudebetr\u00e6k.Poem pudebetr\u00e6k. Aroma SentiaPudebetr\u00e6k med trykt bomuld &#8211; Vi er blomster &#8211; Lyser\u00f8d. &nbsp;med praktisk lynl\u00e5slukning, der passer til alle stil; [&hellip;]<\/p>\n","protected":false},"featured_media":365208,"comment_status":"closed","ping_status":"open","template":"","meta":[],"product_brand":[],"product_cat":[5591,6355,6350],"product_tag":[],"class_list":{"0":"post-198398","1":"product","2":"type-product","3":"status-publish","4":"has-post-thumbnail","6":"product_cat-hjem-og-have","7":"product_cat-pudebetraek","8":"product_cat-tekstiler","9":"pa_collection-poem-cotton-cushion-cover-da","10":"pa_made-in-indien","12":"first","13":"instock","14":"purchasable","15":"product-type-simple"},"supplier_id":null,"supplier_sku":"CushN-03B","barcode":null,"atum_controlled":true,"out_stock_date":null,"out_stock_threshold":null,"inheritable":false,"inbound_stock":null,"stock_on_hold":0,"sold_today":0,"sales_last_days":0,"reserved_stock":null,"customer_returns":null,"warehouse_damage":null,"lost_in_post":null,"other_logs":null,"out_stock_days":0,"lost_sales":0,"has_location":null,"update_date":"2026-01-30T01:24:34","atum_locations":[],"atum_stock_status":"instock","restock_status":false,"low_stock_amount":"","sales_update_date":"2026-01-30T01:24:34","calc_backorders":null,"_links":{"self":[{"href":"https:\/\/aromasentia.com\/da\/wp-json\/wp\/v2\/product\/198398","targetHints":{"allow":["GET"]}}],"collection":[{"href":"https:\/\/aromasentia.com\/da\/wp-json\/wp\/v2\/product"}],"about":[{"href":"https:\/\/aromasentia.com\/da\/wp-json\/wp\/v2\/types\/product"}],"replies":[{"embeddable":true,"href":"https:\/\/aromasentia.com\/da\/wp-json\/wp\/v2\/comments?post=198398"}],"version-history":[{"count":0,"href":"https:\/\/aromasentia.com\/da\/wp-json\/wp\/v2\/product\/198398\/revisions"}],"wp:featuredmedia":[{"embeddable":true,"href":"https:\/\/aromasentia.com\/da\/wp-json\/wp\/v2\/media\/365208"}],"wp:attachment":[{"href":"https:\/\/aromasentia.com\/da\/wp-json\/wp\/v2\/media?parent=198398"}],"wp:term":[{"taxonomy":"product_brand","embeddable":true,"href":"https:\/\/aromasentia.com\/da\/wp-json\/wp\/v2\/product_brand?post=198398"},{"taxonomy":"product_cat","embeddable":true,"href":"https:\/\/aromasentia.com\/da\/wp-json\/wp\/v2\/product_cat?post=198398"},{"taxonomy":"product_tag","embeddable":true,"href":"https:\/\/aromasentia.com\/da\/wp-json\/wp\/v2\/product_tag?post=198398"}],"curies":[{"name":"wp","href":"https:\/\/api.w.org\/{rel}","templated":true}]}}