{"id":198389,"date":"2025-03-22T16:05:00","date_gmt":"2025-03-22T16:05:00","guid":{"rendered":"https:\/\/aromasentia.com\/product\/himalayan-salt-cooking-plate-round-20x20x5cm\/"},"modified":"2025-06-22T03:11:07","modified_gmt":"2025-06-22T03:11:07","slug":"kogeplade-med-himalayasalt-rund-20x20x5cm","status":"publish","type":"product","link":"https:\/\/aromasentia.com\/da\/kogeplade-med-himalayasalt-rund-20x20x5cm\/","title":{"rendered":"Kogeplade med Himalayasalt &#8211; Rund &#8211; 20X20X5cm"},"content":{"rendered":"<p><strong>Tilf\u00f8j et strejf af elegance til din spiseoplevelse med vores Himalaya Salt-kogeplade &#8211; Rund<\/strong>. Denne <strong>20x20x5 cm cirkul\u00e6re plade<\/strong> er h\u00e5ndsk\u00e5ret af premium Himalayasalt og tilbyder en visuelt f\u00e6ngslende pr\u00e6sentation af dine retter. Uanset om du griller, steger eller serverer kolde retter, fremh\u00e6ver denne saltplade smagene og skaber en unik kulinarisk fornemmelse, der helt sikkert vil imponere.<\/p>\n<p><span style=\"color: rgb(75, 80, 88);\">Disse tallerkener er fyldt med essentielle mineraler s\u00e5som <strong>kalium, magnesium og calcium.<\/strong><\/span><\/p>\n<p><span style=\"color: rgb(75, 80, 88);\">Varm den gradvist op til den \u00f8nskede tilberedningstemperatur, startende med lav varme for at undg\u00e5 revner. Pensl eller olie overfladen let for at forhindre, at den br\u00e6nder p\u00e5. N\u00e5r den er klar til at blive tilberedt, placeres ingredienserne direkte p\u00e5 tallerkenen for j\u00e6vn tilberedning og en subtil salt smag. Den fungerer ogs\u00e5 som et elegant serveringsfad og kan afk\u00f8les til kolde retter. Efter brug, lad det k\u00f8le af, skrab rester af, skyl med vand og undg\u00e5 at bruge s\u00e6be for at bevare dets unikke egenskaber.<\/span><\/p>\n<p><span style=\"color: rgb(141, 186, 216);\"><strong>En unik k\u00f8kkenoplevelse lige ved h\u00e5nden<\/strong><\/span><\/p>\n","protected":false},"excerpt":{"rendered":"<p>Tilf\u00f8j et strejf af elegance til din spiseoplevelse med vores Himalaya Salt-kogeplade &#8211; Rund. Denne 20x20x5 cm cirkul\u00e6re plade er h\u00e5ndsk\u00e5ret af premium Himalayasalt og tilbyder en visuelt f\u00e6ngslende pr\u00e6sentation af dine retter. Uanset om du griller, steger eller serverer kolde retter, fremh\u00e6ver denne saltplade smagene og skaber en unik kulinarisk fornemmelse, der helt sikkert [&hellip;]<\/p>\n","protected":false},"featured_media":364431,"comment_status":"closed","ping_status":"open","template":"","meta":{"_angie_page":false},"product_brand":[],"product_cat":[5591,6264],"product_tag":[],"class_list":{"0":"post-198389","1":"product","2":"type-product","3":"status-publish","4":"has-post-thumbnail","6":"product_cat-hjem-og-have","7":"product_cat-kokkenprodukter-og-tilbehor","8":"pa_collection-himalayan-salt-cooking-plate-da","9":"pa_made-in-pakistan","11":"first","12":"instock","13":"purchasable","14":"product-type-simple"},"supplier_id":null,"supplier_sku":"CSalt-03","barcode":null,"atum_controlled":true,"out_stock_date":null,"out_stock_threshold":null,"inheritable":false,"inbound_stock":null,"stock_on_hold":0,"sold_today":0,"sales_last_days":0,"reserved_stock":null,"customer_returns":null,"warehouse_damage":null,"lost_in_post":null,"other_logs":null,"out_stock_days":0,"lost_sales":0,"has_location":null,"update_date":"2026-04-27T06:58:33","atum_locations":[],"atum_stock_status":"instock","restock_status":false,"low_stock_amount":"","sales_update_date":"2026-01-30T01:25:25","calc_backorders":null,"_links":{"self":[{"href":"https:\/\/aromasentia.com\/da\/wp-json\/wp\/v2\/product\/198389","targetHints":{"allow":["GET"]}}],"collection":[{"href":"https:\/\/aromasentia.com\/da\/wp-json\/wp\/v2\/product"}],"about":[{"href":"https:\/\/aromasentia.com\/da\/wp-json\/wp\/v2\/types\/product"}],"replies":[{"embeddable":true,"href":"https:\/\/aromasentia.com\/da\/wp-json\/wp\/v2\/comments?post=198389"}],"version-history":[{"count":0,"href":"https:\/\/aromasentia.com\/da\/wp-json\/wp\/v2\/product\/198389\/revisions"}],"wp:featuredmedia":[{"embeddable":true,"href":"https:\/\/aromasentia.com\/da\/wp-json\/wp\/v2\/media\/364431"}],"wp:attachment":[{"href":"https:\/\/aromasentia.com\/da\/wp-json\/wp\/v2\/media?parent=198389"}],"wp:term":[{"taxonomy":"product_brand","embeddable":true,"href":"https:\/\/aromasentia.com\/da\/wp-json\/wp\/v2\/product_brand?post=198389"},{"taxonomy":"product_cat","embeddable":true,"href":"https:\/\/aromasentia.com\/da\/wp-json\/wp\/v2\/product_cat?post=198389"},{"taxonomy":"product_tag","embeddable":true,"href":"https:\/\/aromasentia.com\/da\/wp-json\/wp\/v2\/product_tag?post=198389"}],"curies":[{"name":"wp","href":"https:\/\/api.w.org\/{rel}","templated":true}]}}