{"id":198387,"date":"2025-03-22T16:05:00","date_gmt":"2025-03-22T16:05:00","guid":{"rendered":"https:\/\/aromasentia.com\/product\/himalayan-salt-bbq-cooking-plate-30x20x5cm\/"},"modified":"2025-06-22T03:11:06","modified_gmt":"2025-06-22T03:11:06","slug":"himalayasalt-bbq-kogeplade-30x20x5cm","status":"publish","type":"product","link":"https:\/\/aromasentia.com\/da\/himalayasalt-bbq-kogeplade-30x20x5cm\/","title":{"rendered":"Himalayasalt Bbq Kogeplade &#8211; 30X20X5cm"},"content":{"rendered":"<p><span style=\"color: rgb(75, 80, 88);\"><strong>Giv udend\u00f8rs grilloplevelsen et nyt niveau med vores Himalaya Salt BBQ-kogeplade<\/strong>. Denne <strong>30x20x5 cm rektangul\u00e6re plade<\/strong> er h\u00e5ndsk\u00e5ret af uber\u00f8rte Himalaya-saltblokke og tilbyder en visuelt imponerende og smagfuld madlavningsoplevelse. Den er perfekt til at grille k\u00f8d og gr\u00f8ntsager og tilf\u00f8jer en subtil saltsmag til dine retter. Med fremragende varmebevaring forvandler den dine grilloplevelser til gourmetkulinariske eventyr.<\/span><\/p>\n<p><span style=\"color: rgb(75, 80, 88);\">Disse tallerkener er fyldt med essentielle mineraler s\u00e5som <strong>kalium, magnesium og calcium.<\/strong><\/span><\/p>\n<p><span style=\"color: rgb(75, 80, 88);\">Varm den gradvist op til den \u00f8nskede tilberedningstemperatur, startende med lav varme for at undg\u00e5 revner. B\u00f8rst eller olier overfladen let for at forhindre, at den br\u00e6nder fast. N\u00e5r du er klar til at lave mad, placeres ingredienserne direkte p\u00e5 tallerkenen for j\u00e6vn tilberedning og en diskret salt smag. Den fungerer ogs\u00e5 som et elegant serveringsfad og kan k\u00f8les ned til kolde retter. Lad den k\u00f8le af efter brug, skrab rester af, skyl med vand og undg\u00e5 at bruge s\u00e6be for at bevare dens unikke egenskaber.<\/span><\/p>\n<p><span style=\"color: rgb(141, 186, 216);\"><strong>En unik k\u00f8kkenoplevelse lige ved h\u00e5nden<\/strong><\/span><\/p>\n","protected":false},"excerpt":{"rendered":"<p>Giv udend\u00f8rs grilloplevelsen et nyt niveau med vores Himalaya Salt BBQ-kogeplade. Denne 30x20x5 cm rektangul\u00e6re plade er h\u00e5ndsk\u00e5ret af uber\u00f8rte Himalaya-saltblokke og tilbyder en visuelt imponerende og smagfuld madlavningsoplevelse. Den er perfekt til at grille k\u00f8d og gr\u00f8ntsager og tilf\u00f8jer en subtil saltsmag til dine retter. Med fremragende varmebevaring forvandler den dine grilloplevelser til gourmetkulinariske [&hellip;]<\/p>\n","protected":false},"featured_media":364269,"comment_status":"closed","ping_status":"open","template":"","meta":{"_angie_page":false},"product_brand":[],"product_cat":[5591,6264],"product_tag":[],"class_list":{"0":"post-198387","1":"product","2":"type-product","3":"status-publish","4":"has-post-thumbnail","6":"product_cat-hjem-og-have","7":"product_cat-kokkenprodukter-og-tilbehor","8":"pa_collection-himalayan-salt-cooking-plate-da","9":"pa_made-in-pakistan","11":"first","12":"instock","13":"purchasable","14":"product-type-simple"},"supplier_id":null,"supplier_sku":"CSalt-01","barcode":null,"atum_controlled":true,"out_stock_date":null,"out_stock_threshold":null,"inheritable":false,"inbound_stock":null,"stock_on_hold":0,"sold_today":0,"sales_last_days":0,"reserved_stock":null,"customer_returns":null,"warehouse_damage":null,"lost_in_post":null,"other_logs":null,"out_stock_days":0,"lost_sales":0,"has_location":null,"update_date":"2026-04-29T18:50:32","atum_locations":[],"atum_stock_status":"instock","restock_status":false,"low_stock_amount":"","sales_update_date":"2026-01-30T01:26:27","calc_backorders":null,"_links":{"self":[{"href":"https:\/\/aromasentia.com\/da\/wp-json\/wp\/v2\/product\/198387","targetHints":{"allow":["GET"]}}],"collection":[{"href":"https:\/\/aromasentia.com\/da\/wp-json\/wp\/v2\/product"}],"about":[{"href":"https:\/\/aromasentia.com\/da\/wp-json\/wp\/v2\/types\/product"}],"replies":[{"embeddable":true,"href":"https:\/\/aromasentia.com\/da\/wp-json\/wp\/v2\/comments?post=198387"}],"version-history":[{"count":0,"href":"https:\/\/aromasentia.com\/da\/wp-json\/wp\/v2\/product\/198387\/revisions"}],"wp:featuredmedia":[{"embeddable":true,"href":"https:\/\/aromasentia.com\/da\/wp-json\/wp\/v2\/media\/364269"}],"wp:attachment":[{"href":"https:\/\/aromasentia.com\/da\/wp-json\/wp\/v2\/media?parent=198387"}],"wp:term":[{"taxonomy":"product_brand","embeddable":true,"href":"https:\/\/aromasentia.com\/da\/wp-json\/wp\/v2\/product_brand?post=198387"},{"taxonomy":"product_cat","embeddable":true,"href":"https:\/\/aromasentia.com\/da\/wp-json\/wp\/v2\/product_cat?post=198387"},{"taxonomy":"product_tag","embeddable":true,"href":"https:\/\/aromasentia.com\/da\/wp-json\/wp\/v2\/product_tag?post=198387"}],"curies":[{"name":"wp","href":"https:\/\/api.w.org\/{rel}","templated":true}]}}