{"id":198381,"date":"2025-03-22T16:05:00","date_gmt":"2025-03-22T16:05:00","guid":{"rendered":"https:\/\/aromasentia.com\/product\/cotton-pario-towel-100x180-cm-picnick-green\/"},"modified":"2025-06-22T03:11:01","modified_gmt":"2025-06-22T03:11:01","slug":"pario-haandklaede-i-bomuld-100x180-cm-picnick-green","status":"publish","type":"product","link":"https:\/\/aromasentia.com\/da\/pario-haandklaede-i-bomuld-100x180-cm-picnick-green\/","title":{"rendered":"Pario-H\u00e5ndkl\u00e6de I Bomuld &#8211; 100X180 cm &#8211; Picnick Green"},"content":{"rendered":"<p>Indisk h\u00e5ndlavet bomuldspareo-t\u00e6ppe. Disse naturlige bomuldsfibre kan absorbere vand mere effektivt og er sk\u00e5nsomme mod huden. Med sommeren p\u00e5 vej og de k\u00f8lige aftener vil disse pareoer helt sikkert s\u00e6lge.<\/p>\n<p><\/p>\n<p>Pareoen er lavet i en perfekt st\u00f8rrelse til at vikle rundt om taljen. Hvert design leveres pakket ind i jutesnor og m\u00e6rket med en etiket. De er lette, hurtigt\u00f8rrende, b\u00e6rbare og moderigtige.<\/p>\n<p><\/p>\n<p>De kan v\u00e6re b\u00e5de sporty og elegante, ideelle til strandh\u00e5ndkl\u00e6der, kan bruges som picnict\u00e6ppe. Multifunktionelle.<\/p>\n<p><\/p>\n<p>F\u00e5 det sjove ud af det hele og bestil disse unikke pareoer i dag.<\/p>\n<p><\/p>\n<p>St\u00f8rrelse: L\u00e6ngde 100 cm, Bredde 180 cm: Materiale: Bomuld, Polyester: Lavet i Indien<\/p>\n","protected":false},"excerpt":{"rendered":"<p>Indisk h\u00e5ndlavet bomuldspareo-t\u00e6ppe. Disse naturlige bomuldsfibre kan absorbere vand mere effektivt og er sk\u00e5nsomme mod huden. Med sommeren p\u00e5 vej og de k\u00f8lige aftener vil disse pareoer helt sikkert s\u00e6lge. Pareoen er lavet i en perfekt st\u00f8rrelse til at vikle rundt om taljen. Hvert design leveres pakket ind i jutesnor og m\u00e6rket med en etiket. [&hellip;]<\/p>\n","protected":false},"featured_media":363943,"comment_status":"closed","ping_status":"open","template":"","meta":{"_angie_page":false},"product_brand":[],"product_cat":[5591,6388,6350],"product_tag":[],"class_list":{"0":"post-198381","1":"product","2":"type-product","3":"status-publish","4":"has-post-thumbnail","6":"product_cat-hjem-og-have","7":"product_cat-plaider","8":"product_cat-tekstiler","9":"pa_collection-cotton-pareo-throws-and-towels-da","10":"pa_made-in-indien","12":"first","13":"instock","14":"purchasable","15":"product-type-simple"},"supplier_id":null,"supplier_sku":"CPT-05","barcode":null,"atum_controlled":true,"out_stock_date":null,"out_stock_threshold":null,"inheritable":false,"inbound_stock":null,"stock_on_hold":0,"sold_today":0,"sales_last_days":0,"reserved_stock":null,"customer_returns":null,"warehouse_damage":null,"lost_in_post":null,"other_logs":null,"out_stock_days":0,"lost_sales":0,"has_location":null,"update_date":"2026-04-27T06:58:25","atum_locations":[],"atum_stock_status":"instock","restock_status":false,"low_stock_amount":"","sales_update_date":"2026-01-20T05:14:28","calc_backorders":null,"_links":{"self":[{"href":"https:\/\/aromasentia.com\/da\/wp-json\/wp\/v2\/product\/198381","targetHints":{"allow":["GET"]}}],"collection":[{"href":"https:\/\/aromasentia.com\/da\/wp-json\/wp\/v2\/product"}],"about":[{"href":"https:\/\/aromasentia.com\/da\/wp-json\/wp\/v2\/types\/product"}],"replies":[{"embeddable":true,"href":"https:\/\/aromasentia.com\/da\/wp-json\/wp\/v2\/comments?post=198381"}],"version-history":[{"count":0,"href":"https:\/\/aromasentia.com\/da\/wp-json\/wp\/v2\/product\/198381\/revisions"}],"wp:featuredmedia":[{"embeddable":true,"href":"https:\/\/aromasentia.com\/da\/wp-json\/wp\/v2\/media\/363943"}],"wp:attachment":[{"href":"https:\/\/aromasentia.com\/da\/wp-json\/wp\/v2\/media?parent=198381"}],"wp:term":[{"taxonomy":"product_brand","embeddable":true,"href":"https:\/\/aromasentia.com\/da\/wp-json\/wp\/v2\/product_brand?post=198381"},{"taxonomy":"product_cat","embeddable":true,"href":"https:\/\/aromasentia.com\/da\/wp-json\/wp\/v2\/product_cat?post=198381"},{"taxonomy":"product_tag","embeddable":true,"href":"https:\/\/aromasentia.com\/da\/wp-json\/wp\/v2\/product_tag?post=198381"}],"curies":[{"name":"wp","href":"https:\/\/api.w.org\/{rel}","templated":true}]}}