{"id":198375,"date":"2025-03-22T16:05:00","date_gmt":"2025-03-22T16:05:00","guid":{"rendered":"https:\/\/aromasentia.com\/product\/coconut-capiz-windchimes-big-hearts-40cm\/"},"modified":"2025-06-22T03:10:59","modified_gmt":"2025-06-22T03:10:59","slug":"kokosnoed-capiz-vindspil-store-hjerter-40-cm","status":"publish","type":"product","link":"https:\/\/aromasentia.com\/da\/kokosnoed-capiz-vindspil-store-hjerter-40-cm\/","title":{"rendered":"Kokosn\u00f8d &#038; Capiz-Vindspil &#8211; Store Hjerter &#8211; 40 cm"},"content":{"rendered":"<p><span style=\"color: rgb(75, 80, 88);\">Se lige dette kunstv\u00e6rk. De fantastiske <strong>Kokos &#038; Capiz Vindklokker &#8211; Store Hjerter &#8211; 40 cm<\/strong> er h\u00e5ndlavede af Capiz-glas.<\/span><\/p>\n<p><span style=\"color: rgb(75, 80, 88);\">Mange mennesker tror, at de beskytter omgivelserne mod onde \u00e5nder og negativ energi.<\/span><\/p>\n<p><span style=\"color: rgb(75, 80, 88);\">H\u00e6ng dette unikke dekorative stykke indend\u00f8rs eller, for en bedre effekt, p\u00e5 verandaen eller i haven. De klirrer dejligt sammen i brisen, og lyden vil bringe ro til ethvert rum.<\/span><\/p>\n<p><span style=\"color: rgb(75, 80, 88);\">Skab et dejligt og livligt rum i dit hjem eller i din have.<\/span><\/p>\n<p><span style=\"color: rgb(75, 80, 88);\">Bestil nu, og f\u00e5 din zen-oplevelse.<\/span><\/p>\n","protected":false},"excerpt":{"rendered":"<p>Se lige dette kunstv\u00e6rk. De fantastiske Kokos &#038; Capiz Vindklokker &#8211; Store Hjerter &#8211; 40 cm er h\u00e5ndlavede af Capiz-glas. Mange mennesker tror, at de beskytter omgivelserne mod onde \u00e5nder og negativ energi. H\u00e6ng dette unikke dekorative stykke indend\u00f8rs eller, for en bedre effekt, p\u00e5 verandaen eller i haven. De klirrer dejligt sammen i brisen, [&hellip;]<\/p>\n","protected":false},"featured_media":363537,"comment_status":"closed","ping_status":"open","template":"","meta":[],"product_brand":[],"product_cat":[5591,6397],"product_tag":[],"class_list":{"0":"post-198375","1":"product","2":"type-product","3":"status-publish","4":"has-post-thumbnail","6":"product_cat-hjem-og-have","7":"product_cat-vindspil","8":"pa_collection-driftwood-chime-da","9":"pa_made-in-indonesien","11":"first","12":"instock","13":"purchasable","14":"product-type-simple"},"supplier_id":null,"supplier_sku":"Copi-13","barcode":null,"atum_controlled":true,"out_stock_date":null,"out_stock_threshold":null,"inheritable":false,"inbound_stock":null,"stock_on_hold":0,"sold_today":0,"sales_last_days":0,"reserved_stock":null,"customer_returns":null,"warehouse_damage":null,"lost_in_post":null,"other_logs":null,"out_stock_days":0,"lost_sales":0,"has_location":null,"update_date":"2026-02-06T00:02:48","atum_locations":[],"atum_stock_status":"instock","restock_status":false,"low_stock_amount":"","sales_update_date":"2026-02-06T00:02:48","calc_backorders":null,"_links":{"self":[{"href":"https:\/\/aromasentia.com\/da\/wp-json\/wp\/v2\/product\/198375","targetHints":{"allow":["GET"]}}],"collection":[{"href":"https:\/\/aromasentia.com\/da\/wp-json\/wp\/v2\/product"}],"about":[{"href":"https:\/\/aromasentia.com\/da\/wp-json\/wp\/v2\/types\/product"}],"replies":[{"embeddable":true,"href":"https:\/\/aromasentia.com\/da\/wp-json\/wp\/v2\/comments?post=198375"}],"version-history":[{"count":0,"href":"https:\/\/aromasentia.com\/da\/wp-json\/wp\/v2\/product\/198375\/revisions"}],"wp:featuredmedia":[{"embeddable":true,"href":"https:\/\/aromasentia.com\/da\/wp-json\/wp\/v2\/media\/363537"}],"wp:attachment":[{"href":"https:\/\/aromasentia.com\/da\/wp-json\/wp\/v2\/media?parent=198375"}],"wp:term":[{"taxonomy":"product_brand","embeddable":true,"href":"https:\/\/aromasentia.com\/da\/wp-json\/wp\/v2\/product_brand?post=198375"},{"taxonomy":"product_cat","embeddable":true,"href":"https:\/\/aromasentia.com\/da\/wp-json\/wp\/v2\/product_cat?post=198375"},{"taxonomy":"product_tag","embeddable":true,"href":"https:\/\/aromasentia.com\/da\/wp-json\/wp\/v2\/product_tag?post=198375"}],"curies":[{"name":"wp","href":"https:\/\/api.w.org\/{rel}","templated":true}]}}