{"id":198372,"date":"2025-03-22T16:05:00","date_gmt":"2025-03-22T16:05:00","guid":{"rendered":"https:\/\/aromasentia.com\/product\/rainbow-leaf-bamboo-drop\/"},"modified":"2025-06-22T03:10:58","modified_gmt":"2025-06-22T03:10:58","slug":"regnbueblad-og-bambusdraabe","status":"publish","type":"product","link":"https:\/\/aromasentia.com\/da\/regnbueblad-og-bambusdraabe\/","title":{"rendered":"Regnbueblad Og Bambusdr\u00e5be"},"content":{"rendered":"<p>Bring naturen indenfor med disse absolut smukke <strong>Driftwood Chimes<\/strong>. H\u00e5ndlavet af sm\u00e5 familievirksomheder p\u00e5 Bali, der bruger materialer fra stranden som drivt\u00f8mmer og Capiz-glas. Capiz er en velkendt skal, der skaber en behagelig lyd, n\u00e5r den bl\u00e6ser i vinden og sl\u00e5r mod en anden.<\/p>\n<p>Mange mennesker tror, at Wind Chimes beskytter omgivelserne mod onde \u00e5nder og negativ energi. Disse Driftwood Chimes er klar til at blive h\u00e6ngt op i ethvert rum og skabe en blid, beroligende atmosf\u00e6re. Dine kunder kan bruge dem indend\u00f8rs eller udend\u00f8rs; de klirrer fint sammen i brisen, og lyden vil bringe ro til ethvert rum. Du kan m\u00e5ske ogs\u00e5 lide <a href=\"https:\/\/aromasentia.com\/birdb\"><strong>fuglehuse af s\u00f8gr\u00e6s.<\/strong><\/a><\/p>\n<p>I dag kan du skabe blikfang i din butik med <strong>Ancient Wisdom Wholesale Driftwood Chime.De vil hj\u00e6lpe med at tiltr\u00e6kke kunder til din butik.<\/p>\n<ul style=\"padding: 0px; color: rgb(114, 114, 114); font-family: Raleway, sans-serif; font-size: 15px; font-style: normal; font-variant-ligatures: normal; font-variant-caps: normal; font-weight: 400; letter-spacing: normal; orphans: 2; text-align: start; text-indent: 0px; text-transform: none; white-space: normal; widows: 2; word-spacing: 0px; -webkit-text-stroke-width: 0px; background-color: rgb(255, 255, 255); text-decoration-thickness: initial; text-decoration-style: initial; text-decoration-color: initial;\">\n<li>Fremstillet af capiz og drivt\u00f8mmer<\/li>\n<li>H\u00e5ndlavet<\/li>\n<li>Klar til udstilling<\/li>\n<\/ul>\n<p>L\u00e6ngde (fra cirklen): 26 cm, diameter: 12 cm, h\u00e5ndtagsl\u00e6ngde: 9 cm<\/p>\n<p><em>Bem\u00e6rk: Produktets st\u00f8rrelse kan variere en smule p\u00e5 grund af dets h\u00e5ndlavede karakter.<\/em><\/p>\n<p><strong>F\u00e5 gang i kasseapparaterne ved at bestille i dag.<\/strong><\/p>\n","protected":false},"excerpt":{"rendered":"<p>Bring naturen indenfor med disse absolut smukke Driftwood Chimes. H\u00e5ndlavet af sm\u00e5 familievirksomheder p\u00e5 Bali, der bruger materialer fra stranden som drivt\u00f8mmer og Capiz-glas. Capiz er en velkendt skal, der skaber en behagelig lyd, n\u00e5r den bl\u00e6ser i vinden og sl\u00e5r mod en anden. Mange mennesker tror, at Wind Chimes beskytter omgivelserne mod onde \u00e5nder [&hellip;]<\/p>\n","protected":false},"featured_media":363470,"comment_status":"closed","ping_status":"open","template":"","meta":[],"product_brand":[],"product_cat":[5591,6397],"product_tag":[],"class_list":{"0":"post-198372","1":"product","2":"type-product","3":"status-publish","4":"has-post-thumbnail","6":"product_cat-hjem-og-have","7":"product_cat-vindspil","8":"pa_collection-driftwood-chime-da","9":"pa_made-in-indonesien","11":"first","12":"instock","13":"purchasable","14":"product-type-simple"},"supplier_id":null,"supplier_sku":"Copi-09","barcode":null,"atum_controlled":true,"out_stock_date":null,"out_stock_threshold":null,"inheritable":false,"inbound_stock":null,"stock_on_hold":0,"sold_today":0,"sales_last_days":0,"reserved_stock":null,"customer_returns":null,"warehouse_damage":null,"lost_in_post":null,"other_logs":null,"out_stock_days":0,"lost_sales":0,"has_location":null,"update_date":"2026-01-30T01:24:30","atum_locations":[],"atum_stock_status":"instock","restock_status":false,"low_stock_amount":"","sales_update_date":"2026-01-30T01:24:30","calc_backorders":null,"_links":{"self":[{"href":"https:\/\/aromasentia.com\/da\/wp-json\/wp\/v2\/product\/198372","targetHints":{"allow":["GET"]}}],"collection":[{"href":"https:\/\/aromasentia.com\/da\/wp-json\/wp\/v2\/product"}],"about":[{"href":"https:\/\/aromasentia.com\/da\/wp-json\/wp\/v2\/types\/product"}],"replies":[{"embeddable":true,"href":"https:\/\/aromasentia.com\/da\/wp-json\/wp\/v2\/comments?post=198372"}],"version-history":[{"count":0,"href":"https:\/\/aromasentia.com\/da\/wp-json\/wp\/v2\/product\/198372\/revisions"}],"wp:featuredmedia":[{"embeddable":true,"href":"https:\/\/aromasentia.com\/da\/wp-json\/wp\/v2\/media\/363470"}],"wp:attachment":[{"href":"https:\/\/aromasentia.com\/da\/wp-json\/wp\/v2\/media?parent=198372"}],"wp:term":[{"taxonomy":"product_brand","embeddable":true,"href":"https:\/\/aromasentia.com\/da\/wp-json\/wp\/v2\/product_brand?post=198372"},{"taxonomy":"product_cat","embeddable":true,"href":"https:\/\/aromasentia.com\/da\/wp-json\/wp\/v2\/product_cat?post=198372"},{"taxonomy":"product_tag","embeddable":true,"href":"https:\/\/aromasentia.com\/da\/wp-json\/wp\/v2\/product_tag?post=198372"}],"curies":[{"name":"wp","href":"https:\/\/api.w.org\/{rel}","templated":true}]}}