{"id":198367,"date":"2025-03-22T16:05:00","date_gmt":"2025-03-22T16:05:00","guid":{"rendered":"https:\/\/aromasentia.com\/product\/pearl-driftwood-cross-chime\/"},"modified":"2025-06-22T03:10:56","modified_gmt":"2025-06-22T03:10:56","slug":"perle-og-drivtoemmer-korsspil","status":"publish","type":"product","link":"https:\/\/aromasentia.com\/da\/perle-og-drivtoemmer-korsspil\/","title":{"rendered":"Perle- Og Drivt\u00f8mmer-Korsspil"},"content":{"rendered":"<p>Se dette kunstv\u00e6rk importeret direkte fra Indonesien. Den fantastiske <strong><span style=\"color: rgb(141, 186, 216);\">Perle- og drivt\u00f8mmerklokke<\/span><\/strong> er h\u00e5ndlavet af Capiz-glas.<\/p>\n<p>Mange mennesker tror, at de beskytter omgivelserne mod onde \u00e5nder og negativ energi.<\/p>\n<p>H\u00e6ng dette unikke dekorative stykke indend\u00f8rs eller, for en bedre effekt, p\u00e5 verandaen eller i haven. De klirrer flot sammen i brisen, og lyden vil bringe ro til ethvert rum.<\/p>\n<p>Skab en flot og livlig udstilling i din butik med drivt\u00f8mmerklokker i forskellige farver.<\/p>\n<p><strong><span style=\"color: rgb(141, 186, 216);\">Bestil nu og f\u00e5 din zen-oplevelse.<\/span><\/strong><\/p>\n","protected":false},"excerpt":{"rendered":"<p>Se dette kunstv\u00e6rk importeret direkte fra Indonesien. Den fantastiske Perle- og drivt\u00f8mmerklokke er h\u00e5ndlavet af Capiz-glas. Mange mennesker tror, at de beskytter omgivelserne mod onde \u00e5nder og negativ energi. H\u00e6ng dette unikke dekorative stykke indend\u00f8rs eller, for en bedre effekt, p\u00e5 verandaen eller i haven. De klirrer flot sammen i brisen, og lyden vil bringe [&hellip;]<\/p>\n","protected":false},"featured_media":363377,"comment_status":"closed","ping_status":"open","template":"","meta":[],"product_brand":[],"product_cat":[5591,6397],"product_tag":[],"class_list":{"0":"post-198367","1":"product","2":"type-product","3":"status-publish","4":"has-post-thumbnail","6":"product_cat-hjem-og-have","7":"product_cat-vindspil","8":"pa_collection-driftwood-chime-da","9":"pa_made-in-indonesien","11":"first","12":"instock","13":"purchasable","14":"product-type-simple"},"supplier_id":null,"supplier_sku":"Copi-04","barcode":null,"atum_controlled":true,"out_stock_date":null,"out_stock_threshold":null,"inheritable":false,"inbound_stock":null,"stock_on_hold":0,"sold_today":0,"sales_last_days":0,"reserved_stock":null,"customer_returns":null,"warehouse_damage":null,"lost_in_post":null,"other_logs":null,"out_stock_days":0,"lost_sales":0,"has_location":null,"update_date":"2026-02-10T10:29:06","atum_locations":[],"atum_stock_status":"instock","restock_status":false,"low_stock_amount":"","sales_update_date":"2026-01-30T01:24:43","calc_backorders":null,"_links":{"self":[{"href":"https:\/\/aromasentia.com\/da\/wp-json\/wp\/v2\/product\/198367","targetHints":{"allow":["GET"]}}],"collection":[{"href":"https:\/\/aromasentia.com\/da\/wp-json\/wp\/v2\/product"}],"about":[{"href":"https:\/\/aromasentia.com\/da\/wp-json\/wp\/v2\/types\/product"}],"replies":[{"embeddable":true,"href":"https:\/\/aromasentia.com\/da\/wp-json\/wp\/v2\/comments?post=198367"}],"version-history":[{"count":0,"href":"https:\/\/aromasentia.com\/da\/wp-json\/wp\/v2\/product\/198367\/revisions"}],"wp:featuredmedia":[{"embeddable":true,"href":"https:\/\/aromasentia.com\/da\/wp-json\/wp\/v2\/media\/363377"}],"wp:attachment":[{"href":"https:\/\/aromasentia.com\/da\/wp-json\/wp\/v2\/media?parent=198367"}],"wp:term":[{"taxonomy":"product_brand","embeddable":true,"href":"https:\/\/aromasentia.com\/da\/wp-json\/wp\/v2\/product_brand?post=198367"},{"taxonomy":"product_cat","embeddable":true,"href":"https:\/\/aromasentia.com\/da\/wp-json\/wp\/v2\/product_cat?post=198367"},{"taxonomy":"product_tag","embeddable":true,"href":"https:\/\/aromasentia.com\/da\/wp-json\/wp\/v2\/product_tag?post=198367"}],"curies":[{"name":"wp","href":"https:\/\/api.w.org\/{rel}","templated":true}]}}