{"id":198359,"date":"2025-03-22T16:05:00","date_gmt":"2025-03-22T16:05:00","guid":{"rendered":"https:\/\/aromasentia.com\/product\/lrg-green-coconut-dragon-mobile-46cm\/"},"modified":"2025-06-22T03:10:51","modified_gmt":"2025-06-22T03:10:51","slug":"stor-groen-kokosnoed-drage-uro-46cm","status":"publish","type":"product","link":"https:\/\/aromasentia.com\/da\/stor-groen-kokosnoed-drage-uro-46cm\/","title":{"rendered":"Stor Gr\u00f8n Kokosn\u00f8d Drage Uro 46cm"},"content":{"rendered":"<p>Denne smarte <strong>grossist<\/strong><strong>&nbsp;Stor gr\u00f8n&nbsp;<\/strong><strong>Kokosn\u00f8d drage uro<\/strong> vil v\u00e6re en genial tilf\u00f8jelse til din butik.<\/p>\n<p>Fremstillet i Indonesien har denne smukke drageuro et vingefang p\u00e5 ca. 50 cm og en l\u00e6ngde p\u00e5 40 cm og h\u00e6nger 40 cm ned fra krogen.<\/p>\n<p>H\u00e6ng denne smukke flyvende drage indend\u00f8rs eller udend\u00f8rs &#8230; helst i din have og se den flyve rundt. &nbsp;<\/p>\n<p><strong>Bestil i dag og se dem flyve ud af din butik.<\/strong><\/p>\n","protected":false},"excerpt":{"rendered":"<p>Denne smarte grossist&nbsp;Stor gr\u00f8n&nbsp;Kokosn\u00f8d drage uro vil v\u00e6re en genial tilf\u00f8jelse til din butik. Fremstillet i Indonesien har denne smukke drageuro et vingefang p\u00e5 ca. 50 cm og en l\u00e6ngde p\u00e5 40 cm og h\u00e6nger 40 cm ned fra krogen. H\u00e6ng denne smukke flyvende drage indend\u00f8rs eller udend\u00f8rs &#8230; helst i din have og se [&hellip;]<\/p>\n","protected":false},"featured_media":363241,"comment_status":"closed","ping_status":"open","template":"","meta":[],"product_brand":[],"product_cat":[5591],"product_tag":[],"class_list":{"0":"post-198359","1":"product","2":"type-product","3":"status-publish","4":"has-post-thumbnail","6":"product_cat-hjem-og-have","7":"pa_collection-coconut-dragon-mobiles-da","8":"pa_made-in-indonesien","10":"first","11":"instock","12":"purchasable","13":"product-type-simple"},"supplier_id":null,"supplier_sku":"CocoD-07","barcode":null,"atum_controlled":true,"out_stock_date":null,"out_stock_threshold":null,"inheritable":false,"inbound_stock":null,"stock_on_hold":0,"sold_today":0,"sales_last_days":0,"reserved_stock":null,"customer_returns":null,"warehouse_damage":null,"lost_in_post":null,"other_logs":null,"out_stock_days":0,"lost_sales":0,"has_location":null,"update_date":"2026-01-30T01:24:55","atum_locations":[],"atum_stock_status":"instock","restock_status":false,"low_stock_amount":"","sales_update_date":"2026-01-30T01:24:55","calc_backorders":null,"_links":{"self":[{"href":"https:\/\/aromasentia.com\/da\/wp-json\/wp\/v2\/product\/198359","targetHints":{"allow":["GET"]}}],"collection":[{"href":"https:\/\/aromasentia.com\/da\/wp-json\/wp\/v2\/product"}],"about":[{"href":"https:\/\/aromasentia.com\/da\/wp-json\/wp\/v2\/types\/product"}],"replies":[{"embeddable":true,"href":"https:\/\/aromasentia.com\/da\/wp-json\/wp\/v2\/comments?post=198359"}],"version-history":[{"count":0,"href":"https:\/\/aromasentia.com\/da\/wp-json\/wp\/v2\/product\/198359\/revisions"}],"wp:featuredmedia":[{"embeddable":true,"href":"https:\/\/aromasentia.com\/da\/wp-json\/wp\/v2\/media\/363241"}],"wp:attachment":[{"href":"https:\/\/aromasentia.com\/da\/wp-json\/wp\/v2\/media?parent=198359"}],"wp:term":[{"taxonomy":"product_brand","embeddable":true,"href":"https:\/\/aromasentia.com\/da\/wp-json\/wp\/v2\/product_brand?post=198359"},{"taxonomy":"product_cat","embeddable":true,"href":"https:\/\/aromasentia.com\/da\/wp-json\/wp\/v2\/product_cat?post=198359"},{"taxonomy":"product_tag","embeddable":true,"href":"https:\/\/aromasentia.com\/da\/wp-json\/wp\/v2\/product_tag?post=198359"}],"curies":[{"name":"wp","href":"https:\/\/api.w.org\/{rel}","templated":true}]}}