{"id":198358,"date":"2025-03-22T16:05:00","date_gmt":"2025-03-22T16:05:00","guid":{"rendered":"https:\/\/aromasentia.com\/product\/coconut-dragon-wind-chimes\/"},"modified":"2025-06-22T03:10:51","modified_gmt":"2025-06-22T03:10:51","slug":"kokosnoed-drage-vindspil","status":"publish","type":"product","link":"https:\/\/aromasentia.com\/da\/kokosnoed-drage-vindspil\/","title":{"rendered":"Kokosn\u00f8d Drage Vindspil"},"content":{"rendered":"<p>Denne <strong>grossist kokosn\u00f8d drage vindklokke<\/strong> er et smukt indretningsstykke, der passer til b\u00e5de et indend\u00f8rs og udend\u00f8rs milj\u00f8.<\/p>\n<p>Disse smukke kokosn\u00f8d vindklokker er sensationelt h\u00e5ndlavede i Indonesien og har et naturligt dragedesign.<\/p>\n<p>En simpelthen fantastisk, billig tilf\u00f8jelse til ethvert hjem eller have. Der frembringes vidunderlige naturlige toner, som vil give dig total ro.<\/p>\n<p>Den har en l\u00e6ngde p\u00e5 50 cm og et vingefang p\u00e5 ca. 30 cm og h\u00e6nger 40 cm ned fra sin krog.<\/p>\n<p><strong>Bestil i dag, og se dem flyve ud af din butik.<\/strong><\/p>\n","protected":false},"excerpt":{"rendered":"<p>Denne grossist kokosn\u00f8d drage vindklokke er et smukt indretningsstykke, der passer til b\u00e5de et indend\u00f8rs og udend\u00f8rs milj\u00f8. Disse smukke kokosn\u00f8d vindklokker er sensationelt h\u00e5ndlavede i Indonesien og har et naturligt dragedesign. En simpelthen fantastisk, billig tilf\u00f8jelse til ethvert hjem eller have. Der frembringes vidunderlige naturlige toner, som vil give dig total ro. Den har [&hellip;]<\/p>\n","protected":false},"featured_media":363200,"comment_status":"closed","ping_status":"open","template":"","meta":[],"product_brand":[],"product_cat":[5591],"product_tag":[],"class_list":{"0":"post-198358","1":"product","2":"type-product","3":"status-publish","4":"has-post-thumbnail","6":"product_cat-hjem-og-have","7":"pa_collection-coconut-dragon-mobiles-da","8":"pa_made-in-indonesien","10":"first","11":"instock","12":"purchasable","13":"product-type-simple"},"supplier_id":null,"supplier_sku":"CocoD-06","barcode":null,"atum_controlled":true,"out_stock_date":null,"out_stock_threshold":null,"inheritable":false,"inbound_stock":null,"stock_on_hold":0,"sold_today":0,"sales_last_days":0,"reserved_stock":null,"customer_returns":null,"warehouse_damage":null,"lost_in_post":null,"other_logs":null,"out_stock_days":0,"lost_sales":0,"has_location":null,"update_date":"2026-01-30T01:25:25","atum_locations":[],"atum_stock_status":"instock","restock_status":false,"low_stock_amount":"","sales_update_date":"2026-01-30T01:25:25","calc_backorders":null,"_links":{"self":[{"href":"https:\/\/aromasentia.com\/da\/wp-json\/wp\/v2\/product\/198358","targetHints":{"allow":["GET"]}}],"collection":[{"href":"https:\/\/aromasentia.com\/da\/wp-json\/wp\/v2\/product"}],"about":[{"href":"https:\/\/aromasentia.com\/da\/wp-json\/wp\/v2\/types\/product"}],"replies":[{"embeddable":true,"href":"https:\/\/aromasentia.com\/da\/wp-json\/wp\/v2\/comments?post=198358"}],"version-history":[{"count":0,"href":"https:\/\/aromasentia.com\/da\/wp-json\/wp\/v2\/product\/198358\/revisions"}],"wp:featuredmedia":[{"embeddable":true,"href":"https:\/\/aromasentia.com\/da\/wp-json\/wp\/v2\/media\/363200"}],"wp:attachment":[{"href":"https:\/\/aromasentia.com\/da\/wp-json\/wp\/v2\/media?parent=198358"}],"wp:term":[{"taxonomy":"product_brand","embeddable":true,"href":"https:\/\/aromasentia.com\/da\/wp-json\/wp\/v2\/product_brand?post=198358"},{"taxonomy":"product_cat","embeddable":true,"href":"https:\/\/aromasentia.com\/da\/wp-json\/wp\/v2\/product_cat?post=198358"},{"taxonomy":"product_tag","embeddable":true,"href":"https:\/\/aromasentia.com\/da\/wp-json\/wp\/v2\/product_tag?post=198358"}],"curies":[{"name":"wp","href":"https:\/\/api.w.org\/{rel}","templated":true}]}}