{"id":198354,"date":"2025-03-22T16:05:00","date_gmt":"2025-03-22T16:05:00","guid":{"rendered":"https:\/\/aromasentia.com\/product\/red-coconut-dragon-mobile-37cm\/"},"modified":"2025-06-22T03:10:49","modified_gmt":"2025-06-22T03:10:49","slug":"mobil-med-roed-kokosnoed-og-drage-37-cm","status":"publish","type":"product","link":"https:\/\/aromasentia.com\/da\/mobil-med-roed-kokosnoed-og-drage-37-cm\/","title":{"rendered":"mobil med R\u00f8d Kokosn\u00f8d Og Drage, 37 cm"},"content":{"rendered":"<p>Denne serie af kunstf\u00e6rdige kokosn\u00f8ddedrage-mobiler vil v\u00e6re et str\u00e5lende syn.<\/p>\n<p>Du kan forestille dig dem dingle i haven, mens de flyver rundt. Disse kokosn\u00f8ddedrager har et vingefang p\u00e5 cirka 37 cm x 30 cm og h\u00e6nger 40 cm ned fra deres krog. Virkelig imponerende drage, der ikke beh\u00f8ver at blive tr\u00e6net.<\/p>\n<p>De er omhyggeligt h\u00e5ndlavede i Indonesien af en h\u00e5ndv\u00e6rkerfamilie med omhu og k\u00e6rlighed.<\/p>\n<p>H\u00e6ng denne smukke flyvende drage indend\u00f8rs eller udend\u00f8rs &#8230; helst i haven, og se den flyve rundt.<\/p>\n","protected":false},"excerpt":{"rendered":"<p>Denne serie af kunstf\u00e6rdige kokosn\u00f8ddedrage-mobiler vil v\u00e6re et str\u00e5lende syn. Du kan forestille dig dem dingle i haven, mens de flyver rundt. Disse kokosn\u00f8ddedrager har et vingefang p\u00e5 cirka 37 cm x 30 cm og h\u00e6nger 40 cm ned fra deres krog. Virkelig imponerende drage, der ikke beh\u00f8ver at blive tr\u00e6net. De er omhyggeligt h\u00e5ndlavede [&hellip;]<\/p>\n","protected":false},"featured_media":363092,"comment_status":"closed","ping_status":"open","template":"","meta":[],"product_brand":[],"product_cat":[5591],"product_tag":[],"class_list":{"0":"post-198354","1":"product","2":"type-product","3":"status-publish","4":"has-post-thumbnail","6":"product_cat-hjem-og-have","7":"pa_collection-coconut-dragon-mobiles-da","8":"pa_made-in-indonesien","10":"first","11":"instock","12":"purchasable","13":"product-type-simple"},"supplier_id":null,"supplier_sku":"CocoD-03","barcode":null,"atum_controlled":true,"out_stock_date":null,"out_stock_threshold":null,"inheritable":false,"inbound_stock":null,"stock_on_hold":0,"sold_today":0,"sales_last_days":0,"reserved_stock":null,"customer_returns":null,"warehouse_damage":null,"lost_in_post":null,"other_logs":null,"out_stock_days":0,"lost_sales":0,"has_location":null,"update_date":"2026-02-09T11:39:23","atum_locations":[],"atum_stock_status":"instock","restock_status":false,"low_stock_amount":"","sales_update_date":"2026-02-06T00:02:21","calc_backorders":null,"_links":{"self":[{"href":"https:\/\/aromasentia.com\/da\/wp-json\/wp\/v2\/product\/198354","targetHints":{"allow":["GET"]}}],"collection":[{"href":"https:\/\/aromasentia.com\/da\/wp-json\/wp\/v2\/product"}],"about":[{"href":"https:\/\/aromasentia.com\/da\/wp-json\/wp\/v2\/types\/product"}],"replies":[{"embeddable":true,"href":"https:\/\/aromasentia.com\/da\/wp-json\/wp\/v2\/comments?post=198354"}],"version-history":[{"count":0,"href":"https:\/\/aromasentia.com\/da\/wp-json\/wp\/v2\/product\/198354\/revisions"}],"wp:featuredmedia":[{"embeddable":true,"href":"https:\/\/aromasentia.com\/da\/wp-json\/wp\/v2\/media\/363092"}],"wp:attachment":[{"href":"https:\/\/aromasentia.com\/da\/wp-json\/wp\/v2\/media?parent=198354"}],"wp:term":[{"taxonomy":"product_brand","embeddable":true,"href":"https:\/\/aromasentia.com\/da\/wp-json\/wp\/v2\/product_brand?post=198354"},{"taxonomy":"product_cat","embeddable":true,"href":"https:\/\/aromasentia.com\/da\/wp-json\/wp\/v2\/product_cat?post=198354"},{"taxonomy":"product_tag","embeddable":true,"href":"https:\/\/aromasentia.com\/da\/wp-json\/wp\/v2\/product_tag?post=198354"}],"curies":[{"name":"wp","href":"https:\/\/api.w.org\/{rel}","templated":true}]}}