{"id":198343,"date":"2025-03-22T16:05:00","date_gmt":"2025-03-22T16:05:00","guid":{"rendered":"https:\/\/aromasentia.com\/product\/coconut-leaf-fruit-bowl-set-natural\/"},"modified":"2025-06-22T03:10:45","modified_gmt":"2025-06-22T03:10:45","slug":"saet-med-frugtskaale-af-kokosnoeddeblade-natur","status":"publish","type":"product","link":"https:\/\/aromasentia.com\/da\/saet-med-frugtskaale-af-kokosnoeddeblade-natur\/","title":{"rendered":"S\u00e6t med Frugtsk\u00e5le Af Kokosn\u00f8ddeblade &#8211; Natur"},"content":{"rendered":"<p><span style=\"color: rgb(75, 80, 88);\"><strong>Kokosbladsfrugtsk\u00e5le i s\u00e6t med tre &#8211; Naturlig&nbsp;<\/strong>er lavet af et rigtigt kokosblad, en speciel type, der kan omformes og b\u00f8jes i former, n\u00e5r det opvarmes. Hvert blad er et <strong>unikt naturprodukt<\/strong>, og hvert blad har en lidt forskellig st\u00f8rrelse og form. Bring naturen indenfor med disse helt smukke (og overkommelige) naturlige kunstv\u00e6rker, som dine kunder virkelig vil have lyst til at eje. S\u00e6lges i s\u00e6t med tre i hvidvasket, naturlig og chokolade, og disse smukke farver med en slidt finish vil give dine kunder flere valgmuligheder.<\/span><\/p>\n<p><span style=\"color: rgb(75, 80, 88);\">Alle s\u00e6t er bet\u00e6nksomme<strong>&nbsp;milj\u00f8venlige gaver<\/strong>, individuelt pakket ind i kunsth\u00e5ndv\u00e6rkspapir for at beskytte dem under transport og pakket i en \u00e6ske lavet af genbrugspap. Du kan skabe en eksotisk borddekoration med disse frugtsk\u00e5les\u00e6t med kokosblade. De er nemme at reng\u00f8re, brug blot en fugtig svamp eller klud.<\/span><\/p>\n<p><span style=\"color: rgb(75, 80, 88);\"><strong>Bem\u00e6rk venligst:<\/strong> Disse produkter er lavet af naturlige materialer, s\u00e5 den n\u00f8jagtige farve og finish vil variere. Hver er lidt anderledes og derfor unik.<\/span><\/p>\n<p><span style=\"color: rgb(75, 80, 88);\"><strong>St\u00f8rrelser: Stor 40x20cm, Mellem 30x15cm og Lille 25x11cm.<\/strong><\/span><\/p>\n<p><span style=\"color: rgb(75, 80, 88);\"><em>S\u00e6lges i s\u00e6t af 3 &#8211; H\u00e5ndlavet p\u00e5 Bali &ndash; Milj\u00f8venlig &#8211; Vegansk &#8211; Fantastisk \u00f8ko-gave<\/em>&nbsp;<\/span><\/p>\n<p><span style=\"color: rgb(141, 186, 216);\"><strong>Giv dine kunder en dejlig og eksotisk boligindretning, bestil nu.<\/strong><\/span><\/p>\n","protected":false},"excerpt":{"rendered":"<p>Kokosbladsfrugtsk\u00e5le i s\u00e6t med tre &#8211; Naturlig&nbsp;er lavet af et rigtigt kokosblad, en speciel type, der kan omformes og b\u00f8jes i former, n\u00e5r det opvarmes. Hvert blad er et unikt naturprodukt, og hvert blad har en lidt forskellig st\u00f8rrelse og form. Bring naturen indenfor med disse helt smukke (og overkommelige) naturlige kunstv\u00e6rker, som dine kunder [&hellip;]<\/p>\n","protected":false},"featured_media":362705,"comment_status":"closed","ping_status":"open","template":"","meta":{"_angie_page":false},"product_brand":[],"product_cat":[6332,5591],"product_tag":[],"class_list":{"0":"post-198343","1":"product","2":"type-product","3":"status-publish","4":"has-post-thumbnail","6":"product_cat-dekorationer","7":"product_cat-hjem-og-have","8":"pa_collection-coconut-leaf-fruit-bowl-sets-da","9":"pa_made-in-indonesien","11":"first","12":"instock","13":"purchasable","14":"product-type-simple"},"supplier_id":null,"supplier_sku":"CLFB-01","barcode":null,"atum_controlled":true,"out_stock_date":null,"out_stock_threshold":null,"inheritable":false,"inbound_stock":null,"stock_on_hold":0,"sold_today":0,"sales_last_days":0,"reserved_stock":null,"customer_returns":null,"warehouse_damage":null,"lost_in_post":null,"other_logs":null,"out_stock_days":0,"lost_sales":0,"has_location":null,"update_date":"2026-05-04T00:02:51","atum_locations":[],"atum_stock_status":"instock","restock_status":false,"low_stock_amount":"","sales_update_date":"2026-01-30T01:26:13","calc_backorders":null,"_links":{"self":[{"href":"https:\/\/aromasentia.com\/da\/wp-json\/wp\/v2\/product\/198343","targetHints":{"allow":["GET"]}}],"collection":[{"href":"https:\/\/aromasentia.com\/da\/wp-json\/wp\/v2\/product"}],"about":[{"href":"https:\/\/aromasentia.com\/da\/wp-json\/wp\/v2\/types\/product"}],"replies":[{"embeddable":true,"href":"https:\/\/aromasentia.com\/da\/wp-json\/wp\/v2\/comments?post=198343"}],"version-history":[{"count":0,"href":"https:\/\/aromasentia.com\/da\/wp-json\/wp\/v2\/product\/198343\/revisions"}],"wp:featuredmedia":[{"embeddable":true,"href":"https:\/\/aromasentia.com\/da\/wp-json\/wp\/v2\/media\/362705"}],"wp:attachment":[{"href":"https:\/\/aromasentia.com\/da\/wp-json\/wp\/v2\/media?parent=198343"}],"wp:term":[{"taxonomy":"product_brand","embeddable":true,"href":"https:\/\/aromasentia.com\/da\/wp-json\/wp\/v2\/product_brand?post=198343"},{"taxonomy":"product_cat","embeddable":true,"href":"https:\/\/aromasentia.com\/da\/wp-json\/wp\/v2\/product_cat?post=198343"},{"taxonomy":"product_tag","embeddable":true,"href":"https:\/\/aromasentia.com\/da\/wp-json\/wp\/v2\/product_tag?post=198343"}],"curies":[{"name":"wp","href":"https:\/\/api.w.org\/{rel}","templated":true}]}}