{"id":198342,"date":"2025-03-22T16:05:00","date_gmt":"2025-03-22T16:05:00","guid":{"rendered":"https:\/\/aromasentia.com\/product\/coconut-leaf-wind-chimes-chocolate\/"},"modified":"2025-06-22T03:10:44","modified_gmt":"2025-06-22T03:10:44","slug":"vindspil-med-kokosnoeddeblade-chokolade","status":"publish","type":"product","link":"https:\/\/aromasentia.com\/da\/vindspil-med-kokosnoeddeblade-chokolade\/","title":{"rendered":"Vindspil med Kokosn\u00f8ddeblade &#8211; Chokolade"},"content":{"rendered":"<p><span style=\"background-color: transparent;\"><strong>Disse kokosn\u00f8ddeblad-vindklokker<\/strong><\/span><span style=\"color: rgb(75, 80, 88);\"><strong>Vindklokker i blade &#8211; Chokolade<\/strong> er lavet af et \u00e6gte kokosblad, h\u00e5ndlavet p\u00e5 Bali. De er lavet af et \u00e6gte kokosblad, en speciel type, der kan omformes og b\u00f8jes i former, n\u00e5r de opvarmes. Perfekt til indend\u00f8rs brug, men kan ogs\u00e5 bruges i haven eller p\u00e5 terrassen, hvor vindklokkerne blidt kan lege i brisen. I vinterm\u00e5nederne eller i v\u00e5dt vejr b\u00f8r vindklokkerne bringes indend\u00f8rs eller placeres et beskyttet omr\u00e5de i haven. Du kan ogs\u00e5 v\u00e6re interesseret i Naturlig Kokoslampe.<\/span><\/p>\n<p><span style=\"color: rgb(75, 80, 88);\"><em><strong>Etisk &#8211; H\u00e5ndlavet i Java &#8211; Milj\u00f8venlig<\/strong><\/em><\/span><\/p>\n<p><span style=\"color: rgb(141, 186, 216);\"><strong>Bestil i dag, og lad dine kunder h\u00f8re de smukke vindklokker lyde.<\/strong><\/span><\/p>\n","protected":false},"excerpt":{"rendered":"<p>Disse kokosn\u00f8ddeblad-vindklokkerVindklokker i blade &#8211; Chokolade er lavet af et \u00e6gte kokosblad, h\u00e5ndlavet p\u00e5 Bali. De er lavet af et \u00e6gte kokosblad, en speciel type, der kan omformes og b\u00f8jes i former, n\u00e5r de opvarmes. Perfekt til indend\u00f8rs brug, men kan ogs\u00e5 bruges i haven eller p\u00e5 terrassen, hvor vindklokkerne blidt kan lege i brisen. [&hellip;]<\/p>\n","protected":false},"featured_media":362672,"comment_status":"closed","ping_status":"open","template":"","meta":{"_angie_page":false},"product_brand":[],"product_cat":[5591,6397],"product_tag":[],"class_list":{"0":"post-198342","1":"product","2":"type-product","3":"status-publish","4":"has-post-thumbnail","6":"product_cat-hjem-og-have","7":"product_cat-vindspil","8":"pa_collection-coconut-leaf-wind-chimes-da","9":"pa_made-in-indonesien","11":"first","12":"instock","13":"purchasable","14":"product-type-simple"},"supplier_id":null,"supplier_sku":"CLCH-03","barcode":null,"atum_controlled":true,"out_stock_date":null,"out_stock_threshold":null,"inheritable":false,"inbound_stock":null,"stock_on_hold":0,"sold_today":0,"sales_last_days":0,"reserved_stock":null,"customer_returns":null,"warehouse_damage":null,"lost_in_post":null,"other_logs":null,"out_stock_days":0,"lost_sales":0,"has_location":null,"update_date":"2026-05-08T05:06:10","atum_locations":[],"atum_stock_status":"instock","restock_status":false,"low_stock_amount":"","sales_update_date":"2026-02-06T00:02:11","calc_backorders":null,"_links":{"self":[{"href":"https:\/\/aromasentia.com\/da\/wp-json\/wp\/v2\/product\/198342","targetHints":{"allow":["GET"]}}],"collection":[{"href":"https:\/\/aromasentia.com\/da\/wp-json\/wp\/v2\/product"}],"about":[{"href":"https:\/\/aromasentia.com\/da\/wp-json\/wp\/v2\/types\/product"}],"replies":[{"embeddable":true,"href":"https:\/\/aromasentia.com\/da\/wp-json\/wp\/v2\/comments?post=198342"}],"version-history":[{"count":0,"href":"https:\/\/aromasentia.com\/da\/wp-json\/wp\/v2\/product\/198342\/revisions"}],"wp:featuredmedia":[{"embeddable":true,"href":"https:\/\/aromasentia.com\/da\/wp-json\/wp\/v2\/media\/362672"}],"wp:attachment":[{"href":"https:\/\/aromasentia.com\/da\/wp-json\/wp\/v2\/media?parent=198342"}],"wp:term":[{"taxonomy":"product_brand","embeddable":true,"href":"https:\/\/aromasentia.com\/da\/wp-json\/wp\/v2\/product_brand?post=198342"},{"taxonomy":"product_cat","embeddable":true,"href":"https:\/\/aromasentia.com\/da\/wp-json\/wp\/v2\/product_cat?post=198342"},{"taxonomy":"product_tag","embeddable":true,"href":"https:\/\/aromasentia.com\/da\/wp-json\/wp\/v2\/product_tag?post=198342"}],"curies":[{"name":"wp","href":"https:\/\/api.w.org\/{rel}","templated":true}]}}