{"id":198332,"date":"2025-03-22T16:05:00","date_gmt":"2025-03-22T16:05:00","guid":{"rendered":"https:\/\/aromasentia.com\/product\/classic-cushion-cover-squares-grey-40x40cm\/"},"modified":"2025-06-22T03:10:39","modified_gmt":"2025-06-22T03:10:39","slug":"klassisk-pudebetraek-firkanter-graa-40x40cm","status":"publish","type":"product","link":"https:\/\/aromasentia.com\/da\/klassisk-pudebetraek-firkanter-graa-40x40cm\/","title":{"rendered":"Klassisk Pudebetr\u00e6k &#8211; Firkanter Gr\u00e5 &#8211; 40X40cm"},"content":{"rendered":"<p>Indiske klassiske pudebetr\u00e6k er ekstremt dekorative med traditionelle indiske geometriske designs og m\u00f8nstre. Fremstillet af bomuld i h\u00f8j kvalitet i neutrale farver som beige, gr\u00e5 eller sort.<br style=\"box-sizing: inherit; color: rgb(29, 28, 29); font-family: Slack-Lato, Slack-Fractions, appleLogo, sans-serif; font-size: 15px; font-style: normal; font-variant-ligatures: common-ligatures; font-variant-caps: normal; font-weight: 400; letter-spacing: normal; orphans: 2; text-align: left; text-indent: 0px; text-transform: none; white-space: normal; widows: 2; word-spacing: 0px; -webkit-text-stroke-width: 0px; background-color: rgb(255, 255, 255); text-decoration-thickness: initial; text-decoration-style: initial; text-decoration-color: initial;\">Disse neutrale farver g\u00f8r dem alsidige og nemme at blande og matche med andre d&eacute;cor-stilarter.<\/p>\n<p>&nbsp;De kan bruges i mange forskellige rum, herunder stuer, sovev\u00e6relser og endda udend\u00f8rs. Et popul\u00e6rt valg for dem, der \u00f8nsker at tilf\u00f8je et strejf af traditionelt indisk design til deres boligindretning.<\/p>\n<p><em>St\u00f8rrelse: 40&#215;40 cm<\/em><\/p>\n<p><strong>Innersider medf\u00f8lger ikke &#8211; de kan bestilles separat&nbsp;<\/strong><a href=\"https:\/\/aromasentia.com\/inner\"><u><strong>her<\/strong><\/u><\/a><strong>.&nbsp;<\/strong><\/p>\n","protected":false},"excerpt":{"rendered":"<p>Indiske klassiske pudebetr\u00e6k er ekstremt dekorative med traditionelle indiske geometriske designs og m\u00f8nstre. Fremstillet af bomuld i h\u00f8j kvalitet i neutrale farver som beige, gr\u00e5 eller sort.Disse neutrale farver g\u00f8r dem alsidige og nemme at blande og matche med andre d&eacute;cor-stilarter. &nbsp;De kan bruges i mange forskellige rum, herunder stuer, sovev\u00e6relser og endda udend\u00f8rs. Et [&hellip;]<\/p>\n","protected":false},"featured_media":362350,"comment_status":"closed","ping_status":"open","template":"","meta":{"_angie_page":false},"product_brand":[],"product_cat":[5591,6355,6350],"product_tag":[],"class_list":{"0":"post-198332","1":"product","2":"type-product","3":"status-publish","4":"has-post-thumbnail","6":"product_cat-hjem-og-have","7":"product_cat-pudebetraek","8":"product_cat-tekstiler","9":"pa_collection-classic-cushion-cover-da","10":"pa_made-in-indien","12":"first","13":"instock","14":"purchasable","15":"product-type-simple"},"supplier_id":null,"supplier_sku":"CICC-03","barcode":null,"atum_controlled":true,"out_stock_date":null,"out_stock_threshold":null,"inheritable":false,"inbound_stock":null,"stock_on_hold":0,"sold_today":0,"sales_last_days":0,"reserved_stock":null,"customer_returns":null,"warehouse_damage":null,"lost_in_post":null,"other_logs":null,"out_stock_days":0,"lost_sales":0,"has_location":null,"update_date":"2026-04-27T06:57:28","atum_locations":[],"atum_stock_status":"instock","restock_status":false,"low_stock_amount":"","sales_update_date":"2026-01-30T01:25:54","calc_backorders":null,"_links":{"self":[{"href":"https:\/\/aromasentia.com\/da\/wp-json\/wp\/v2\/product\/198332","targetHints":{"allow":["GET"]}}],"collection":[{"href":"https:\/\/aromasentia.com\/da\/wp-json\/wp\/v2\/product"}],"about":[{"href":"https:\/\/aromasentia.com\/da\/wp-json\/wp\/v2\/types\/product"}],"replies":[{"embeddable":true,"href":"https:\/\/aromasentia.com\/da\/wp-json\/wp\/v2\/comments?post=198332"}],"version-history":[{"count":0,"href":"https:\/\/aromasentia.com\/da\/wp-json\/wp\/v2\/product\/198332\/revisions"}],"wp:featuredmedia":[{"embeddable":true,"href":"https:\/\/aromasentia.com\/da\/wp-json\/wp\/v2\/media\/362350"}],"wp:attachment":[{"href":"https:\/\/aromasentia.com\/da\/wp-json\/wp\/v2\/media?parent=198332"}],"wp:term":[{"taxonomy":"product_brand","embeddable":true,"href":"https:\/\/aromasentia.com\/da\/wp-json\/wp\/v2\/product_brand?post=198332"},{"taxonomy":"product_cat","embeddable":true,"href":"https:\/\/aromasentia.com\/da\/wp-json\/wp\/v2\/product_cat?post=198332"},{"taxonomy":"product_tag","embeddable":true,"href":"https:\/\/aromasentia.com\/da\/wp-json\/wp\/v2\/product_tag?post=198332"}],"curies":[{"name":"wp","href":"https:\/\/api.w.org\/{rel}","templated":true}]}}