{"id":198322,"date":"2025-03-22T16:05:00","date_gmt":"2025-03-22T16:05:00","guid":{"rendered":"https:\/\/aromasentia.com\/product\/cantal-grass-bunch-black\/"},"modified":"2025-06-22T03:10:35","modified_gmt":"2025-06-22T03:10:35","slug":"cantal-graesbundt-sort","status":"publish","type":"product","link":"https:\/\/aromasentia.com\/da\/cantal-graesbundt-sort\/","title":{"rendered":"Cantal Gr\u00e6sbundt &#8211; Sort"},"content":{"rendered":"<p><span style=\"color: rgb(75, 80, 88);\">Lad dine kunder bringe naturen indenfor med disse <strong>Cantal Gr\u00e6sbuketter &#8211; Sort<\/strong>. Friske farver, der ser gener\u00f8se og elegante ud.<\/span><\/p>\n<p><span style=\"color: rgb(75, 80, 88);\">De er perfekte til at dekorere gange, stuer eller kontorer. Du kan endda s\u00e6lge dem som moderne dekoration til bryllupper eller fester med et naturligt tema.<\/span><\/p>\n<p><span style=\"color: rgb(75, 80, 88);\">G\u00f8r ethvert hjem fyldt med liv med disse bladrige dekorationer. Det vil give en \u00f8nskv\u00e6rdig boho-stil og f\u00f8lelsen af at v\u00e6re t\u00e6t p\u00e5 naturen.<\/span><\/p>\n<p><span style=\"color: rgb(75, 80, 88);\">Milj\u00f8venlige materialer er meget trendy, is\u00e6r produkter lavet af gr\u00e6s er moderigtige og lette at s\u00e6lge.<\/span><\/p>\n<p><span style=\"color: rgb(75, 80, 88);\"><strong>BEM\u00c6RK VENLIGST: P\u00e5 grund af brugen af naturlige materialer kan der v\u00e6re nogle farve- og st\u00f8rrelsesforskelle i forhold til billedet.<\/strong><\/span><\/p>\n<p><span style=\"color: rgb(141, 186, 216);\"><strong>Bestil nu og giv dine kunder denne trendy boho-indretning.<\/strong><\/span><\/p>\n","protected":false},"excerpt":{"rendered":"<p>Lad dine kunder bringe naturen indenfor med disse Cantal Gr\u00e6sbuketter &#8211; Sort. Friske farver, der ser gener\u00f8se og elegante ud. De er perfekte til at dekorere gange, stuer eller kontorer. Du kan endda s\u00e6lge dem som moderne dekoration til bryllupper eller fester med et naturligt tema. G\u00f8r ethvert hjem fyldt med liv med disse bladrige [&hellip;]<\/p>\n","protected":false},"featured_media":362116,"comment_status":"closed","ping_status":"open","template":"","meta":[],"product_brand":[],"product_cat":[6332,5591],"product_tag":[],"class_list":{"0":"post-198322","1":"product","2":"type-product","3":"status-publish","4":"has-post-thumbnail","6":"product_cat-dekorationer","7":"product_cat-hjem-og-have","8":"pa_collection-cantal-grass-bunch-da","9":"pa_made-in-indonesien","11":"first","12":"instock","13":"purchasable","14":"product-type-simple"},"supplier_id":null,"supplier_sku":"CGB-10","barcode":null,"atum_controlled":true,"out_stock_date":null,"out_stock_threshold":null,"inheritable":false,"inbound_stock":null,"stock_on_hold":0,"sold_today":0,"sales_last_days":0,"reserved_stock":null,"customer_returns":null,"warehouse_damage":null,"lost_in_post":null,"other_logs":null,"out_stock_days":0,"lost_sales":0,"has_location":null,"update_date":"2026-01-27T14:22:21","atum_locations":[],"atum_stock_status":"instock","restock_status":false,"low_stock_amount":"","sales_update_date":"2026-01-20T05:13:23","calc_backorders":null,"_links":{"self":[{"href":"https:\/\/aromasentia.com\/da\/wp-json\/wp\/v2\/product\/198322","targetHints":{"allow":["GET"]}}],"collection":[{"href":"https:\/\/aromasentia.com\/da\/wp-json\/wp\/v2\/product"}],"about":[{"href":"https:\/\/aromasentia.com\/da\/wp-json\/wp\/v2\/types\/product"}],"replies":[{"embeddable":true,"href":"https:\/\/aromasentia.com\/da\/wp-json\/wp\/v2\/comments?post=198322"}],"version-history":[{"count":0,"href":"https:\/\/aromasentia.com\/da\/wp-json\/wp\/v2\/product\/198322\/revisions"}],"wp:featuredmedia":[{"embeddable":true,"href":"https:\/\/aromasentia.com\/da\/wp-json\/wp\/v2\/media\/362116"}],"wp:attachment":[{"href":"https:\/\/aromasentia.com\/da\/wp-json\/wp\/v2\/media?parent=198322"}],"wp:term":[{"taxonomy":"product_brand","embeddable":true,"href":"https:\/\/aromasentia.com\/da\/wp-json\/wp\/v2\/product_brand?post=198322"},{"taxonomy":"product_cat","embeddable":true,"href":"https:\/\/aromasentia.com\/da\/wp-json\/wp\/v2\/product_cat?post=198322"},{"taxonomy":"product_tag","embeddable":true,"href":"https:\/\/aromasentia.com\/da\/wp-json\/wp\/v2\/product_tag?post=198322"}],"curies":[{"name":"wp","href":"https:\/\/api.w.org\/{rel}","templated":true}]}}