{"id":198308,"date":"2025-03-22T16:05:12","date_gmt":"2025-03-22T16:05:12","guid":{"rendered":"https:\/\/aromasentia.com\/product\/protection-dream-cather-lrg-macrame-eye-white-gey-brown\/"},"modified":"2025-06-22T03:10:27","modified_gmt":"2025-06-22T03:10:27","slug":"beskyttelse-droemmefanger-stor-macrame-eye-white-gey-brown","status":"publish","type":"product","link":"https:\/\/aromasentia.com\/da\/beskyttelse-droemmefanger-stor-macrame-eye-white-gey-brown\/","title":{"rendered":"Beskyttelse Dr\u00f8mmefanger &#8211; Stor Macrame Eye White\/ Gey\/Brown"},"content":{"rendered":"<p>I mange gamle kulturer er det onde \u00f8je et symbol p\u00e5 beskyttelse mod det onde. Denne kombination af dr\u00f8mmefanger og ondt \u00f8je fremkalder magien fra begge dele.<\/p>\n<p>Dine kunder kan h\u00e6nge den i sovev\u00e6relset for at beskytte mod onde mareridt &#8211; de gode dr\u00f8mme passerer gennem dr\u00f8mmefangeren, og de d\u00e5rlige bliver viklet ind i nettet og g\u00e5r til grunde ved daggryets f\u00f8rste lys.<\/p>\n<p>Dr\u00f8mmefangere er altid popul\u00e6re, og denne serie er noget s\u00e6rligt kombineret med elementerne fra det onde \u00f8je. &nbsp;You might also like&nbsp;<\/p>\n<p><a class=\"fr-green\" href=\"https:\/\/aromasentia.com\/mdc\"><strong>Pastel Macram&eacute; Dream Catchers.<\/strong><\/a><\/p>\n<p>H\u00e5ndlavet med macrame-detaljer og naturlige rottingrammer. En smukt udformet gave i levende design, som dine kunder vil elske.<\/p>\n<p>S\u00e5 bestil i dag, og f\u00e5 et ekstra salg.<\/p>\n<p><strong>St\u00f8rrelser: &nbsp;Dream Cather-ramme 70x1x23cm &nbsp;med fjer 70x1x23x85cm<\/strong><\/p>\n","protected":false},"excerpt":{"rendered":"<p>I mange gamle kulturer er det onde \u00f8je et symbol p\u00e5 beskyttelse mod det onde. Denne kombination af dr\u00f8mmefanger og ondt \u00f8je fremkalder magien fra begge dele. Dine kunder kan h\u00e6nge den i sovev\u00e6relset for at beskytte mod onde mareridt &#8211; de gode dr\u00f8mme passerer gennem dr\u00f8mmefangeren, og de d\u00e5rlige bliver viklet ind i nettet [&hellip;]<\/p>\n","protected":false},"featured_media":366110,"comment_status":"closed","ping_status":"open","template":"","meta":[],"product_brand":[],"product_cat":[5591,5592,5571],"product_tag":[],"class_list":{"0":"post-198308","1":"product","2":"type-product","3":"status-publish","4":"has-post-thumbnail","6":"product_cat-hjem-og-have","7":"product_cat-macrame-og-drommefangere","8":"product_cat-vintagegaver-og-souvenirs","9":"pa_collection-protection-dream-catcher-da","10":"pa_made-in-indonesien","12":"first","13":"instock","14":"purchasable","15":"product-type-simple"},"supplier_id":null,"supplier_sku":"EyeDC-01","barcode":null,"atum_controlled":true,"out_stock_date":null,"out_stock_threshold":null,"inheritable":false,"inbound_stock":null,"stock_on_hold":0,"sold_today":0,"sales_last_days":0,"reserved_stock":null,"customer_returns":null,"warehouse_damage":null,"lost_in_post":null,"other_logs":null,"out_stock_days":0,"lost_sales":0,"has_location":null,"update_date":"2026-01-30T01:26:38","atum_locations":[],"atum_stock_status":"instock","restock_status":false,"low_stock_amount":"","sales_update_date":"2026-01-30T01:26:38","calc_backorders":null,"_links":{"self":[{"href":"https:\/\/aromasentia.com\/da\/wp-json\/wp\/v2\/product\/198308","targetHints":{"allow":["GET"]}}],"collection":[{"href":"https:\/\/aromasentia.com\/da\/wp-json\/wp\/v2\/product"}],"about":[{"href":"https:\/\/aromasentia.com\/da\/wp-json\/wp\/v2\/types\/product"}],"replies":[{"embeddable":true,"href":"https:\/\/aromasentia.com\/da\/wp-json\/wp\/v2\/comments?post=198308"}],"version-history":[{"count":0,"href":"https:\/\/aromasentia.com\/da\/wp-json\/wp\/v2\/product\/198308\/revisions"}],"wp:featuredmedia":[{"embeddable":true,"href":"https:\/\/aromasentia.com\/da\/wp-json\/wp\/v2\/media\/366110"}],"wp:attachment":[{"href":"https:\/\/aromasentia.com\/da\/wp-json\/wp\/v2\/media?parent=198308"}],"wp:term":[{"taxonomy":"product_brand","embeddable":true,"href":"https:\/\/aromasentia.com\/da\/wp-json\/wp\/v2\/product_brand?post=198308"},{"taxonomy":"product_cat","embeddable":true,"href":"https:\/\/aromasentia.com\/da\/wp-json\/wp\/v2\/product_cat?post=198308"},{"taxonomy":"product_tag","embeddable":true,"href":"https:\/\/aromasentia.com\/da\/wp-json\/wp\/v2\/product_tag?post=198308"}],"curies":[{"name":"wp","href":"https:\/\/api.w.org\/{rel}","templated":true}]}}