{"id":198300,"date":"2025-03-22T16:05:12","date_gmt":"2025-03-22T16:05:12","guid":{"rendered":"https:\/\/aromasentia.com\/product\/extra-large-drama-dreancatcher-pastal-rainbow\/"},"modified":"2025-06-22T03:10:22","modified_gmt":"2025-06-22T03:10:22","slug":"ekstra-stor-drama-dreancatcher-pastal-rainbow","status":"publish","type":"product","link":"https:\/\/aromasentia.com\/da\/ekstra-stor-drama-dreancatcher-pastal-rainbow\/","title":{"rendered":"Ekstra Stor Drama Dreancatcher &#8211; Pastal Rainbow"},"content":{"rendered":"<p>Vi tager den ydmyge dr\u00f8mmefanger til det n\u00e6ste niveau. Inspireret af Balis tempelparaply kendt som payung. Hvert tempel har sin egen paraply til at fange onde \u00e5nder og tiltr\u00e6kke gode \u00e5nder. Forskellige stilarter bruges til forskellige ceremonier. Tempelparaplyer er en vigtig del af hverdagen p\u00e5 Bali.<\/p>\n<p>Vores dr\u00f8mmefangere er omhyggeligt fremstillet af talentfulde h\u00e5ndv\u00e6rkere i Indonesien. Det bedste sted at h\u00e6nge dem op er ved vinduet eller p\u00e5 v\u00e6ggen i sovev\u00e6relset. En dr\u00f8mmefangers rolle er trods alt at stoppe d\u00e5rlige dr\u00f8mme. Disse dramatiske dr\u00f8mmefangerkreationer vil tilf\u00f8je et virkelig eksotisk pr\u00e6g til dit hjem.<\/p>\n<p><strong>M\u00e5l:<\/strong><\/p>\n<p><strong>L\u00e6ngde uden h\u00e5ndtag &#8211; ca. 110 cm<\/strong><\/p>\n<p><strong>L\u00e6ngde med h\u00e5ndtag &#8211; ca. 140 cm<\/strong><\/p>\n","protected":false},"excerpt":{"rendered":"<p>Vi tager den ydmyge dr\u00f8mmefanger til det n\u00e6ste niveau. Inspireret af Balis tempelparaply kendt som payung. Hvert tempel har sin egen paraply til at fange onde \u00e5nder og tiltr\u00e6kke gode \u00e5nder. Forskellige stilarter bruges til forskellige ceremonier. Tempelparaplyer er en vigtig del af hverdagen p\u00e5 Bali. Vores dr\u00f8mmefangere er omhyggeligt fremstillet af talentfulde h\u00e5ndv\u00e6rkere i [&hellip;]<\/p>\n","protected":false},"featured_media":365910,"comment_status":"closed","ping_status":"open","template":"","meta":{"_angie_page":false},"product_brand":[],"product_cat":[5591,5592],"product_tag":[],"class_list":{"0":"post-198300","1":"product","2":"type-product","3":"status-publish","4":"has-post-thumbnail","6":"product_cat-hjem-og-have","7":"product_cat-macrame-og-drommefangere","8":"pa_collection-rainbow-dreamcatchers-da","9":"pa_made-in-indonesien","11":"first","12":"instock","13":"purchasable","14":"product-type-simple"},"supplier_id":null,"supplier_sku":"DRDC-01","barcode":null,"atum_controlled":true,"out_stock_date":null,"out_stock_threshold":null,"inheritable":false,"inbound_stock":null,"stock_on_hold":0,"sold_today":0,"sales_last_days":0,"reserved_stock":null,"customer_returns":null,"warehouse_damage":null,"lost_in_post":null,"other_logs":null,"out_stock_days":0,"lost_sales":0,"has_location":null,"update_date":"2026-04-27T06:59:11","atum_locations":[],"atum_stock_status":"instock","restock_status":false,"low_stock_amount":"","sales_update_date":"2025-10-09T03:28:58","calc_backorders":null,"_links":{"self":[{"href":"https:\/\/aromasentia.com\/da\/wp-json\/wp\/v2\/product\/198300","targetHints":{"allow":["GET"]}}],"collection":[{"href":"https:\/\/aromasentia.com\/da\/wp-json\/wp\/v2\/product"}],"about":[{"href":"https:\/\/aromasentia.com\/da\/wp-json\/wp\/v2\/types\/product"}],"replies":[{"embeddable":true,"href":"https:\/\/aromasentia.com\/da\/wp-json\/wp\/v2\/comments?post=198300"}],"version-history":[{"count":0,"href":"https:\/\/aromasentia.com\/da\/wp-json\/wp\/v2\/product\/198300\/revisions"}],"wp:featuredmedia":[{"embeddable":true,"href":"https:\/\/aromasentia.com\/da\/wp-json\/wp\/v2\/media\/365910"}],"wp:attachment":[{"href":"https:\/\/aromasentia.com\/da\/wp-json\/wp\/v2\/media?parent=198300"}],"wp:term":[{"taxonomy":"product_brand","embeddable":true,"href":"https:\/\/aromasentia.com\/da\/wp-json\/wp\/v2\/product_brand?post=198300"},{"taxonomy":"product_cat","embeddable":true,"href":"https:\/\/aromasentia.com\/da\/wp-json\/wp\/v2\/product_cat?post=198300"},{"taxonomy":"product_tag","embeddable":true,"href":"https:\/\/aromasentia.com\/da\/wp-json\/wp\/v2\/product_tag?post=198300"}],"curies":[{"name":"wp","href":"https:\/\/api.w.org\/{rel}","templated":true}]}}