{"id":198299,"date":"2025-03-22T16:05:12","date_gmt":"2025-03-22T16:05:12","guid":{"rendered":"https:\/\/aromasentia.com\/product\/lrg-diy-peg-photo-frames-paris\/"},"modified":"2025-06-22T03:10:22","modified_gmt":"2025-06-22T03:10:22","slug":"stor-diy-peg-fotorammer-paris","status":"publish","type":"product","link":"https:\/\/aromasentia.com\/da\/stor-diy-peg-fotorammer-paris\/","title":{"rendered":"Stor Diy Peg-Fotorammer &#8211; Paris"},"content":{"rendered":"<p>Vis dine eventyr frem med denne store DIY-fotoramme med knager &#8211; Paris. Denne charmerende store fotoramme har et &#8220;Paris&#8221;-tema, muligvis med ikoniske billeder eller et romantisk, elegant design, og bruger pinde eller clips til at vise dine yndlingsbilleder og minder. Det er en vidunderlig alsidig og personlig m\u00e5de at skabe en skiftende collage af minder p\u00e5, som giver et strejf af parisisk flair og en personlig fort\u00e6lling til din boligindretning. Perfekt til rejsebilleder eller romantiske minder.<\/p>\n","protected":false},"excerpt":{"rendered":"<p>Vis dine eventyr frem med denne store DIY-fotoramme med knager &#8211; Paris. Denne charmerende store fotoramme har et &#8220;Paris&#8221;-tema, muligvis med ikoniske billeder eller et romantisk, elegant design, og bruger pinde eller clips til at vise dine yndlingsbilleder og minder. Det er en vidunderlig alsidig og personlig m\u00e5de at skabe en skiftende collage af minder [&hellip;]<\/p>\n","protected":false},"featured_media":365869,"comment_status":"closed","ping_status":"open","template":"","meta":[],"product_brand":[],"product_cat":[5591],"product_tag":[],"class_list":{"0":"post-198299","1":"product","2":"type-product","3":"status-publish","4":"has-post-thumbnail","6":"product_cat-hjem-og-have","7":"pa_made-in-kina","9":"first","10":"instock","11":"purchasable","12":"product-type-simple"},"supplier_id":null,"supplier_sku":"DMPF-03","barcode":null,"atum_controlled":true,"out_stock_date":null,"out_stock_threshold":null,"inheritable":false,"inbound_stock":null,"stock_on_hold":0,"sold_today":0,"sales_last_days":0,"reserved_stock":null,"customer_returns":null,"warehouse_damage":null,"lost_in_post":null,"other_logs":null,"out_stock_days":0,"lost_sales":0,"has_location":null,"update_date":"2026-01-30T01:25:25","atum_locations":[],"atum_stock_status":"instock","restock_status":false,"low_stock_amount":"","sales_update_date":"2026-01-30T01:25:25","calc_backorders":null,"_links":{"self":[{"href":"https:\/\/aromasentia.com\/da\/wp-json\/wp\/v2\/product\/198299","targetHints":{"allow":["GET"]}}],"collection":[{"href":"https:\/\/aromasentia.com\/da\/wp-json\/wp\/v2\/product"}],"about":[{"href":"https:\/\/aromasentia.com\/da\/wp-json\/wp\/v2\/types\/product"}],"replies":[{"embeddable":true,"href":"https:\/\/aromasentia.com\/da\/wp-json\/wp\/v2\/comments?post=198299"}],"version-history":[{"count":0,"href":"https:\/\/aromasentia.com\/da\/wp-json\/wp\/v2\/product\/198299\/revisions"}],"wp:featuredmedia":[{"embeddable":true,"href":"https:\/\/aromasentia.com\/da\/wp-json\/wp\/v2\/media\/365869"}],"wp:attachment":[{"href":"https:\/\/aromasentia.com\/da\/wp-json\/wp\/v2\/media?parent=198299"}],"wp:term":[{"taxonomy":"product_brand","embeddable":true,"href":"https:\/\/aromasentia.com\/da\/wp-json\/wp\/v2\/product_brand?post=198299"},{"taxonomy":"product_cat","embeddable":true,"href":"https:\/\/aromasentia.com\/da\/wp-json\/wp\/v2\/product_cat?post=198299"},{"taxonomy":"product_tag","embeddable":true,"href":"https:\/\/aromasentia.com\/da\/wp-json\/wp\/v2\/product_tag?post=198299"}],"curies":[{"name":"wp","href":"https:\/\/api.w.org\/{rel}","templated":true}]}}