{"id":198298,"date":"2025-03-22T16:05:12","date_gmt":"2025-03-22T16:05:12","guid":{"rendered":"https:\/\/aromasentia.com\/product\/lrg-diy-peg-photo-frames-mozart\/"},"modified":"2025-06-22T03:10:22","modified_gmt":"2025-06-22T03:10:22","slug":"stor-diy-peg-fotorammer-mozart","status":"publish","type":"product","link":"https:\/\/aromasentia.com\/da\/stor-diy-peg-fotorammer-mozart\/","title":{"rendered":"Stor Diy Peg-Fotorammer &#8211; mozart"},"content":{"rendered":"<p>Vis dine k\u00e6re minder med denne store DIY Peg Photo Frame &#8211; Mozart. Denne kreative fotoramme giver dig mulighed for nemt at vise flere fotos, noter eller minder ved hj\u00e6lp af sm\u00e5 pinde eller clips, alt sammen i en stor ramme med temaet &#8220;Mozart&#8221; &#8211; m\u00e5ske med musikalske motiver eller en klassisk, elegant stil. Den er perfekt til at fremvise en samling minder p\u00e5 en sjov, udskiftelig og kunstnerisk m\u00e5de og tilf\u00f8jer et personligt og lidt vintage eller kulturelt pr\u00e6g til din v\u00e6gindretning.<\/p>\n","protected":false},"excerpt":{"rendered":"<p>Vis dine k\u00e6re minder med denne store DIY Peg Photo Frame &#8211; Mozart. Denne kreative fotoramme giver dig mulighed for nemt at vise flere fotos, noter eller minder ved hj\u00e6lp af sm\u00e5 pinde eller clips, alt sammen i en stor ramme med temaet &#8220;Mozart&#8221; &#8211; m\u00e5ske med musikalske motiver eller en klassisk, elegant stil. Den [&hellip;]<\/p>\n","protected":false},"featured_media":365836,"comment_status":"closed","ping_status":"open","template":"","meta":[],"product_brand":[],"product_cat":[5591],"product_tag":[],"class_list":{"0":"post-198298","1":"product","2":"type-product","3":"status-publish","4":"has-post-thumbnail","6":"product_cat-hjem-og-have","7":"pa_made-in-kina","9":"first","10":"instock","11":"purchasable","12":"product-type-simple"},"supplier_id":null,"supplier_sku":"DMPF-02","barcode":null,"atum_controlled":true,"out_stock_date":null,"out_stock_threshold":null,"inheritable":false,"inbound_stock":null,"stock_on_hold":0,"sold_today":0,"sales_last_days":0,"reserved_stock":null,"customer_returns":null,"warehouse_damage":null,"lost_in_post":null,"other_logs":null,"out_stock_days":0,"lost_sales":0,"has_location":null,"update_date":"2026-01-30T01:25:24","atum_locations":[],"atum_stock_status":"instock","restock_status":false,"low_stock_amount":"","sales_update_date":"2026-01-30T01:25:24","calc_backorders":null,"_links":{"self":[{"href":"https:\/\/aromasentia.com\/da\/wp-json\/wp\/v2\/product\/198298","targetHints":{"allow":["GET"]}}],"collection":[{"href":"https:\/\/aromasentia.com\/da\/wp-json\/wp\/v2\/product"}],"about":[{"href":"https:\/\/aromasentia.com\/da\/wp-json\/wp\/v2\/types\/product"}],"replies":[{"embeddable":true,"href":"https:\/\/aromasentia.com\/da\/wp-json\/wp\/v2\/comments?post=198298"}],"version-history":[{"count":0,"href":"https:\/\/aromasentia.com\/da\/wp-json\/wp\/v2\/product\/198298\/revisions"}],"wp:featuredmedia":[{"embeddable":true,"href":"https:\/\/aromasentia.com\/da\/wp-json\/wp\/v2\/media\/365836"}],"wp:attachment":[{"href":"https:\/\/aromasentia.com\/da\/wp-json\/wp\/v2\/media?parent=198298"}],"wp:term":[{"taxonomy":"product_brand","embeddable":true,"href":"https:\/\/aromasentia.com\/da\/wp-json\/wp\/v2\/product_brand?post=198298"},{"taxonomy":"product_cat","embeddable":true,"href":"https:\/\/aromasentia.com\/da\/wp-json\/wp\/v2\/product_cat?post=198298"},{"taxonomy":"product_tag","embeddable":true,"href":"https:\/\/aromasentia.com\/da\/wp-json\/wp\/v2\/product_tag?post=198298"}],"curies":[{"name":"wp","href":"https:\/\/api.w.org\/{rel}","templated":true}]}}