{"id":198293,"date":"2025-03-22T16:05:12","date_gmt":"2025-03-22T16:05:12","guid":{"rendered":"https:\/\/aromasentia.com\/product\/cotton-wall-art-mandala-elephant\/"},"modified":"2025-06-22T03:10:20","modified_gmt":"2025-06-22T03:10:20","slug":"vaegkunst-i-bomuld-mandala-elefant","status":"publish","type":"product","link":"https:\/\/aromasentia.com\/da\/vaegkunst-i-bomuld-mandala-elefant\/","title":{"rendered":"V\u00e6gkunst I Bomuld &#8211; Mandala Elefant"},"content":{"rendered":"<p><span style=\"color: rgb(75, 80, 88);\">Disse v\u00e6goph\u00e6ng i bomuld er \u00e6gte kunstv\u00e6rker. Fuld af symbolske betydninger taget fra gamle indiske traditioner. M\u00e5 ikke forveksles med billige masseproducerede, maskintrykte varer.<\/span><\/p>\n<p><span style=\"color: rgb(75, 80, 88);\">Disse har st\u00e6rke, levende farver (sort er meget sort) og livlige, eksotiske designs. Fantastisk kvalitet, smukt designet og fremragende valuta for pengene. Hvordan vil dine kunder kunne modst\u00e5 det?<\/span><\/p>\n<p><span style=\"color: rgb(75, 80, 88);\">V\u00e6goph\u00e6ng er pakket med et lille kort med et foto af produktet, en stregkode og en beskrivelse. St\u00f8rrelse: Bredde 78 cm, H\u00f8jde 112 cm.<\/span><\/p>\n<p><span style=\"color: rgb(75, 80, 88);\">Bestil nogle i dag, og se dem flyve af hylderne.<\/span><\/p>\n","protected":false},"excerpt":{"rendered":"<p>Disse v\u00e6goph\u00e6ng i bomuld er \u00e6gte kunstv\u00e6rker. Fuld af symbolske betydninger taget fra gamle indiske traditioner. M\u00e5 ikke forveksles med billige masseproducerede, maskintrykte varer. Disse har st\u00e6rke, levende farver (sort er meget sort) og livlige, eksotiske designs. Fantastisk kvalitet, smukt designet og fremragende valuta for pengene. Hvordan vil dine kunder kunne modst\u00e5 det? V\u00e6goph\u00e6ng er [&hellip;]<\/p>\n","protected":false},"featured_media":365601,"comment_status":"closed","ping_status":"open","template":"","meta":{"_angie_page":false},"product_brand":[],"product_cat":[5591,6350,6433],"product_tag":[],"class_list":{"0":"post-198293","1":"product","2":"type-product","3":"status-publish","4":"has-post-thumbnail","6":"product_cat-hjem-og-have","7":"product_cat-tekstiler","8":"product_cat-vaegdekorationer-og-vaegbeklaedning","9":"pa_collection-indian-cotton-wall-art-da","10":"pa_made-in-indien","12":"first","13":"instock","14":"purchasable","15":"product-type-simple"},"supplier_id":null,"supplier_sku":"CWA-15","barcode":null,"atum_controlled":true,"out_stock_date":null,"out_stock_threshold":null,"inheritable":false,"inbound_stock":null,"stock_on_hold":0,"sold_today":0,"sales_last_days":0,"reserved_stock":null,"customer_returns":null,"warehouse_damage":null,"lost_in_post":null,"other_logs":null,"out_stock_days":0,"lost_sales":0,"has_location":null,"update_date":"2026-04-27T06:58:43","atum_locations":[],"atum_stock_status":"instock","restock_status":false,"low_stock_amount":"","sales_update_date":"2026-01-30T01:24:48","calc_backorders":null,"_links":{"self":[{"href":"https:\/\/aromasentia.com\/da\/wp-json\/wp\/v2\/product\/198293","targetHints":{"allow":["GET"]}}],"collection":[{"href":"https:\/\/aromasentia.com\/da\/wp-json\/wp\/v2\/product"}],"about":[{"href":"https:\/\/aromasentia.com\/da\/wp-json\/wp\/v2\/types\/product"}],"replies":[{"embeddable":true,"href":"https:\/\/aromasentia.com\/da\/wp-json\/wp\/v2\/comments?post=198293"}],"version-history":[{"count":0,"href":"https:\/\/aromasentia.com\/da\/wp-json\/wp\/v2\/product\/198293\/revisions"}],"wp:featuredmedia":[{"embeddable":true,"href":"https:\/\/aromasentia.com\/da\/wp-json\/wp\/v2\/media\/365601"}],"wp:attachment":[{"href":"https:\/\/aromasentia.com\/da\/wp-json\/wp\/v2\/media?parent=198293"}],"wp:term":[{"taxonomy":"product_brand","embeddable":true,"href":"https:\/\/aromasentia.com\/da\/wp-json\/wp\/v2\/product_brand?post=198293"},{"taxonomy":"product_cat","embeddable":true,"href":"https:\/\/aromasentia.com\/da\/wp-json\/wp\/v2\/product_cat?post=198293"},{"taxonomy":"product_tag","embeddable":true,"href":"https:\/\/aromasentia.com\/da\/wp-json\/wp\/v2\/product_tag?post=198293"}],"curies":[{"name":"wp","href":"https:\/\/api.w.org\/{rel}","templated":true}]}}