{"id":198283,"date":"2025-03-22T16:05:12","date_gmt":"2025-03-22T16:05:12","guid":{"rendered":"https:\/\/aromasentia.com\/product\/three-stick-flexible-green-white-blue\/"},"modified":"2025-06-22T03:10:16","modified_gmt":"2025-06-22T03:10:16","slug":"three-stick-flexible-groen-hvid-blaa","status":"publish","type":"product","link":"https:\/\/aromasentia.com\/da\/three-stick-flexible-groen-hvid-blaa\/","title":{"rendered":"Three Stick Flexible &#8211; Gr\u00f8n \/ Hvid \/ Bl\u00e5"},"content":{"rendered":"<p>Bring naturen indenfor med disse absolut smukke <strong>vindklokker af glas<\/strong>. H\u00e5ndlavet i Indonesien af dygtige h\u00e5ndv\u00e6rkere, der bruger genbrugsglas og drivt\u00f8mmer, en fantastisk m\u00e5de at upcycle glasaffald p\u00e5, og ogs\u00e5 en fantastisk \u00f8ko-gave.&nbsp;<\/p>\n<p>Lyden af glas er meget delikat og charmerende, h\u00e6ngende glasklokker giver en blid, fredelig, klirrende lyd, n\u00e5r de fanger vinden. &nbsp;Mange mennesker tror, at vindklokker beskytter omgivelserne mod onde \u00e5nder og negativ energi. Disse <strong>Glass Driftwood Chimes<\/strong> er klar til at blive h\u00e6ngt op; dine kunder kan bruge dem b\u00e5de indend\u00f8rs og udend\u00f8rs. Du kan ogs\u00e5 skabe et blikfang i din butik med disse Wind Chimes, de vil hj\u00e6lpe med at tiltr\u00e6kke kunder til din butik. Du kan ogs\u00e5 lide <a class=\"fr-green\" href=\"https:\/\/aromasentia.com\/bdc\"><strong>Bali Natural Dream Catchers.<\/strong><\/a><\/p>\n<p><strong>Giver en god \u00f8ko-gave &ndash; upcyclet kunst &ndash; h\u00e5ndlavet &#8211; klar til udstilling<\/strong><\/p>\n<p>M\u00e5l fra drivt\u00f8mmeret til bunden: H:40cm V\u00e6gt: 700g<\/p>\n<p>L\u00e6ngde p\u00e5 det f\u00f8rste drivt\u00f8mmer: 20cm &#8211; Andet drivt\u00f8mmer 18cm og tredje 16cm<\/p>\n<p><strong>F\u00e5 kassen til at sl\u00e5 til ved at bestille nu. &nbsp;<\/strong><\/p>\n","protected":false},"excerpt":{"rendered":"<p>Bring naturen indenfor med disse absolut smukke vindklokker af glas. H\u00e5ndlavet i Indonesien af dygtige h\u00e5ndv\u00e6rkere, der bruger genbrugsglas og drivt\u00f8mmer, en fantastisk m\u00e5de at upcycle glasaffald p\u00e5, og ogs\u00e5 en fantastisk \u00f8ko-gave.&nbsp; Lyden af glas er meget delikat og charmerende, h\u00e6ngende glasklokker giver en blid, fredelig, klirrende lyd, n\u00e5r de fanger vinden. &nbsp;Mange mennesker [&hellip;]<\/p>\n","protected":false},"featured_media":367526,"comment_status":"closed","ping_status":"open","template":"","meta":{"_angie_page":false},"product_brand":[],"product_cat":[5591,6397],"product_tag":[],"class_list":{"0":"post-198283","1":"product","2":"type-product","3":"status-publish","4":"has-post-thumbnail","6":"product_cat-hjem-og-have","7":"product_cat-vindspil","8":"pa_collection-recycled-glass-wind-chimes-da","9":"pa_made-in-indonesien","11":"first","12":"instock","13":"purchasable","14":"product-type-simple"},"supplier_id":null,"supplier_sku":"GWC-04","barcode":null,"atum_controlled":true,"out_stock_date":null,"out_stock_threshold":null,"inheritable":false,"inbound_stock":null,"stock_on_hold":0,"sold_today":0,"sales_last_days":0,"reserved_stock":null,"customer_returns":null,"warehouse_damage":null,"lost_in_post":null,"other_logs":null,"out_stock_days":0,"lost_sales":0,"has_location":null,"update_date":"2026-05-08T05:10:47","atum_locations":[],"atum_stock_status":"instock","restock_status":false,"low_stock_amount":"","sales_update_date":"2026-01-30T01:24:24","calc_backorders":null,"_links":{"self":[{"href":"https:\/\/aromasentia.com\/da\/wp-json\/wp\/v2\/product\/198283","targetHints":{"allow":["GET"]}}],"collection":[{"href":"https:\/\/aromasentia.com\/da\/wp-json\/wp\/v2\/product"}],"about":[{"href":"https:\/\/aromasentia.com\/da\/wp-json\/wp\/v2\/types\/product"}],"replies":[{"embeddable":true,"href":"https:\/\/aromasentia.com\/da\/wp-json\/wp\/v2\/comments?post=198283"}],"version-history":[{"count":0,"href":"https:\/\/aromasentia.com\/da\/wp-json\/wp\/v2\/product\/198283\/revisions"}],"wp:featuredmedia":[{"embeddable":true,"href":"https:\/\/aromasentia.com\/da\/wp-json\/wp\/v2\/media\/367526"}],"wp:attachment":[{"href":"https:\/\/aromasentia.com\/da\/wp-json\/wp\/v2\/media?parent=198283"}],"wp:term":[{"taxonomy":"product_brand","embeddable":true,"href":"https:\/\/aromasentia.com\/da\/wp-json\/wp\/v2\/product_brand?post=198283"},{"taxonomy":"product_cat","embeddable":true,"href":"https:\/\/aromasentia.com\/da\/wp-json\/wp\/v2\/product_cat?post=198283"},{"taxonomy":"product_tag","embeddable":true,"href":"https:\/\/aromasentia.com\/da\/wp-json\/wp\/v2\/product_tag?post=198283"}],"curies":[{"name":"wp","href":"https:\/\/api.w.org\/{rel}","templated":true}]}}