{"id":198279,"date":"2025-03-22T16:05:12","date_gmt":"2025-03-22T16:05:12","guid":{"rendered":"https:\/\/aromasentia.com\/product\/love-chime-green\/"},"modified":"2025-06-22T03:10:12","modified_gmt":"2025-06-22T03:10:12","slug":"kaerlighedsklokke-groen","status":"publish","type":"product","link":"https:\/\/aromasentia.com\/da\/kaerlighedsklokke-groen\/","title":{"rendered":"K\u00e6rlighedsklokke &#8211; Gr\u00f8n"},"content":{"rendered":"<p><span style=\"color: rgb(75, 80, 88);\"><strong>H\u00e5ndlavet i Indonesien<\/strong> af <strong>genbrugsglas<\/strong> og <strong>drivt\u00f8mmer<\/strong>. Disse helt fantastiske <strong>EU-glasvindklokker &#8211; Love Chime &#8211; Gr\u00f8n<\/strong> er et kunstv\u00e6rk.<\/span><\/p>\n<p><span style=\"color: rgb(75, 80, 88);\">Det er en fantastisk m\u00e5de at genbruge affaldsglas p\u00e5. Dette er en ideel <strong>milj\u00f8venlig gave<\/strong>, der <strong>bringer naturen indenfor<\/strong>. For en bedre effekt kan dine kunder h\u00e6nge den p\u00e5 deres yndlingstr\u00e6 i haven eller lade den klirre roligt p\u00e5 altanen.<\/span><\/p>\n<p><span style=\"color: rgb(75, 80, 88);\">Mange mennesker tror, at vindklokker <strong>beskytter omgivelserne mod onde \u00e5nder og uheld<\/strong>. At h\u00e6nge en glasklokke op giver en delikat klingende lyd, n\u00e5r den fanger vinden. Det siges, at det hj\u00e6lper den positive energi med at h\u00e6nge ved og dermed tiltr\u00e6kke velstand.<\/span><\/p>\n<p><span style=\"color: rgb(75, 80, 88);\">Deres charmerende lyd og fine farver vil tiltr\u00e6kke kunder til din fysiske butik med det samme, og deres dejlige design er i\u00f8jnefaldende. Vindklokker er klar til at blive h\u00e6ngt op og vil hj\u00e6lpe dig med at skabe et i\u00f8jnefaldende display. Du kan ogs\u00e5 lide<\/span><a href=\"https:\/\/aromasentia.com\/vdc\"><span style=\"color: rgb(149, 122, 101);\">Bali Naturlige Dr\u00f8mmefangere<\/span><\/a><span style=\"color: rgb(75, 80, 88);\">.<\/span><\/p>\n<p><span style=\"color: rgb(141, 186, 216);\"><strong>Tilf\u00f8j til produktportef\u00f8lje og bestil nu for at f\u00e5 dine kunder til at spille med.<\/strong><\/span><\/p>\n","protected":false},"excerpt":{"rendered":"<p>H\u00e5ndlavet i Indonesien af genbrugsglas og drivt\u00f8mmer. Disse helt fantastiske EU-glasvindklokker &#8211; Love Chime &#8211; Gr\u00f8n er et kunstv\u00e6rk. Det er en fantastisk m\u00e5de at genbruge affaldsglas p\u00e5. Dette er en ideel milj\u00f8venlig gave, der bringer naturen indenfor. For en bedre effekt kan dine kunder h\u00e6nge den p\u00e5 deres yndlingstr\u00e6 i haven eller lade den [&hellip;]<\/p>\n","protected":false},"featured_media":367482,"comment_status":"closed","ping_status":"open","template":"","meta":{"_angie_page":false},"product_brand":[],"product_cat":[5591,6397],"product_tag":[],"class_list":{"0":"post-198279","1":"product","2":"type-product","3":"status-publish","4":"has-post-thumbnail","6":"product_cat-hjem-og-have","7":"product_cat-vindspil","8":"pa_collection-recycled-glass-wind-chimes-da","9":"pa_made-in-indonesien","11":"first","12":"instock","13":"purchasable","14":"product-type-simple"},"supplier_id":null,"supplier_sku":"GWC-09","barcode":null,"atum_controlled":true,"out_stock_date":null,"out_stock_threshold":null,"inheritable":false,"inbound_stock":null,"stock_on_hold":0,"sold_today":0,"sales_last_days":0,"reserved_stock":null,"customer_returns":null,"warehouse_damage":null,"lost_in_post":null,"other_logs":null,"out_stock_days":0,"lost_sales":0,"has_location":null,"update_date":"2026-05-08T05:10:47","atum_locations":[],"atum_stock_status":"instock","restock_status":false,"low_stock_amount":"","sales_update_date":"2026-02-06T00:02:07","calc_backorders":null,"_links":{"self":[{"href":"https:\/\/aromasentia.com\/da\/wp-json\/wp\/v2\/product\/198279","targetHints":{"allow":["GET"]}}],"collection":[{"href":"https:\/\/aromasentia.com\/da\/wp-json\/wp\/v2\/product"}],"about":[{"href":"https:\/\/aromasentia.com\/da\/wp-json\/wp\/v2\/types\/product"}],"replies":[{"embeddable":true,"href":"https:\/\/aromasentia.com\/da\/wp-json\/wp\/v2\/comments?post=198279"}],"version-history":[{"count":0,"href":"https:\/\/aromasentia.com\/da\/wp-json\/wp\/v2\/product\/198279\/revisions"}],"wp:featuredmedia":[{"embeddable":true,"href":"https:\/\/aromasentia.com\/da\/wp-json\/wp\/v2\/media\/367482"}],"wp:attachment":[{"href":"https:\/\/aromasentia.com\/da\/wp-json\/wp\/v2\/media?parent=198279"}],"wp:term":[{"taxonomy":"product_brand","embeddable":true,"href":"https:\/\/aromasentia.com\/da\/wp-json\/wp\/v2\/product_brand?post=198279"},{"taxonomy":"product_cat","embeddable":true,"href":"https:\/\/aromasentia.com\/da\/wp-json\/wp\/v2\/product_cat?post=198279"},{"taxonomy":"product_tag","embeddable":true,"href":"https:\/\/aromasentia.com\/da\/wp-json\/wp\/v2\/product_tag?post=198279"}],"curies":[{"name":"wp","href":"https:\/\/api.w.org\/{rel}","templated":true}]}}