{"id":198271,"date":"2025-03-22T16:05:12","date_gmt":"2025-03-22T16:05:12","guid":{"rendered":"https:\/\/aromasentia.com\/product\/lrg-glass-vase-terarium-inside-dark-tung-wood-18x5x32cm\/"},"modified":"2025-06-22T03:10:09","modified_gmt":"2025-06-22T03:10:09","slug":"stor-glasvase-terarium-i-moerkt-tung-trae-18x5x32cm","status":"publish","type":"product","link":"https:\/\/aromasentia.com\/da\/stor-glasvase-terarium-i-moerkt-tung-trae-18x5x32cm\/","title":{"rendered":"Stor Glasvase \/ Terarium I M\u00f8rkt Tung-Tr\u00e6 &#8211; 18X5X32cm"},"content":{"rendered":"<p>Den <strong>store glasvase\/terrarium<\/strong> har et elegant design med en m\u00f8rk tung-tr\u00e6base. Dette elegante m\u00f8bel kombinerer glassets klarhed med de rige, dybe toner af tung-tr\u00e6, hvilket skaber en sl\u00e5ende kontrast, der fremh\u00e6ver dets moderne \u00e6stetik.<\/p>\n<p>Fremstillet med en holdbar glasbeholder og en m\u00f8rk tung-tr\u00e6base, kendt for sin styrke og attraktive finish. Vasens eller terrariets minimalistiske form g\u00f8r det muligt at integrere det problemfrit med enhver indretningsstil, fra moderne til traditionel.<\/p>\n<p>Perfekt til at fremvise blomster og tilf\u00f8je et strejf af elegance til ethvert rum. Ogs\u00e5 ideel til at skabe en lille indend\u00f8rs have eller et terrarium, der giver mulighed for kreative udstillinger af planter, mos eller dekorative elementer. Kan bruges som et selvst\u00e6ndigt m\u00f8bel for at forbedre den visuelle appel af hylder, borde eller kaminhylder.<\/p>\n<p>Uanset om det bruges til blomsterdekorationer eller som terrarium, tilbyder dette m\u00f8bel b\u00e5de funktionalitet og visuel appel.<\/p>\n<p><strong>St\u00f8rrelse<\/strong>: ca. 18x5x32 cm<\/p>\n<p>Tilf\u00f8j et strejf af raffinement og alsidighed til din indretning med den store glasvase\/terrarium med m\u00f8rk tung-tr\u00e6base. Dens elegante design og funktionelle funktioner g\u00f8r den til en v\u00e6rdifuld tilf\u00f8jelse til ethvert rum.<\/p>\n","protected":false},"excerpt":{"rendered":"<p>Den store glasvase\/terrarium har et elegant design med en m\u00f8rk tung-tr\u00e6base. Dette elegante m\u00f8bel kombinerer glassets klarhed med de rige, dybe toner af tung-tr\u00e6, hvilket skaber en sl\u00e5ende kontrast, der fremh\u00e6ver dets moderne \u00e6stetik. Fremstillet med en holdbar glasbeholder og en m\u00f8rk tung-tr\u00e6base, kendt for sin styrke og attraktive finish. Vasens eller terrariets minimalistiske form [&hellip;]<\/p>\n","protected":false},"featured_media":367354,"comment_status":"closed","ping_status":"open","template":"","meta":{"_angie_page":false},"product_brand":[],"product_cat":[6281,5591],"product_tag":[],"class_list":{"0":"post-198271","1":"product","2":"type-product","3":"status-publish","4":"has-post-thumbnail","6":"product_cat-glasdekorationer","7":"product_cat-hjem-og-have","8":"pa_collection-glass-terrariums-da","9":"pa_made-in-kina","11":"first","12":"instock","13":"purchasable","14":"product-type-simple"},"supplier_id":null,"supplier_sku":"Gter-17","barcode":null,"atum_controlled":true,"out_stock_date":null,"out_stock_threshold":null,"inheritable":false,"inbound_stock":null,"stock_on_hold":0,"sold_today":0,"sales_last_days":0,"reserved_stock":null,"customer_returns":null,"warehouse_damage":null,"lost_in_post":null,"other_logs":null,"out_stock_days":0,"lost_sales":0,"has_location":null,"update_date":"2026-05-08T05:10:47","atum_locations":[],"atum_stock_status":"instock","restock_status":false,"low_stock_amount":"","sales_update_date":"2026-01-30T01:25:29","calc_backorders":null,"_links":{"self":[{"href":"https:\/\/aromasentia.com\/da\/wp-json\/wp\/v2\/product\/198271","targetHints":{"allow":["GET"]}}],"collection":[{"href":"https:\/\/aromasentia.com\/da\/wp-json\/wp\/v2\/product"}],"about":[{"href":"https:\/\/aromasentia.com\/da\/wp-json\/wp\/v2\/types\/product"}],"replies":[{"embeddable":true,"href":"https:\/\/aromasentia.com\/da\/wp-json\/wp\/v2\/comments?post=198271"}],"version-history":[{"count":0,"href":"https:\/\/aromasentia.com\/da\/wp-json\/wp\/v2\/product\/198271\/revisions"}],"wp:featuredmedia":[{"embeddable":true,"href":"https:\/\/aromasentia.com\/da\/wp-json\/wp\/v2\/media\/367354"}],"wp:attachment":[{"href":"https:\/\/aromasentia.com\/da\/wp-json\/wp\/v2\/media?parent=198271"}],"wp:term":[{"taxonomy":"product_brand","embeddable":true,"href":"https:\/\/aromasentia.com\/da\/wp-json\/wp\/v2\/product_brand?post=198271"},{"taxonomy":"product_cat","embeddable":true,"href":"https:\/\/aromasentia.com\/da\/wp-json\/wp\/v2\/product_cat?post=198271"},{"taxonomy":"product_tag","embeddable":true,"href":"https:\/\/aromasentia.com\/da\/wp-json\/wp\/v2\/product_tag?post=198271"}],"curies":[{"name":"wp","href":"https:\/\/api.w.org\/{rel}","templated":true}]}}