{"id":198269,"date":"2025-03-22T16:05:12","date_gmt":"2025-03-22T16:05:12","guid":{"rendered":"https:\/\/aromasentia.com\/product\/ex-large-ball-top-terarium-on-dark-tung-wood-23x23cm\/"},"modified":"2025-06-22T03:10:08","modified_gmt":"2025-06-22T03:10:08","slug":"ex-large-ball-top-terarium-paa-moerkt-tung-trae-23x23cm","status":"publish","type":"product","link":"https:\/\/aromasentia.com\/da\/ex-large-ball-top-terarium-paa-moerkt-tung-trae-23x23cm\/","title":{"rendered":"Ex-Large Ball Top Terarium P\u00e5 M\u00f8rkt Tung-Tr\u00e6 &#8211; 23X23cm"},"content":{"rendered":"<p><span style=\"color: rgb(75, 80, 88);\"><strong>Ekstra stort kugleformet terrarium p\u00e5 m\u00f8rkt tungtr\u00e6<\/strong>&nbsp;er en stor glasbeholder med en sf\u00e6risk top, designet til at fremvise planter, miniaturer eller andre dekorative elementer. Den m\u00f8rke tungtr\u00e6sbund tilf\u00f8jer et strejf af elegance og en naturlig kontrast til glasset.<\/span><\/p>\n<p><span style=\"color: rgb(75, 80, 88);\">At s\u00e6tte et terrarium op kan v\u00e6re en sjov og kreativ proces. Det er en smuk m\u00e5de at bringe naturen indenfor p\u00e5. Terrarier er ret alsidige og vil v\u00e6re en fantastisk gave til forskellige m\u00e5lgrupper, fra plante- og boligindretningsentusiaster til alle, der nyder at v\u00e6re kreative eller skabe deres egen indretning.&nbsp;<\/span><\/p>\n<p><span style=\"color: rgb(75, 80, 88);\">Det slanke glas og det m\u00f8rke tr\u00e6 g\u00f8r det til en elegant tilf\u00f8jelse til ethvert rum. Den kan tjene som et blikfang p\u00e5 sofaborde, sideborde eller hylder og fungerer ogs\u00e5 godt p\u00e5 bordplader eller vindueskarme. Den vil helt sikkert give et varmt og im\u00f8dekommende indtryk p\u00e5 entr\u00e9borde eller konsolborde.<\/span><\/p>\n<p><span style=\"color: rgb(75, 80, 88);\">Terrarier er ogs\u00e5 fantastiske til at lyse et kontor op med lidt gr\u00f8nt. Placer dem p\u00e5 skriveborde, bogreoler eller receptionsomr\u00e5der for at tilf\u00f8je et strejf af natur.<\/span><\/p>\n<p><span style=\"color: rgb(75, 80, 88);\">Tilpas dem til bryllupper, fester eller andre begivenheder som borddekorationer eller gaver. Dine kunder vil elske dem.<\/span><\/p>\n<p><span style=\"color: rgb(75, 80, 88);\"><strong>St\u00f8rrelse<\/strong>: ca. 23&#215;23 cm<\/span><\/p>\n<p><span style=\"color: rgb(75, 80, 88);\">Forskellige terrarier har v\u00e6ret popul\u00e6re i flere \u00e5r og er fortsat en trend inden for boligindretning og havearbejde. De <strong>passer godt ind i de nuv\u00e6rende trends inden for indend\u00f8rs havearbejde, b\u00e6redygtighed og minimalistisk design.<\/strong><\/span><\/p>\n","protected":false},"excerpt":{"rendered":"<p>Ekstra stort kugleformet terrarium p\u00e5 m\u00f8rkt tungtr\u00e6&nbsp;er en stor glasbeholder med en sf\u00e6risk top, designet til at fremvise planter, miniaturer eller andre dekorative elementer. Den m\u00f8rke tungtr\u00e6sbund tilf\u00f8jer et strejf af elegance og en naturlig kontrast til glasset. At s\u00e6tte et terrarium op kan v\u00e6re en sjov og kreativ proces. Det er en smuk m\u00e5de [&hellip;]<\/p>\n","protected":false},"featured_media":367280,"comment_status":"closed","ping_status":"open","template":"","meta":{"_angie_page":false},"product_brand":[],"product_cat":[6281,5591],"product_tag":[],"class_list":{"0":"post-198269","1":"product","2":"type-product","3":"status-publish","4":"has-post-thumbnail","6":"product_cat-glasdekorationer","7":"product_cat-hjem-og-have","8":"pa_collection-glass-terrariums-da","9":"pa_made-in-kina","11":"first","12":"instock","13":"purchasable","14":"product-type-simple"},"supplier_id":null,"supplier_sku":"Gter-15","barcode":null,"atum_controlled":true,"out_stock_date":null,"out_stock_threshold":null,"inheritable":false,"inbound_stock":null,"stock_on_hold":0,"sold_today":0,"sales_last_days":0,"reserved_stock":null,"customer_returns":null,"warehouse_damage":null,"lost_in_post":null,"other_logs":null,"out_stock_days":0,"lost_sales":0,"has_location":null,"update_date":"2026-05-08T00:17:18","atum_locations":[],"atum_stock_status":"instock","restock_status":false,"low_stock_amount":"","sales_update_date":"2026-01-30T01:26:01","calc_backorders":null,"_links":{"self":[{"href":"https:\/\/aromasentia.com\/da\/wp-json\/wp\/v2\/product\/198269","targetHints":{"allow":["GET"]}}],"collection":[{"href":"https:\/\/aromasentia.com\/da\/wp-json\/wp\/v2\/product"}],"about":[{"href":"https:\/\/aromasentia.com\/da\/wp-json\/wp\/v2\/types\/product"}],"replies":[{"embeddable":true,"href":"https:\/\/aromasentia.com\/da\/wp-json\/wp\/v2\/comments?post=198269"}],"version-history":[{"count":0,"href":"https:\/\/aromasentia.com\/da\/wp-json\/wp\/v2\/product\/198269\/revisions"}],"wp:featuredmedia":[{"embeddable":true,"href":"https:\/\/aromasentia.com\/da\/wp-json\/wp\/v2\/media\/367280"}],"wp:attachment":[{"href":"https:\/\/aromasentia.com\/da\/wp-json\/wp\/v2\/media?parent=198269"}],"wp:term":[{"taxonomy":"product_brand","embeddable":true,"href":"https:\/\/aromasentia.com\/da\/wp-json\/wp\/v2\/product_brand?post=198269"},{"taxonomy":"product_cat","embeddable":true,"href":"https:\/\/aromasentia.com\/da\/wp-json\/wp\/v2\/product_cat?post=198269"},{"taxonomy":"product_tag","embeddable":true,"href":"https:\/\/aromasentia.com\/da\/wp-json\/wp\/v2\/product_tag?post=198269"}],"curies":[{"name":"wp","href":"https:\/\/api.w.org\/{rel}","templated":true}]}}