{"id":198268,"date":"2025-03-22T16:05:12","date_gmt":"2025-03-22T16:05:12","guid":{"rendered":"https:\/\/aromasentia.com\/product\/large-ball-top-terarium-on-dark-tung-wood-16x32cm\/"},"modified":"2025-06-22T03:10:08","modified_gmt":"2025-06-22T03:10:08","slug":"stort-terarium-med-kugletop-paa-moerkt-tung-trae-16x32-cm","status":"publish","type":"product","link":"https:\/\/aromasentia.com\/da\/stort-terarium-med-kugletop-paa-moerkt-tung-trae-16x32-cm\/","title":{"rendered":"Stort Terarium Med Kugletop P\u00e5 M\u00f8rkt Tung-Tr\u00e6 &#8211; 16X32 cm"},"content":{"rendered":"<p><span style=\"color: rgb(75, 80, 88);\"><strong>Stor kugleformet terrarium p\u00e5 m\u00f8rkt tungtr\u00e6<\/strong>&nbsp;er en elegant h\u00f8j glasbeholder med en afrundet, sf\u00e6risk top, designet til at fremvise planter, miniaturer eller andre dekorative genstande. Den m\u00f8rke tungtr\u00e6sbund giver en sofistikeret kontrast til glasset og tilf\u00f8jer et naturligt pr\u00e6g.<\/span><\/p>\n<p><span style=\"color: rgb(75, 80, 88);\">At skabe et terrarium er en forn\u00f8jelig og fantasifuld aktivitet, der tilbyder en charmerende m\u00e5de at introducere lidt natur i dit opholdsrum. Disse terrarier er utroligt alsidige og er fremragende gaver til en r\u00e6kke forskellige mennesker, fra planteelskere og boligindretningsentusiaster til dem, der nyder g\u00f8r-det-selv-projekter.<\/span><\/p>\n<p><span style=\"color: rgb(75, 80, 88);\">Med sit slanke glas og m\u00f8rke tr\u00e6 tilf\u00f8jer dette terrarium et strejf af stil til ethvert milj\u00f8. Den kan tjene som et sl\u00e5ende midtpunkt p\u00e5 sofaborde, sideborde eller hylder, og den passer lige s\u00e5 godt ind p\u00e5 bordplader eller vindueskarme. Den skaber ogs\u00e5 et varmt og im\u00f8dekommende udtryk, n\u00e5r den placeres p\u00e5 entr\u00e9- eller konsolborde.<\/span><\/p>\n<p><span style=\"color: rgb(75, 80, 88);\">Derudover er terrarier perfekte til at give liv til kontormilj\u00f8er. Placer dem p\u00e5 skriveborde, bogreoler eller receptionsomr\u00e5der for at tilf\u00f8re lidt gr\u00f8nt til arbejdsomr\u00e5det.<\/span><\/p>\n<p><span style=\"color: rgb(75, 80, 88);\">Disse terrarier kan ogs\u00e5 tilpasses til s\u00e6rlige lejligheder s\u00e5som bryllupper, fester eller andre begivenheder, hvor de fungerer som unikke midtpunktsdekorationer eller mindev\u00e6rdige gaver. Dine kunder vil helt sikkert s\u00e6tte pris p\u00e5 dem.<\/span><\/p>\n<p><span style=\"color: rgb(75, 80, 88);\"><strong>St\u00f8rrelse<\/strong>: ca. 16&#215;23 cm<\/span><\/p>\n<p><span style=\"color: rgb(75, 80, 88);\">Terrarier har v\u00e6ret en popul\u00e6r trend inden for boligindretning og havearbejde i flere \u00e5r og er i tr\u00e5d med de nuv\u00e6rende pr\u00e6ferencer for indend\u00f8rs havearbejde, b\u00e6redygtighed og minimalistisk design.<\/strong><\/span><\/p>\n","protected":false},"excerpt":{"rendered":"<p>Stor kugleformet terrarium p\u00e5 m\u00f8rkt tungtr\u00e6&nbsp;er en elegant h\u00f8j glasbeholder med en afrundet, sf\u00e6risk top, designet til at fremvise planter, miniaturer eller andre dekorative genstande. Den m\u00f8rke tungtr\u00e6sbund giver en sofistikeret kontrast til glasset og tilf\u00f8jer et naturligt pr\u00e6g. At skabe et terrarium er en forn\u00f8jelig og fantasifuld aktivitet, der tilbyder en charmerende m\u00e5de at [&hellip;]<\/p>\n","protected":false},"featured_media":367255,"comment_status":"closed","ping_status":"open","template":"","meta":{"_angie_page":false},"product_brand":[],"product_cat":[6281,5591],"product_tag":[],"class_list":{"0":"post-198268","1":"product","2":"type-product","3":"status-publish","4":"has-post-thumbnail","6":"product_cat-glasdekorationer","7":"product_cat-hjem-og-have","8":"pa_collection-glass-terrariums-da","9":"pa_made-in-kina","11":"first","12":"instock","13":"purchasable","14":"product-type-simple"},"supplier_id":null,"supplier_sku":"Gter-14","barcode":null,"atum_controlled":true,"out_stock_date":null,"out_stock_threshold":null,"inheritable":false,"inbound_stock":null,"stock_on_hold":0,"sold_today":0,"sales_last_days":0,"reserved_stock":null,"customer_returns":null,"warehouse_damage":null,"lost_in_post":null,"other_logs":null,"out_stock_days":0,"lost_sales":0,"has_location":null,"update_date":"2026-04-27T07:06:24","atum_locations":[],"atum_stock_status":"instock","restock_status":false,"low_stock_amount":"","sales_update_date":"2026-01-30T01:25:42","calc_backorders":null,"_links":{"self":[{"href":"https:\/\/aromasentia.com\/da\/wp-json\/wp\/v2\/product\/198268","targetHints":{"allow":["GET"]}}],"collection":[{"href":"https:\/\/aromasentia.com\/da\/wp-json\/wp\/v2\/product"}],"about":[{"href":"https:\/\/aromasentia.com\/da\/wp-json\/wp\/v2\/types\/product"}],"replies":[{"embeddable":true,"href":"https:\/\/aromasentia.com\/da\/wp-json\/wp\/v2\/comments?post=198268"}],"version-history":[{"count":0,"href":"https:\/\/aromasentia.com\/da\/wp-json\/wp\/v2\/product\/198268\/revisions"}],"wp:featuredmedia":[{"embeddable":true,"href":"https:\/\/aromasentia.com\/da\/wp-json\/wp\/v2\/media\/367255"}],"wp:attachment":[{"href":"https:\/\/aromasentia.com\/da\/wp-json\/wp\/v2\/media?parent=198268"}],"wp:term":[{"taxonomy":"product_brand","embeddable":true,"href":"https:\/\/aromasentia.com\/da\/wp-json\/wp\/v2\/product_brand?post=198268"},{"taxonomy":"product_cat","embeddable":true,"href":"https:\/\/aromasentia.com\/da\/wp-json\/wp\/v2\/product_cat?post=198268"},{"taxonomy":"product_tag","embeddable":true,"href":"https:\/\/aromasentia.com\/da\/wp-json\/wp\/v2\/product_tag?post=198268"}],"curies":[{"name":"wp","href":"https:\/\/api.w.org\/{rel}","templated":true}]}}