{"id":198267,"date":"2025-03-22T16:05:12","date_gmt":"2025-03-22T16:05:12","guid":{"rendered":"https:\/\/aromasentia.com\/product\/medium-ball-top-terarium-on-dark-tung-wood-17x22cm\/"},"modified":"2025-06-22T03:10:08","modified_gmt":"2025-06-22T03:10:08","slug":"medium-ball-top-terarium-paa-moerkt-tung-trae-17x22cm","status":"publish","type":"product","link":"https:\/\/aromasentia.com\/da\/medium-ball-top-terarium-paa-moerkt-tung-trae-17x22cm\/","title":{"rendered":"Medium Ball Top Terarium P\u00e5 M\u00f8rkt Tung-Tr\u00e6 &#8211; 17X22cm"},"content":{"rendered":"<p><span style=\"color: rgb(75, 80, 88);\"><strong>Medium kugleformet terrarium p\u00e5 m\u00f8rkt tungtr\u00e6<\/strong> er en stilfuld glasbeholder med en afrundet, sf\u00e6risk top, perfekt til at fremvise planter, miniaturer eller dekorative detaljer. Den m\u00f8rke tungtr\u00e6sbund st\u00e5r i elegant kontrast til glasset og tilf\u00f8jer et strejf af naturlig elegance.<\/span><\/p>\n<p><span style=\"color: rgb(75, 80, 88);\">At samle et terrarium er en dejlig og kreativ opgave, der giver en charmerende m\u00e5de at bringe lidt natur ind i ethvert rum. Disse terrarier er vidunderligt alsidige og er fantastiske gaver til en bred vifte af modtagere, herunder planteelskere, boligindretningsentusiaster og dem, der nyder at lave deres egen indretning.<\/span><\/p>\n<p><span style=\"color: rgb(75, 80, 88);\">Kombinationen af elegant glas og m\u00f8rkt tr\u00e6 giver et stilfuldt pr\u00e6g til ethvert milj\u00f8. Dette terrarium fungerer som et i\u00f8jnefaldende midtpunkt p\u00e5 sofaborde, sideborde eller hylder og passer perfekt til bordplader eller vindueskarme. Det giver ogs\u00e5 et varmt og indbydende pr\u00e6g, n\u00e5r det vises p\u00e5 entr\u00e9borde eller konsolborde.<\/span><\/p>\n<p><span style=\"color: rgb(75, 80, 88);\">Derudover er terrarier en fremragende tilf\u00f8jelse til kontormilj\u00f8er, da de tilf\u00f8jer et forfriskende strejf af gr\u00f8nt til skriveborde, bogreoler eller receptionsomr\u00e5der.<\/span><\/p>\n<p><span style=\"color: rgb(75, 80, 88);\">De kan skr\u00e6ddersys til s\u00e6rlige lejligheder som bryllupper, fester eller andre begivenheder, hvilket skaber karakteristiske midtpunktsdekorationer eller bet\u00e6nksomme gaver. Dine kunder vil helt sikkert s\u00e6tte pris p\u00e5 deres unikke appel.<\/span><\/p>\n<p><span style=\"color: rgb(75, 80, 88);\"><strong>St\u00f8rrelse<\/strong>: ca. 17&#215;22 cm<\/span><\/p>\n<p><span style=\"color: rgb(75, 80, 88);\">Terrarier har altid v\u00e6ret en<strong>&nbsp;&nbsp;<\/strong><strong>favorit inden for boligindretning og havetrends og afspejler perfekt den nuv\u00e6rende smag for indend\u00f8rs havearbejde, milj\u00f8venlighed og minimalistisk design.<\/strong><\/span><\/p>\n","protected":false},"excerpt":{"rendered":"<p>Medium kugleformet terrarium p\u00e5 m\u00f8rkt tungtr\u00e6 er en stilfuld glasbeholder med en afrundet, sf\u00e6risk top, perfekt til at fremvise planter, miniaturer eller dekorative detaljer. Den m\u00f8rke tungtr\u00e6sbund st\u00e5r i elegant kontrast til glasset og tilf\u00f8jer et strejf af naturlig elegance. At samle et terrarium er en dejlig og kreativ opgave, der giver en charmerende m\u00e5de [&hellip;]<\/p>\n","protected":false},"featured_media":367230,"comment_status":"closed","ping_status":"open","template":"","meta":{"_angie_page":false},"product_brand":[],"product_cat":[6281,5591],"product_tag":[],"class_list":{"0":"post-198267","1":"product","2":"type-product","3":"status-publish","4":"has-post-thumbnail","6":"product_cat-glasdekorationer","7":"product_cat-hjem-og-have","8":"pa_collection-glass-terrariums-da","9":"pa_made-in-kina","11":"first","12":"instock","13":"purchasable","14":"product-type-simple"},"supplier_id":null,"supplier_sku":"Gter-13","barcode":null,"atum_controlled":true,"out_stock_date":null,"out_stock_threshold":null,"inheritable":false,"inbound_stock":null,"stock_on_hold":0,"sold_today":0,"sales_last_days":0,"reserved_stock":null,"customer_returns":null,"warehouse_damage":null,"lost_in_post":null,"other_logs":null,"out_stock_days":0,"lost_sales":0,"has_location":null,"update_date":"2026-05-08T00:17:18","atum_locations":[],"atum_stock_status":"instock","restock_status":false,"low_stock_amount":"","sales_update_date":"2026-01-30T01:24:52","calc_backorders":null,"_links":{"self":[{"href":"https:\/\/aromasentia.com\/da\/wp-json\/wp\/v2\/product\/198267","targetHints":{"allow":["GET"]}}],"collection":[{"href":"https:\/\/aromasentia.com\/da\/wp-json\/wp\/v2\/product"}],"about":[{"href":"https:\/\/aromasentia.com\/da\/wp-json\/wp\/v2\/types\/product"}],"replies":[{"embeddable":true,"href":"https:\/\/aromasentia.com\/da\/wp-json\/wp\/v2\/comments?post=198267"}],"version-history":[{"count":0,"href":"https:\/\/aromasentia.com\/da\/wp-json\/wp\/v2\/product\/198267\/revisions"}],"wp:featuredmedia":[{"embeddable":true,"href":"https:\/\/aromasentia.com\/da\/wp-json\/wp\/v2\/media\/367230"}],"wp:attachment":[{"href":"https:\/\/aromasentia.com\/da\/wp-json\/wp\/v2\/media?parent=198267"}],"wp:term":[{"taxonomy":"product_brand","embeddable":true,"href":"https:\/\/aromasentia.com\/da\/wp-json\/wp\/v2\/product_brand?post=198267"},{"taxonomy":"product_cat","embeddable":true,"href":"https:\/\/aromasentia.com\/da\/wp-json\/wp\/v2\/product_cat?post=198267"},{"taxonomy":"product_tag","embeddable":true,"href":"https:\/\/aromasentia.com\/da\/wp-json\/wp\/v2\/product_tag?post=198267"}],"curies":[{"name":"wp","href":"https:\/\/api.w.org\/{rel}","templated":true}]}}