{"id":198266,"date":"2025-03-22T16:05:12","date_gmt":"2025-03-22T16:05:12","guid":{"rendered":"https:\/\/aromasentia.com\/product\/medium-shaped-terarium-on-dark-tung-wood-16x18cm\/"},"modified":"2025-06-22T03:10:07","modified_gmt":"2025-06-22T03:10:07","slug":"mediumformet-terarium-paa-moerkt-tung-trae-16x18cm","status":"publish","type":"product","link":"https:\/\/aromasentia.com\/da\/mediumformet-terarium-paa-moerkt-tung-trae-16x18cm\/","title":{"rendered":"Mediumformet Terarium P\u00e5 M\u00f8rkt Tung-Tr\u00e6 &#8211; 16X18cm"},"content":{"rendered":"<p><span style=\"color: rgb(75, 80, 88);\">Det <strong>mellemformede terrarium p\u00e5 m\u00f8rkt tungtr\u00e6<\/strong> er en stilfuld glasbeholder med et unikt design, ideel til at fremvise planter, miniaturer eller dekorative elementer. Den m\u00f8rke tungtr\u00e6sbase introducerer et element af elegance og giver en sl\u00e5ende naturlig kontrast til glasset.<\/span><\/p>\n<p><span style=\"color: rgb(75, 80, 88);\">At samle et terrarium er en sjov og kreativ aktivitet, der tilbyder en dejlig m\u00e5de at inkorporere naturen i dit hjem. Dette alsidige terrarium er en vidunderlig gave til forskellige m\u00e5lgrupper, herunder planteelskere, boligindretningsentusiaster og g\u00f8r-det-selv-entusiaster.<\/span><\/p>\n<p><span style=\"color: rgb(75, 80, 88);\">Med sit moderne glasdesign og den fyldige tr\u00e6base forbedrer dette terrarium ethvert rum. Det fungerer som en sl\u00e5ende accent p\u00e5 sofaborde, sideborde eller hylder og passer smukt p\u00e5 bordplader eller vindueskarme. Derudover skaber den et indbydende udtryk i entr\u00e9er eller p\u00e5 konsolborde.<\/span><\/p>\n<p><span style=\"color: rgb(75, 80, 88);\">Terrarier er ogs\u00e5 perfekte til at lyse kontormilj\u00f8er op. Placer dem p\u00e5 skriveborde, bogreoler eller receptionsomr\u00e5der for at introducere et forfriskende strejf af gr\u00f8nt.<\/span><\/p>\n<p><span style=\"color: rgb(75, 80, 88);\">Disse terrarier kan tilpasses til s\u00e6rlige begivenheder s\u00e5som bryllupper, fester eller andre fejringer, og tjene som unikke midtpunktsdekorationer eller mindev\u00e6rdige gaver, som dine kunder vil elske.<\/span><\/p>\n<p><span style=\"color: rgb(75, 80, 88);\"><strong>St\u00f8rrelse<\/strong>: ca. 16&#215;18 cm<\/span><\/p>\n<p><span style=\"color: rgb(75, 80, 88);\">Terrarier er fortsat en <strong>popul\u00e6r trend inden for boligindretning og havearbejde, der stemmer overens med moderne pr\u00e6ferencer for indend\u00f8rs havearbejde, b\u00e6redygtighed og minimalistisk \u00e6stetik.<\/strong><\/span><\/p>\n","protected":false},"excerpt":{"rendered":"<p>Det mellemformede terrarium p\u00e5 m\u00f8rkt tungtr\u00e6 er en stilfuld glasbeholder med et unikt design, ideel til at fremvise planter, miniaturer eller dekorative elementer. Den m\u00f8rke tungtr\u00e6sbase introducerer et element af elegance og giver en sl\u00e5ende naturlig kontrast til glasset. At samle et terrarium er en sjov og kreativ aktivitet, der tilbyder en dejlig m\u00e5de at [&hellip;]<\/p>\n","protected":false},"featured_media":367213,"comment_status":"closed","ping_status":"open","template":"","meta":{"_angie_page":false},"product_brand":[],"product_cat":[6281,5591],"product_tag":[],"class_list":{"0":"post-198266","1":"product","2":"type-product","3":"status-publish","4":"has-post-thumbnail","6":"product_cat-glasdekorationer","7":"product_cat-hjem-og-have","8":"pa_collection-glass-terrariums-da","9":"pa_made-in-kina","11":"first","12":"instock","13":"purchasable","14":"product-type-simple"},"supplier_id":null,"supplier_sku":"Gter-12","barcode":null,"atum_controlled":true,"out_stock_date":null,"out_stock_threshold":null,"inheritable":false,"inbound_stock":null,"stock_on_hold":0,"sold_today":0,"sales_last_days":0,"reserved_stock":null,"customer_returns":null,"warehouse_damage":null,"lost_in_post":null,"other_logs":null,"out_stock_days":0,"lost_sales":0,"has_location":null,"update_date":"2026-05-08T05:10:47","atum_locations":[],"atum_stock_status":"instock","restock_status":false,"low_stock_amount":"","sales_update_date":"2026-02-06T00:00:46","calc_backorders":null,"_links":{"self":[{"href":"https:\/\/aromasentia.com\/da\/wp-json\/wp\/v2\/product\/198266","targetHints":{"allow":["GET"]}}],"collection":[{"href":"https:\/\/aromasentia.com\/da\/wp-json\/wp\/v2\/product"}],"about":[{"href":"https:\/\/aromasentia.com\/da\/wp-json\/wp\/v2\/types\/product"}],"replies":[{"embeddable":true,"href":"https:\/\/aromasentia.com\/da\/wp-json\/wp\/v2\/comments?post=198266"}],"version-history":[{"count":0,"href":"https:\/\/aromasentia.com\/da\/wp-json\/wp\/v2\/product\/198266\/revisions"}],"wp:featuredmedia":[{"embeddable":true,"href":"https:\/\/aromasentia.com\/da\/wp-json\/wp\/v2\/media\/367213"}],"wp:attachment":[{"href":"https:\/\/aromasentia.com\/da\/wp-json\/wp\/v2\/media?parent=198266"}],"wp:term":[{"taxonomy":"product_brand","embeddable":true,"href":"https:\/\/aromasentia.com\/da\/wp-json\/wp\/v2\/product_brand?post=198266"},{"taxonomy":"product_cat","embeddable":true,"href":"https:\/\/aromasentia.com\/da\/wp-json\/wp\/v2\/product_cat?post=198266"},{"taxonomy":"product_tag","embeddable":true,"href":"https:\/\/aromasentia.com\/da\/wp-json\/wp\/v2\/product_tag?post=198266"}],"curies":[{"name":"wp","href":"https:\/\/api.w.org\/{rel}","templated":true}]}}