{"id":198265,"date":"2025-03-22T16:05:12","date_gmt":"2025-03-22T16:05:12","guid":{"rendered":"https:\/\/aromasentia.com\/product\/small-shaped-terarium-on-dark-tung-wood-12x13cm\/"},"modified":"2025-06-22T03:10:07","modified_gmt":"2025-06-22T03:10:07","slug":"lille-formet-terarium-paa-moerkt-tung-trae-12x13cm","status":"publish","type":"product","link":"https:\/\/aromasentia.com\/da\/lille-formet-terarium-paa-moerkt-tung-trae-12x13cm\/","title":{"rendered":"Lille Formet Terarium P\u00e5 M\u00f8rkt Tung-Tr\u00e6 &#8211; 12X13cm"},"content":{"rendered":"<p><span style=\"color: rgb(75, 80, 88);\">Det <strong>lille terrarium p\u00e5 m\u00f8rkt tungtr\u00e6<\/strong> er en charmerende glasbeholder med et unikt design, ideel til at fremvise planter, miniaturefigurer eller dekorative genstande. Den m\u00f8rke tungtr\u00e6sbase forbedrer den overordnede \u00e6stetik og tilf\u00f8jer en elegant og naturlig kontrast til glasset.<\/span><\/p>\n<p><span style=\"color: rgb(75, 80, 88);\">At skabe et terrarium er en dejlig og kreativ bestr\u00e6belse, der giver en vidunderlig m\u00e5de at bringe et strejf af naturen ind i dit hjem. Dette alsidige terrarium er en perfekt gave til forskellige personer, herunder planteentusiaster, boligindretningsentusiaster og g\u00f8r-det-selv-fans.<\/span><\/p>\n<p><span style=\"color: rgb(75, 80, 88);\">Med sin kompakte st\u00f8rrelse og stilfulde kombination af glas og m\u00f8rkt tr\u00e6 passer dette terrarium smukt ind i ethvert milj\u00f8. Det fungerer som en flot dekoration p\u00e5 skriveborde, hylder eller vindueskarme, og kan ogs\u00e5 oplyse entr\u00e9er eller konsolborde.<\/span><\/p>\n<p><span style=\"color: rgb(75, 80, 88);\">Derudover er terrarier fremragende til at give liv til kontoromr\u00e5der. Placer dem p\u00e5 skriveborde eller i receptionsomr\u00e5der for at introducere et forfriskende strejf af gr\u00f8nt.<\/span><\/p>\n<p><span style=\"color: rgb(75, 80, 88);\">Disse terrarier kan tilpasses til s\u00e6rlige lejligheder som bryllupper, fester eller andre begivenheder, og de fungerer som unikke midtpunktsdekorationer eller bet\u00e6nksomme gaver, som dine kunder vil v\u00e6rds\u00e6tte.<\/span><\/p>\n<p><span style=\"color: rgb(75, 80, 88);\"><strong>St\u00f8rrelse<\/strong>: 12&#215;13 cm<\/span><\/p>\n<p><span style=\"color: rgb(75, 80, 88);\">Terrarier er fortsat et <\/span><strong><span style=\"color: rgb(75, 80, 88);\">popul\u00e6rt valg inden for boligindretning og havearbejde, der stemmer overens med moderne trends inden for indend\u00f8rs havearbejde, b\u00e6redygtighed og minimalistisk design.<\/span><\/strong><\/p>\n","protected":false},"excerpt":{"rendered":"<p>Det lille terrarium p\u00e5 m\u00f8rkt tungtr\u00e6 er en charmerende glasbeholder med et unikt design, ideel til at fremvise planter, miniaturefigurer eller dekorative genstande. Den m\u00f8rke tungtr\u00e6sbase forbedrer den overordnede \u00e6stetik og tilf\u00f8jer en elegant og naturlig kontrast til glasset. At skabe et terrarium er en dejlig og kreativ bestr\u00e6belse, der giver en vidunderlig m\u00e5de at [&hellip;]<\/p>\n","protected":false},"featured_media":367196,"comment_status":"closed","ping_status":"open","template":"","meta":{"_angie_page":false},"product_brand":[],"product_cat":[6281,5591],"product_tag":[],"class_list":{"0":"post-198265","1":"product","2":"type-product","3":"status-publish","4":"has-post-thumbnail","6":"product_cat-glasdekorationer","7":"product_cat-hjem-og-have","8":"pa_collection-glass-terrariums-da","9":"pa_made-in-kina","11":"first","12":"instock","13":"purchasable","14":"product-type-simple"},"supplier_id":null,"supplier_sku":"Gter-11","barcode":null,"atum_controlled":true,"out_stock_date":null,"out_stock_threshold":null,"inheritable":false,"inbound_stock":null,"stock_on_hold":0,"sold_today":0,"sales_last_days":0,"reserved_stock":null,"customer_returns":null,"warehouse_damage":null,"lost_in_post":null,"other_logs":null,"out_stock_days":0,"lost_sales":0,"has_location":null,"update_date":"2026-05-08T05:10:47","atum_locations":[],"atum_stock_status":"instock","restock_status":false,"low_stock_amount":"","sales_update_date":"2026-01-30T01:25:00","calc_backorders":null,"_links":{"self":[{"href":"https:\/\/aromasentia.com\/da\/wp-json\/wp\/v2\/product\/198265","targetHints":{"allow":["GET"]}}],"collection":[{"href":"https:\/\/aromasentia.com\/da\/wp-json\/wp\/v2\/product"}],"about":[{"href":"https:\/\/aromasentia.com\/da\/wp-json\/wp\/v2\/types\/product"}],"replies":[{"embeddable":true,"href":"https:\/\/aromasentia.com\/da\/wp-json\/wp\/v2\/comments?post=198265"}],"version-history":[{"count":0,"href":"https:\/\/aromasentia.com\/da\/wp-json\/wp\/v2\/product\/198265\/revisions"}],"wp:featuredmedia":[{"embeddable":true,"href":"https:\/\/aromasentia.com\/da\/wp-json\/wp\/v2\/media\/367196"}],"wp:attachment":[{"href":"https:\/\/aromasentia.com\/da\/wp-json\/wp\/v2\/media?parent=198265"}],"wp:term":[{"taxonomy":"product_brand","embeddable":true,"href":"https:\/\/aromasentia.com\/da\/wp-json\/wp\/v2\/product_brand?post=198265"},{"taxonomy":"product_cat","embeddable":true,"href":"https:\/\/aromasentia.com\/da\/wp-json\/wp\/v2\/product_cat?post=198265"},{"taxonomy":"product_tag","embeddable":true,"href":"https:\/\/aromasentia.com\/da\/wp-json\/wp\/v2\/product_tag?post=198265"}],"curies":[{"name":"wp","href":"https:\/\/api.w.org\/{rel}","templated":true}]}}