{"id":198263,"date":"2025-03-22T16:05:12","date_gmt":"2025-03-22T16:05:12","guid":{"rendered":"https:\/\/aromasentia.com\/product\/medium-terarium-on-natural-tung-wood-15x15cm\/"},"modified":"2025-06-22T03:10:06","modified_gmt":"2025-06-22T03:10:06","slug":"medium-terarium-paa-naturligt-tung-trae-15x15cm","status":"publish","type":"product","link":"https:\/\/aromasentia.com\/da\/medium-terarium-paa-naturligt-tung-trae-15x15cm\/","title":{"rendered":"Medium Terarium P\u00e5 Naturligt Tung-Tr\u00e6 &#8211; 15X15cm"},"content":{"rendered":"<p><span style=\"color: rgb(75, 80, 88);\">Det <strong>mellemstore terrarium p\u00e5 naturligt tungtr\u00e6<\/strong> er en smukt designet glasbeholder, ideel til at vise et udvalg af planter, miniaturefigurer eller dekorative detaljer. Den naturlige tungtr\u00e6sbase tilf\u00f8jer et strejf af varme og organisk charme, hvilket forbedrer den overordnede \u00e6stetik.<\/span><\/p>\n<p><span style=\"color: rgb(75, 80, 88);\">At skabe et terrarium er en forn\u00f8jelig og fantasifuld oplevelse, der giver en vidunderlig m\u00e5de at bringe et stykke natur indenfor. Dette alsidige m\u00f8bel er en bet\u00e6nksom gave til planteentusiaster, boligindretningsentusiaster og g\u00f8r-det-selv-entusiaster.<\/span><\/p>\n<p><span style=\"color: rgb(75, 80, 88);\">Med sit kompakte, men rummelige design og elegante kombination af glas og naturligt tr\u00e6 kan dette terrarium fungere som et stilfuldt accessoire p\u00e5 sofaborde, hylder eller bordplader. Det er ogs\u00e5 en indbydende tilf\u00f8jelse til entr\u00e9er eller konsolborde.<\/span><\/p>\n<p><span style=\"color: rgb(75, 80, 88);\">Derudover er terrarier perfekte til at lyse kontorlokaler op og tilf\u00f8je et forfriskende strejf af gr\u00f8nt til skriveborde, bogreoler eller receptionsomr\u00e5der.<\/span><\/p>\n<p><span style=\"color: rgb(75, 80, 88);\">Disse terrarier kan tilpasses til s\u00e6rlige lejligheder s\u00e5som bryllupper, fester eller andre begivenheder, og fungerer som unikke midtpunktsdekorationer eller mindev\u00e6rdige gaver, som dine kunder vil v\u00e6rds\u00e6tte.<\/span><\/p>\n<p><span style=\"color: rgb(75, 80, 88);\"><strong>St\u00f8rrelse<\/strong>: 15&#215;15 cm<\/span><\/p>\n<p><span style=\"color: rgb(75, 80, 88);\">Terrarier er fortsat et <\/span><strong><span style=\"color: rgb(75, 80, 88);\">popul\u00e6rt valg i boligindretning og havearbejde, der afspejler moderne trends inden for indend\u00f8rs havearbejde, b\u00e6redygtighed og minimalistisk design.<\/span><\/strong><\/p>\n","protected":false},"excerpt":{"rendered":"<p>Det mellemstore terrarium p\u00e5 naturligt tungtr\u00e6 er en smukt designet glasbeholder, ideel til at vise et udvalg af planter, miniaturefigurer eller dekorative detaljer. Den naturlige tungtr\u00e6sbase tilf\u00f8jer et strejf af varme og organisk charme, hvilket forbedrer den overordnede \u00e6stetik. At skabe et terrarium er en forn\u00f8jelig og fantasifuld oplevelse, der giver en vidunderlig m\u00e5de at [&hellip;]<\/p>\n","protected":false},"featured_media":367162,"comment_status":"closed","ping_status":"open","template":"","meta":{"_angie_page":false},"product_brand":[],"product_cat":[6281,5591],"product_tag":[],"class_list":{"0":"post-198263","1":"product","2":"type-product","3":"status-publish","4":"has-post-thumbnail","6":"product_cat-glasdekorationer","7":"product_cat-hjem-og-have","8":"pa_collection-glass-terrariums-da","9":"pa_made-in-kina","11":"first","12":"instock","13":"purchasable","14":"product-type-simple"},"supplier_id":null,"supplier_sku":"Gter-09","barcode":null,"atum_controlled":true,"out_stock_date":null,"out_stock_threshold":null,"inheritable":false,"inbound_stock":null,"stock_on_hold":0,"sold_today":0,"sales_last_days":0,"reserved_stock":null,"customer_returns":null,"warehouse_damage":null,"lost_in_post":null,"other_logs":null,"out_stock_days":0,"lost_sales":0,"has_location":null,"update_date":"2026-05-08T00:17:18","atum_locations":[],"atum_stock_status":"instock","restock_status":false,"low_stock_amount":"","sales_update_date":"2026-01-30T01:24:34","calc_backorders":null,"_links":{"self":[{"href":"https:\/\/aromasentia.com\/da\/wp-json\/wp\/v2\/product\/198263","targetHints":{"allow":["GET"]}}],"collection":[{"href":"https:\/\/aromasentia.com\/da\/wp-json\/wp\/v2\/product"}],"about":[{"href":"https:\/\/aromasentia.com\/da\/wp-json\/wp\/v2\/types\/product"}],"replies":[{"embeddable":true,"href":"https:\/\/aromasentia.com\/da\/wp-json\/wp\/v2\/comments?post=198263"}],"version-history":[{"count":0,"href":"https:\/\/aromasentia.com\/da\/wp-json\/wp\/v2\/product\/198263\/revisions"}],"wp:featuredmedia":[{"embeddable":true,"href":"https:\/\/aromasentia.com\/da\/wp-json\/wp\/v2\/media\/367162"}],"wp:attachment":[{"href":"https:\/\/aromasentia.com\/da\/wp-json\/wp\/v2\/media?parent=198263"}],"wp:term":[{"taxonomy":"product_brand","embeddable":true,"href":"https:\/\/aromasentia.com\/da\/wp-json\/wp\/v2\/product_brand?post=198263"},{"taxonomy":"product_cat","embeddable":true,"href":"https:\/\/aromasentia.com\/da\/wp-json\/wp\/v2\/product_cat?post=198263"},{"taxonomy":"product_tag","embeddable":true,"href":"https:\/\/aromasentia.com\/da\/wp-json\/wp\/v2\/product_tag?post=198263"}],"curies":[{"name":"wp","href":"https:\/\/api.w.org\/{rel}","templated":true}]}}