{"id":198262,"date":"2025-03-22T16:05:12","date_gmt":"2025-03-22T16:05:12","guid":{"rendered":"https:\/\/aromasentia.com\/product\/small-terarium-on-natural-tung-wood-13x13cm\/"},"modified":"2025-06-22T03:10:06","modified_gmt":"2025-06-22T03:10:06","slug":"lille-terarium-paa-naturligt-tung-trae-13x13cm","status":"publish","type":"product","link":"https:\/\/aromasentia.com\/da\/lille-terarium-paa-naturligt-tung-trae-13x13cm\/","title":{"rendered":"Lille Terarium P\u00e5 Naturligt Tung-Tr\u00e6 &#8211; 13X13cm"},"content":{"rendered":"<p>Det <strong>lille terrarium i naturligt tungtr\u00e6<\/strong> er en dejlig glasbeholder designet til at fremvise en r\u00e6kke forskellige planter, miniaturefigurer eller dekorative elementer. Den naturlige tungtr\u00e6sbase tilf\u00f8jer et strejf af varme og karakter, hvilket forbedrer det overordnede udseende.<\/p>\n<p>At bygge et terrarium er en sjov og kreativ aktivitet, der tilbyder en charmerende m\u00e5de at bringe lidt natur ind i dit hjem. Dette alsidige m\u00f8bel er en vidunderlig gave til b\u00e5de planteelskere, boligindretningsentusiaster og g\u00f8r-det-selv-fans.<\/p>\n<p>Med sin kompakte st\u00f8rrelse og stilfulde kombination af glas og naturligt tr\u00e6 er dette terrarium perfekt til at fremh\u00e6ve skriveborde, hylder eller vindueskarme. Det er ogs\u00e5 en dejlig tilf\u00f8jelse til entr\u00e9er eller konsolborde.<\/p>\n<p>Derudover kan terrarier lyse kontoromr\u00e5der op og give et forfriskende strejf af gr\u00f8nt til skriveborde, bogreoler eller receptionsomr\u00e5der.<\/p>\n<p>Disse terrarier kan personligg\u00f8res til s\u00e6rlige lejligheder som bryllupper, fester eller andre begivenheder og tjene som unikke midtpunktsdekorationer eller bet\u00e6nksomme gaver, som dine kunder vil v\u00e6rds\u00e6tte.<\/p>\n<p><strong>St\u00f8rrelse<\/strong>: 13&#215;13 cm<\/p>\n<p>Terrarier har konsekvent v\u00e6ret en <strong>favorit inden for boligindretning og havearbejde, hvilket afspejler de nuv\u00e6rende trends inden for indend\u00f8rs havearbejde, b\u00e6redygtighed og minimalistisk design.<\/strong><\/p>\n","protected":false},"excerpt":{"rendered":"<p>Det lille terrarium i naturligt tungtr\u00e6 er en dejlig glasbeholder designet til at fremvise en r\u00e6kke forskellige planter, miniaturefigurer eller dekorative elementer. Den naturlige tungtr\u00e6sbase tilf\u00f8jer et strejf af varme og karakter, hvilket forbedrer det overordnede udseende. At bygge et terrarium er en sjov og kreativ aktivitet, der tilbyder en charmerende m\u00e5de at bringe lidt [&hellip;]<\/p>\n","protected":false},"featured_media":367145,"comment_status":"closed","ping_status":"open","template":"","meta":{"_angie_page":false},"product_brand":[],"product_cat":[6281,5591],"product_tag":[],"class_list":{"0":"post-198262","1":"product","2":"type-product","3":"status-publish","4":"has-post-thumbnail","6":"product_cat-glasdekorationer","7":"product_cat-hjem-og-have","8":"pa_collection-glass-terrariums-da","9":"pa_made-in-kina","11":"first","12":"instock","13":"purchasable","14":"product-type-simple"},"supplier_id":null,"supplier_sku":"Gter-08","barcode":null,"atum_controlled":true,"out_stock_date":null,"out_stock_threshold":null,"inheritable":false,"inbound_stock":null,"stock_on_hold":0,"sold_today":0,"sales_last_days":0,"reserved_stock":null,"customer_returns":null,"warehouse_damage":null,"lost_in_post":null,"other_logs":null,"out_stock_days":0,"lost_sales":0,"has_location":null,"update_date":"2026-05-08T00:17:18","atum_locations":[],"atum_stock_status":"instock","restock_status":false,"low_stock_amount":"","sales_update_date":"2026-01-30T01:24:59","calc_backorders":null,"_links":{"self":[{"href":"https:\/\/aromasentia.com\/da\/wp-json\/wp\/v2\/product\/198262","targetHints":{"allow":["GET"]}}],"collection":[{"href":"https:\/\/aromasentia.com\/da\/wp-json\/wp\/v2\/product"}],"about":[{"href":"https:\/\/aromasentia.com\/da\/wp-json\/wp\/v2\/types\/product"}],"replies":[{"embeddable":true,"href":"https:\/\/aromasentia.com\/da\/wp-json\/wp\/v2\/comments?post=198262"}],"version-history":[{"count":0,"href":"https:\/\/aromasentia.com\/da\/wp-json\/wp\/v2\/product\/198262\/revisions"}],"wp:featuredmedia":[{"embeddable":true,"href":"https:\/\/aromasentia.com\/da\/wp-json\/wp\/v2\/media\/367145"}],"wp:attachment":[{"href":"https:\/\/aromasentia.com\/da\/wp-json\/wp\/v2\/media?parent=198262"}],"wp:term":[{"taxonomy":"product_brand","embeddable":true,"href":"https:\/\/aromasentia.com\/da\/wp-json\/wp\/v2\/product_brand?post=198262"},{"taxonomy":"product_cat","embeddable":true,"href":"https:\/\/aromasentia.com\/da\/wp-json\/wp\/v2\/product_cat?post=198262"},{"taxonomy":"product_tag","embeddable":true,"href":"https:\/\/aromasentia.com\/da\/wp-json\/wp\/v2\/product_tag?post=198262"}],"curies":[{"name":"wp","href":"https:\/\/api.w.org\/{rel}","templated":true}]}}