{"id":198261,"date":"2025-03-22T16:05:12","date_gmt":"2025-03-22T16:05:12","guid":{"rendered":"https:\/\/aromasentia.com\/product\/mini-terarium-on-natural-tung-wood-10x10cm\/"},"modified":"2025-06-22T03:10:03","modified_gmt":"2025-06-22T03:10:03","slug":"mini-terarium-paa-naturligt-tung-trae-10x10cm","status":"publish","type":"product","link":"https:\/\/aromasentia.com\/da\/mini-terarium-paa-naturligt-tung-trae-10x10cm\/","title":{"rendered":"Mini Terarium P\u00e5 Naturligt Tung-Tr\u00e6 &#8211; 10X10cm"},"content":{"rendered":"<p><span style=\"color: rgb(75, 80, 88);\"><strong>Mini-terrariet p\u00e5 naturligt tungtr\u00e6<\/strong> er en charmerende lille glasbeholder, der er perfekt til at fremvise sm\u00e5 planter, miniaturefigurer eller dekorative detaljer. Den naturlige tungtr\u00e6sbase tilf\u00f8jer et strejf af varme og elegance, hvilket forbedrer dens samlede appel.<\/span><\/p>\n<p><span style=\"color: rgb(75, 80, 88);\">At skabe et terrarium er en dejlig og kreativ m\u00e5de at bringe et stykke natur ind i dit rum. Dette lille terrarium er en dejlig gave til planteentusiaster, boligindretningsentusiaster og g\u00f8r-det-selv-h\u00e5ndv\u00e6rkere.<\/span><\/p>\n<p><span style=\"color: rgb(75, 80, 88);\">Med sit kompakte design og stilfulde blanding af glas og naturligt tr\u00e6 passer dette terrarium smukt p\u00e5 skriveborde, hylder eller vindueskarme. Det er ogs\u00e5 en vidunderlig tilf\u00f8jelse til entr\u00e9er eller konsolborde.<\/span><\/p>\n<p><span style=\"color: rgb(75, 80, 88);\">Derudover er mini-terrarier ideelle til at lyse kontormilj\u00f8er op og tilf\u00f8je et forfriskende strejf af gr\u00f8nt til skriveborde eller receptionsomr\u00e5der.<\/span><\/p>\n<p><span style=\"color: rgb(75, 80, 88);\">Disse terrarier kan tilpasses til s\u00e6rlige lejligheder s\u00e5som bryllupper, fester eller andre begivenheder, og fungerer som unikke midtpunktsdekorationer eller bet\u00e6nksomme gaver, som dine kunder vil s\u00e6tte pris p\u00e5.<\/span><\/p>\n<p><span style=\"color: rgb(75, 80, 88);\"><strong>St\u00f8rrelse<\/strong>: 10&#215;10 cm<\/span><\/p>\n<p><span style=\"color: rgb(75, 80, 88);\">Mini-terrarier er fortsat et <strong>popul\u00e6rt valg inden for boligindretning og havearbejde, hvilket afspejler de nuv\u00e6rende trends inden for indend\u00f8rs havearbejde, b\u00e6redygtighed og minimalisme. \u00e6stetik.<\/strong><\/span><\/p>\n","protected":false},"excerpt":{"rendered":"<p>Mini-terrariet p\u00e5 naturligt tungtr\u00e6 er en charmerende lille glasbeholder, der er perfekt til at fremvise sm\u00e5 planter, miniaturefigurer eller dekorative detaljer. Den naturlige tungtr\u00e6sbase tilf\u00f8jer et strejf af varme og elegance, hvilket forbedrer dens samlede appel. At skabe et terrarium er en dejlig og kreativ m\u00e5de at bringe et stykke natur ind i dit rum. [&hellip;]<\/p>\n","protected":false},"featured_media":367128,"comment_status":"closed","ping_status":"open","template":"","meta":{"_angie_page":false},"product_brand":[],"product_cat":[6281,5591],"product_tag":[],"class_list":{"0":"post-198261","1":"product","2":"type-product","3":"status-publish","4":"has-post-thumbnail","6":"product_cat-glasdekorationer","7":"product_cat-hjem-og-have","8":"pa_collection-glass-terrariums-da","9":"pa_made-in-kina","11":"first","12":"instock","13":"purchasable","14":"product-type-simple"},"supplier_id":null,"supplier_sku":"Gter-07","barcode":null,"atum_controlled":true,"out_stock_date":null,"out_stock_threshold":null,"inheritable":false,"inbound_stock":null,"stock_on_hold":0,"sold_today":0,"sales_last_days":0,"reserved_stock":null,"customer_returns":null,"warehouse_damage":null,"lost_in_post":null,"other_logs":null,"out_stock_days":0,"lost_sales":0,"has_location":null,"update_date":"2026-05-08T00:17:18","atum_locations":[],"atum_stock_status":"instock","restock_status":false,"low_stock_amount":"","sales_update_date":"2026-01-30T01:25:00","calc_backorders":null,"_links":{"self":[{"href":"https:\/\/aromasentia.com\/da\/wp-json\/wp\/v2\/product\/198261","targetHints":{"allow":["GET"]}}],"collection":[{"href":"https:\/\/aromasentia.com\/da\/wp-json\/wp\/v2\/product"}],"about":[{"href":"https:\/\/aromasentia.com\/da\/wp-json\/wp\/v2\/types\/product"}],"replies":[{"embeddable":true,"href":"https:\/\/aromasentia.com\/da\/wp-json\/wp\/v2\/comments?post=198261"}],"version-history":[{"count":0,"href":"https:\/\/aromasentia.com\/da\/wp-json\/wp\/v2\/product\/198261\/revisions"}],"wp:featuredmedia":[{"embeddable":true,"href":"https:\/\/aromasentia.com\/da\/wp-json\/wp\/v2\/media\/367128"}],"wp:attachment":[{"href":"https:\/\/aromasentia.com\/da\/wp-json\/wp\/v2\/media?parent=198261"}],"wp:term":[{"taxonomy":"product_brand","embeddable":true,"href":"https:\/\/aromasentia.com\/da\/wp-json\/wp\/v2\/product_brand?post=198261"},{"taxonomy":"product_cat","embeddable":true,"href":"https:\/\/aromasentia.com\/da\/wp-json\/wp\/v2\/product_cat?post=198261"},{"taxonomy":"product_tag","embeddable":true,"href":"https:\/\/aromasentia.com\/da\/wp-json\/wp\/v2\/product_tag?post=198261"}],"curies":[{"name":"wp","href":"https:\/\/api.w.org\/{rel}","templated":true}]}}