{"id":198256,"date":"2025-03-22T16:05:12","date_gmt":"2025-03-22T16:05:12","guid":{"rendered":"https:\/\/aromasentia.com\/product\/glass-terrarium-large-pyramid\/"},"modified":"2025-06-22T03:10:01","modified_gmt":"2025-06-22T03:10:01","slug":"terrarium-i-glas-stor-pyramide","status":"publish","type":"product","link":"https:\/\/aromasentia.com\/da\/terrarium-i-glas-stor-pyramide\/","title":{"rendered":"Terrarium I Glas &#8211; Stor Pyramide"},"content":{"rendered":"<p>En hyldest til naturen fanget under delikat glas. En fantastisk m\u00e5de at holde dit interi\u00f8r friskt p\u00e5. Designet med glaspaneler og en robust jernramme.<\/p>\n<p>Perfekt til at huse sukkulenter eller luftplanter, andre dekorationer eller endda bruge som smykkeorganisatorer&#8230; de er en fantastisk m\u00e5de at vise dine yndlingsplanter frem p\u00e5 og er en vidunderlig tilf\u00f8jelse til ethvert hjem.<\/p>\n<p>Det stilfulde geometriske design tilf\u00f8jer ogs\u00e5 et frisk look til ethvert rum. Et fantastisk terrarium.<\/p>\n<p>Terriatet er lavet af klart glas for fuld lyseksponering og \u00e5bner sig, s\u00e5 terrariet kan dekoreres p\u00e5 flere m\u00e5der, og de fleste former leveres med oph\u00e6ng p\u00e5 toppen, s\u00e5 du kan h\u00e6nge terrarier overalt i rummet.<\/p>\n<p><\/p>\n","protected":false},"excerpt":{"rendered":"<p>En hyldest til naturen fanget under delikat glas. En fantastisk m\u00e5de at holde dit interi\u00f8r friskt p\u00e5. Designet med glaspaneler og en robust jernramme. Perfekt til at huse sukkulenter eller luftplanter, andre dekorationer eller endda bruge som smykkeorganisatorer&#8230; de er en fantastisk m\u00e5de at vise dine yndlingsplanter frem p\u00e5 og er en vidunderlig tilf\u00f8jelse til [&hellip;]<\/p>\n","protected":false},"featured_media":366875,"comment_status":"closed","ping_status":"open","template":"","meta":{"_angie_page":false},"product_brand":[],"product_cat":[6281,5591],"product_tag":[],"class_list":{"0":"post-198256","1":"product","2":"type-product","3":"status-publish","4":"has-post-thumbnail","6":"product_cat-glasdekorationer","7":"product_cat-hjem-og-have","8":"pa_collection-glass-terrariums-da","9":"pa_made-in-kina","11":"first","12":"instock","13":"purchasable","14":"product-type-simple"},"supplier_id":null,"supplier_sku":"GTer-02","barcode":null,"atum_controlled":true,"out_stock_date":null,"out_stock_threshold":null,"inheritable":false,"inbound_stock":null,"stock_on_hold":0,"sold_today":0,"sales_last_days":0,"reserved_stock":null,"customer_returns":null,"warehouse_damage":null,"lost_in_post":null,"other_logs":null,"out_stock_days":0,"lost_sales":0,"has_location":null,"update_date":"2026-04-27T07:06:18","atum_locations":[],"atum_stock_status":"instock","restock_status":false,"low_stock_amount":"","sales_update_date":"2026-01-30T01:24:24","calc_backorders":null,"_links":{"self":[{"href":"https:\/\/aromasentia.com\/da\/wp-json\/wp\/v2\/product\/198256","targetHints":{"allow":["GET"]}}],"collection":[{"href":"https:\/\/aromasentia.com\/da\/wp-json\/wp\/v2\/product"}],"about":[{"href":"https:\/\/aromasentia.com\/da\/wp-json\/wp\/v2\/types\/product"}],"replies":[{"embeddable":true,"href":"https:\/\/aromasentia.com\/da\/wp-json\/wp\/v2\/comments?post=198256"}],"version-history":[{"count":0,"href":"https:\/\/aromasentia.com\/da\/wp-json\/wp\/v2\/product\/198256\/revisions"}],"wp:featuredmedia":[{"embeddable":true,"href":"https:\/\/aromasentia.com\/da\/wp-json\/wp\/v2\/media\/366875"}],"wp:attachment":[{"href":"https:\/\/aromasentia.com\/da\/wp-json\/wp\/v2\/media?parent=198256"}],"wp:term":[{"taxonomy":"product_brand","embeddable":true,"href":"https:\/\/aromasentia.com\/da\/wp-json\/wp\/v2\/product_brand?post=198256"},{"taxonomy":"product_cat","embeddable":true,"href":"https:\/\/aromasentia.com\/da\/wp-json\/wp\/v2\/product_cat?post=198256"},{"taxonomy":"product_tag","embeddable":true,"href":"https:\/\/aromasentia.com\/da\/wp-json\/wp\/v2\/product_tag?post=198256"}],"curies":[{"name":"wp","href":"https:\/\/api.w.org\/{rel}","templated":true}]}}