{"id":198253,"date":"2025-03-22T16:05:12","date_gmt":"2025-03-22T16:05:12","guid":{"rendered":"https:\/\/aromasentia.com\/product\/grand-cadre-en-fer-ganpati-en-relief-dore-antique-07x1m\/"},"modified":"2025-06-22T03:09:59","modified_gmt":"2025-06-22T03:09:59","slug":"grand-cadre-en-fer-ganpati-en-relief-dore-antique-07x1m","status":"publish","type":"product","link":"https:\/\/aromasentia.com\/da\/grand-cadre-en-fer-ganpati-en-relief-dore-antique-07x1m\/","title":{"rendered":"grand Cadre En Fer Ganpati En Relief Dor\u00e9 Antique &#8211; 0,7X1m"},"content":{"rendered":"<p>Udsmyk dit hellige rum med denne Grand Cadre en Fer Ganpati en Relief Dor\u00e9 Antique. Denne store jernramme, der m\u00e5ler 0,7 x 1 m, har et fantastisk antikt guldrelief af Lord Ganpati (Ganesha), der fjerner forhindringer og bringer lykke. Dens imponerende st\u00f8rrelse og indviklede detaljer g\u00f8r den til et kraftfuldt og lykkebringende omdrejningspunkt for ethvert rum, meditationsomr\u00e5de eller tempel, hvor den p\u00e5kalder velsignelser, visdom og guddommelig tilstedev\u00e6relse med sit traditionelle, overd\u00e5dige kunsth\u00e5ndv\u00e6rk.<\/p>\n","protected":false},"excerpt":{"rendered":"<p>Udsmyk dit hellige rum med denne Grand Cadre en Fer Ganpati en Relief Dor\u00e9 Antique. Denne store jernramme, der m\u00e5ler 0,7 x 1 m, har et fantastisk antikt guldrelief af Lord Ganpati (Ganesha), der fjerner forhindringer og bringer lykke. Dens imponerende st\u00f8rrelse og indviklede detaljer g\u00f8r den til et kraftfuldt og lykkebringende omdrejningspunkt for ethvert [&hellip;]<\/p>\n","protected":false},"featured_media":366808,"comment_status":"closed","ping_status":"open","template":"","meta":{"_angie_page":false},"product_brand":[],"product_cat":[5591,6422],"product_tag":[],"class_list":{"0":"post-198253","1":"product","2":"type-product","3":"status-publish","4":"has-post-thumbnail","6":"product_cat-hjem-og-have","7":"product_cat-statuer-og-figurer","8":"pa_collection-extra-large-buddha-statues-da","9":"pa_made-in-indonesien","11":"first","12":"instock","13":"purchasable","14":"product-type-simple"},"supplier_id":null,"supplier_sku":"GAS-12","barcode":null,"atum_controlled":true,"out_stock_date":null,"out_stock_threshold":null,"inheritable":false,"inbound_stock":null,"stock_on_hold":0,"sold_today":0,"sales_last_days":0,"reserved_stock":null,"customer_returns":null,"warehouse_damage":null,"lost_in_post":null,"other_logs":null,"out_stock_days":0,"lost_sales":0,"has_location":null,"update_date":"2026-04-27T07:04:52","atum_locations":[],"atum_stock_status":"instock","restock_status":false,"low_stock_amount":"","sales_update_date":"2025-09-05T00:28:25","calc_backorders":null,"_links":{"self":[{"href":"https:\/\/aromasentia.com\/da\/wp-json\/wp\/v2\/product\/198253","targetHints":{"allow":["GET"]}}],"collection":[{"href":"https:\/\/aromasentia.com\/da\/wp-json\/wp\/v2\/product"}],"about":[{"href":"https:\/\/aromasentia.com\/da\/wp-json\/wp\/v2\/types\/product"}],"replies":[{"embeddable":true,"href":"https:\/\/aromasentia.com\/da\/wp-json\/wp\/v2\/comments?post=198253"}],"version-history":[{"count":0,"href":"https:\/\/aromasentia.com\/da\/wp-json\/wp\/v2\/product\/198253\/revisions"}],"wp:featuredmedia":[{"embeddable":true,"href":"https:\/\/aromasentia.com\/da\/wp-json\/wp\/v2\/media\/366808"}],"wp:attachment":[{"href":"https:\/\/aromasentia.com\/da\/wp-json\/wp\/v2\/media?parent=198253"}],"wp:term":[{"taxonomy":"product_brand","embeddable":true,"href":"https:\/\/aromasentia.com\/da\/wp-json\/wp\/v2\/product_brand?post=198253"},{"taxonomy":"product_cat","embeddable":true,"href":"https:\/\/aromasentia.com\/da\/wp-json\/wp\/v2\/product_cat?post=198253"},{"taxonomy":"product_tag","embeddable":true,"href":"https:\/\/aromasentia.com\/da\/wp-json\/wp\/v2\/product_tag?post=198253"}],"curies":[{"name":"wp","href":"https:\/\/api.w.org\/{rel}","templated":true}]}}