{"id":198240,"date":"2025-03-22T16:05:12","date_gmt":"2025-03-22T16:05:12","guid":{"rendered":"https:\/\/aromasentia.com\/product\/6x-felt-flowers-red-roses\/"},"modified":"2025-06-22T03:09:52","modified_gmt":"2025-06-22T03:09:52","slug":"6x-filtblomster-roede-roser","status":"publish","type":"product","link":"https:\/\/aromasentia.com\/da\/6x-filtblomster-roede-roser\/","title":{"rendered":"6X Filtblomster &#8211; R\u00f8de Roser"},"content":{"rendered":"<p><span style=\"color: rgb(75, 80, 88);\"><strong>S\u00e6t med 6 r\u00f8de filtroser \u2013 h\u00e5ndlavet, milj\u00f8venlig blomsterdekoration<\/strong><\/span><\/p>\n<p><span style=\"color: rgb(75, 80, 88);\">Bring tidl\u00f8s elegance til ethvert rum med dette s\u00e6t med 6 r\u00f8de filtroser, smukt h\u00e5ndlavet af bl\u00f8dt, holdbart filt. Disse milj\u00f8venlige roser tilf\u00f8jer et romantisk og sofistikeret pr\u00e6g til boligindretning, h\u00e5ndv\u00e6rksprojekter eller s\u00e6rlige lejligheder.<\/span><\/p>\n<p><span style=\"color: rgb(75, 80, 88);\">Med deres rige r\u00f8de nuance og realistiske design er disse filtroser et perfekt valg til bryllupper, Valentinsdag, jubil\u00e6er eller g\u00f8r-det-selv-blomsterarrangementer, der tilbyder sk\u00f8nheden af friske blomster uden vedligeholdelsen. Uanset om de bruges i buketter, bordpynt eller gaveudsmykninger, bringer de varme og charme til enhver setting.<\/span><\/p>\n<p><span style=\"color: rgb(75, 80, 88);\">Ideel til milj\u00f8bevidste kunder, eventplanl\u00e6ggere og boligdekorat\u00f8rer, giver disse h\u00e5ndlavede filtroser et b\u00e6redygtigt og elegant blomsteralternativ.<\/span><\/p>\n","protected":false},"excerpt":{"rendered":"<p>S\u00e6t med 6 r\u00f8de filtroser \u2013 h\u00e5ndlavet, milj\u00f8venlig blomsterdekoration Bring tidl\u00f8s elegance til ethvert rum med dette s\u00e6t med 6 r\u00f8de filtroser, smukt h\u00e5ndlavet af bl\u00f8dt, holdbart filt. Disse milj\u00f8venlige roser tilf\u00f8jer et romantisk og sofistikeret pr\u00e6g til boligindretning, h\u00e5ndv\u00e6rksprojekter eller s\u00e6rlige lejligheder. Med deres rige r\u00f8de nuance og realistiske design er disse filtroser et [&hellip;]<\/p>\n","protected":false},"featured_media":366571,"comment_status":"closed","ping_status":"open","template":"","meta":{"_angie_page":false},"product_brand":[],"product_cat":[5591],"product_tag":[],"class_list":{"0":"post-198240","1":"product","2":"type-product","3":"status-publish","4":"has-post-thumbnail","6":"product_cat-hjem-og-have","7":"pa_collection-set-of-6-felt-red-roses-da","8":"pa_made-in-nepal","10":"first","11":"instock","12":"purchasable","13":"product-type-simple"},"supplier_id":null,"supplier_sku":"FFow-02","barcode":null,"atum_controlled":true,"out_stock_date":null,"out_stock_threshold":null,"inheritable":false,"inbound_stock":null,"stock_on_hold":0,"sold_today":0,"sales_last_days":0,"reserved_stock":null,"customer_returns":null,"warehouse_damage":null,"lost_in_post":null,"other_logs":null,"out_stock_days":0,"lost_sales":0,"has_location":null,"update_date":"2026-04-27T19:08:26","atum_locations":[],"atum_stock_status":"instock","restock_status":false,"low_stock_amount":"","sales_update_date":"2026-01-30T01:24:43","calc_backorders":null,"_links":{"self":[{"href":"https:\/\/aromasentia.com\/da\/wp-json\/wp\/v2\/product\/198240","targetHints":{"allow":["GET"]}}],"collection":[{"href":"https:\/\/aromasentia.com\/da\/wp-json\/wp\/v2\/product"}],"about":[{"href":"https:\/\/aromasentia.com\/da\/wp-json\/wp\/v2\/types\/product"}],"replies":[{"embeddable":true,"href":"https:\/\/aromasentia.com\/da\/wp-json\/wp\/v2\/comments?post=198240"}],"version-history":[{"count":0,"href":"https:\/\/aromasentia.com\/da\/wp-json\/wp\/v2\/product\/198240\/revisions"}],"wp:featuredmedia":[{"embeddable":true,"href":"https:\/\/aromasentia.com\/da\/wp-json\/wp\/v2\/media\/366571"}],"wp:attachment":[{"href":"https:\/\/aromasentia.com\/da\/wp-json\/wp\/v2\/media?parent=198240"}],"wp:term":[{"taxonomy":"product_brand","embeddable":true,"href":"https:\/\/aromasentia.com\/da\/wp-json\/wp\/v2\/product_brand?post=198240"},{"taxonomy":"product_cat","embeddable":true,"href":"https:\/\/aromasentia.com\/da\/wp-json\/wp\/v2\/product_cat?post=198240"},{"taxonomy":"product_tag","embeddable":true,"href":"https:\/\/aromasentia.com\/da\/wp-json\/wp\/v2\/product_tag?post=198240"}],"curies":[{"name":"wp","href":"https:\/\/api.w.org\/{rel}","templated":true}]}}