{"id":198239,"date":"2025-03-22T16:05:12","date_gmt":"2025-03-22T16:05:12","guid":{"rendered":"https:\/\/aromasentia.com\/product\/6x-felt-flowers-roses-assorted-colours\/"},"modified":"2025-06-22T03:09:51","modified_gmt":"2025-06-22T03:09:51","slug":"6x-filtblomster-roser-assorterede-farver","status":"publish","type":"product","link":"https:\/\/aromasentia.com\/da\/6x-filtblomster-roser-assorterede-farver\/","title":{"rendered":"6X Filtblomster &#8211; Roser (Assorterede Farver)"},"content":{"rendered":"<p><span style=\"color: rgb(75, 80, 88);\"><strong>S\u00e6t med 6 filtroser \u2013 h\u00e5ndlavet, milj\u00f8venlig blomsterdekoration<\/strong><\/span><\/p>\n<p><span style=\"color: rgb(75, 80, 88);\">Oplys ethvert rum med dette charmerende s\u00e6t med 6 filtroser, der f\u00e5s i et smukt udvalg af farver. Hver rose er omhyggeligt h\u00e5ndlavet af bl\u00f8dt, holdbart filt, hvilket tilbyder et langvarigt og milj\u00f8venligt alternativ til rigtige blomster.<\/span><\/p>\n<p><span style=\"color: rgb(75, 80, 88);\">Perfekt til boligindretning, hobbyprojekter eller unikke gavedekorationer, disse filtroser tilf\u00f8jer et strejf af elegance og kreativitet til ethvert milj\u00f8. Deres livlige farver og realistiske design g\u00f8r dem til et alsidigt valg til bryllupper, blomsterarrangementer, g\u00f8r-det-selv-projekter eller s\u00e6sonbestemte dekorationer.<\/span><\/p>\n<p><span style=\"color: rgb(75, 80, 88);\">Ideelle til milj\u00f8bevidste kunder, kunsth\u00e5ndv\u00e6rkere og boligindretningsfolk, disse h\u00e5ndlavede filtroser bringer en b\u00e6redygtig og tidl\u00f8s blomstercharme til ethvert rum.<\/span><\/p>\n","protected":false},"excerpt":{"rendered":"<p>S\u00e6t med 6 filtroser \u2013 h\u00e5ndlavet, milj\u00f8venlig blomsterdekoration Oplys ethvert rum med dette charmerende s\u00e6t med 6 filtroser, der f\u00e5s i et smukt udvalg af farver. Hver rose er omhyggeligt h\u00e5ndlavet af bl\u00f8dt, holdbart filt, hvilket tilbyder et langvarigt og milj\u00f8venligt alternativ til rigtige blomster. Perfekt til boligindretning, hobbyprojekter eller unikke gavedekorationer, disse filtroser tilf\u00f8jer [&hellip;]<\/p>\n","protected":false},"featured_media":366506,"comment_status":"closed","ping_status":"open","template":"","meta":{"_angie_page":false},"product_brand":[],"product_cat":[5591],"product_tag":[],"class_list":{"0":"post-198239","1":"product","2":"type-product","3":"status-publish","4":"has-post-thumbnail","6":"product_cat-hjem-og-have","7":"pa_collection-set-of-6-felt-red-roses-da","8":"pa_made-in-nepal","10":"first","11":"instock","12":"purchasable","13":"product-type-simple"},"supplier_id":null,"supplier_sku":"FFow-01","barcode":null,"atum_controlled":true,"out_stock_date":null,"out_stock_threshold":null,"inheritable":false,"inbound_stock":null,"stock_on_hold":0,"sold_today":0,"sales_last_days":0,"reserved_stock":null,"customer_returns":null,"warehouse_damage":null,"lost_in_post":null,"other_logs":null,"out_stock_days":0,"lost_sales":0,"has_location":null,"update_date":"2026-04-27T07:02:47","atum_locations":[],"atum_stock_status":"instock","restock_status":false,"low_stock_amount":"","sales_update_date":"2026-01-30T01:24:24","calc_backorders":null,"_links":{"self":[{"href":"https:\/\/aromasentia.com\/da\/wp-json\/wp\/v2\/product\/198239","targetHints":{"allow":["GET"]}}],"collection":[{"href":"https:\/\/aromasentia.com\/da\/wp-json\/wp\/v2\/product"}],"about":[{"href":"https:\/\/aromasentia.com\/da\/wp-json\/wp\/v2\/types\/product"}],"replies":[{"embeddable":true,"href":"https:\/\/aromasentia.com\/da\/wp-json\/wp\/v2\/comments?post=198239"}],"version-history":[{"count":0,"href":"https:\/\/aromasentia.com\/da\/wp-json\/wp\/v2\/product\/198239\/revisions"}],"wp:featuredmedia":[{"embeddable":true,"href":"https:\/\/aromasentia.com\/da\/wp-json\/wp\/v2\/media\/366506"}],"wp:attachment":[{"href":"https:\/\/aromasentia.com\/da\/wp-json\/wp\/v2\/media?parent=198239"}],"wp:term":[{"taxonomy":"product_brand","embeddable":true,"href":"https:\/\/aromasentia.com\/da\/wp-json\/wp\/v2\/product_brand?post=198239"},{"taxonomy":"product_cat","embeddable":true,"href":"https:\/\/aromasentia.com\/da\/wp-json\/wp\/v2\/product_cat?post=198239"},{"taxonomy":"product_tag","embeddable":true,"href":"https:\/\/aromasentia.com\/da\/wp-json\/wp\/v2\/product_tag?post=198239"}],"curies":[{"name":"wp","href":"https:\/\/api.w.org\/{rel}","templated":true}]}}